{"id":1243,"date":"2025-03-29T11:25:51","date_gmt":"2025-03-29T10:25:51","guid":{"rendered":"https:\/\/elementer.cz\/?page_id=1243"},"modified":"2025-03-29T11:45:00","modified_gmt":"2025-03-29T10:45:00","slug":"je-vhodne-pro-uceni-pouzivat-umelou-inteligenci","status":"publish","type":"page","link":"https:\/\/elementer.cz\/en\/clanky\/je-vhodne-pro-uceni-pouzivat-umelou-inteligenci\/","title":{"rendered":"Je vhodn\u00e9 pro u\u010den\u00ed pou\u017e\u00edvat um\u011blou inteligenci?"},"content":{"rendered":"<div data-elementor-type=\"wp-page\" data-elementor-id=\"1243\" class=\"elementor elementor-1243\">\n\t\t\t\t<div class=\"elementor-element elementor-element-a56d276 e-flex e-con-boxed e-con e-parent\" data-id=\"a56d276\" data-element_type=\"container\" data-e-type=\"container\">\n\t\t\t\t\t<div class=\"e-con-inner\">\n\t\t<div class=\"elementor-element elementor-element-d5fb8b1 e-con-full e-flex e-con e-child\" data-id=\"d5fb8b1\" data-element_type=\"container\" data-e-type=\"container\">\n\t\t\t\t<div class=\"elementor-element elementor-element-d3a309f elementor-widget elementor-widget-heading\" data-id=\"d3a309f\" data-element_type=\"widget\" data-e-type=\"widget\" data-widget_type=\"heading.default\">\n\t\t\t\t<div class=\"elementor-widget-container\">\n\t\t\t\t\t<h1 class=\"elementor-heading-title elementor-size-default\">Je vhodn\u00e9 pro u\u010den\u00ed pou\u017e\u00edvat um\u011blou inteligenci?\n<\/h1>\t\t\t\t<\/div>\n\t\t\t\t<\/div>\n\t\t\t\t<div class=\"elementor-element elementor-element-761d08e elementor-widget-divider--view-line elementor-widget elementor-widget-divider\" data-id=\"761d08e\" data-element_type=\"widget\" data-e-type=\"widget\" data-widget_type=\"divider.default\">\n\t\t\t\t<div class=\"elementor-widget-container\">\n\t\t\t\t\t\t\t<div class=\"elementor-divider\">\n\t\t\t<span class=\"elementor-divider-separator\">\n\t\t\t\t\t\t<\/span>\n\t\t<\/div>\n\t\t\t\t\t\t<\/div>\n\t\t\t\t<\/div>\n\t\t\t\t<\/div>\n\t\t\t\t\t<\/div>\n\t\t\t\t<\/div>\n\t\t<div class=\"elementor-element elementor-element-499a889 e-flex e-con-boxed e-con e-parent\" data-id=\"499a889\" data-element_type=\"container\" data-e-type=\"container\">\n\t\t\t\t\t<div class=\"e-con-inner\">\n\t\t<div class=\"elementor-element elementor-element-24857eb e-con-full e-flex e-con e-child\" data-id=\"24857eb\" data-element_type=\"container\" data-e-type=\"container\">\n\t\t<div class=\"elementor-element elementor-element-122b6e5 e-con-full e-flex e-con e-child\" data-id=\"122b6e5\" data-element_type=\"container\" data-e-type=\"container\">\n\t\t<div class=\"elementor-element elementor-element-a7315a3 e-con-full e-flex e-con e-child\" data-id=\"a7315a3\" data-element_type=\"container\" data-e-type=\"container\">\n\t\t<div class=\"elementor-element elementor-element-4ad1e23 e-con-full e-flex e-con e-child\" data-id=\"4ad1e23\" data-element_type=\"container\" data-e-type=\"container\">\n\t\t\t\t<div class=\"elementor-element elementor-element-392ccf6 elementor-widget elementor-widget-image\" data-id=\"392ccf6\" data-element_type=\"widget\" data-e-type=\"widget\" data-widget_type=\"image.default\">\n\t\t\t\t<div class=\"elementor-widget-container\">\n\t\t\t\t\t\t\t\t\t\t\t\t\t\t\t<img fetchpriority=\"high\" decoding=\"async\" width=\"700\" height=\"700\" src=\"https:\/\/elementer.cz\/wp-content\/uploads\/4-1.jpg\" class=\"attachment-large size-large wp-image-1254\" alt=\"\" srcset=\"https:\/\/elementer.cz\/wp-content\/uploads\/4-1.jpg 700w, https:\/\/elementer.cz\/wp-content\/uploads\/4-1-300x300.jpg 300w, https:\/\/elementer.cz\/wp-content\/uploads\/4-1-150x150.jpg 150w\" sizes=\"(max-width: 700px) 100vw, 700px\" \/>\t\t\t\t\t\t\t\t\t\t\t\t\t\t\t<\/div>\n\t\t\t\t<\/div>\n\t\t\t\t<\/div>\n\t\t<div class=\"elementor-element elementor-element-e9770c1 e-con-full e-flex e-con e-child\" data-id=\"e9770c1\" data-element_type=\"container\" data-e-type=\"container\">\n\t\t\t\t<div class=\"elementor-element elementor-element-10f76ee elementor-widget elementor-widget-text-editor\" data-id=\"10f76ee\" data-element_type=\"widget\" data-e-type=\"widget\" data-widget_type=\"text-editor.default\">\n\t\t\t\t<div class=\"elementor-widget-container\">\n\t\t\t\t\t\t\t\t\t<p>Tradi\u010dn\u00ed v\u00fduka u\u010ditelem je metoda, kterou v\u0161ichni dob\u0159e zn\u00e1me. N\u011bkdy n\u00e1m sedne, jindy m\u00e9n\u011b, a ob\u010das, i kdy\u017e se u\u010ditel maxim\u00e1ln\u011b sna\u017e\u00ed, \u017e\u00e1k nepochop\u00ed u\u010divo. Tento probl\u00e9m \u010dasto pramen\u00ed z rozd\u00edln\u00fdch \u00farovn\u00ed a hranic, kter\u00e9 maj\u00ed u\u010ditel\u00e9 i \u017e\u00e1ci.<\/p>\t\t\t\t\t\t\t\t<\/div>\n\t\t\t\t<\/div>\n\t\t\t\t<\/div>\n\t\t\t\t<\/div>\n\t\t\t\t<div class=\"elementor-element elementor-element-44448bb elementor-widget elementor-widget-text-editor\" data-id=\"44448bb\" data-element_type=\"widget\" data-e-type=\"widget\" data-widget_type=\"text-editor.default\">\n\t\t\t\t<div class=\"elementor-widget-container\">\n\t\t\t\t\t\t\t\t\t<p>P\u0159edstavme si \u00farove\u0148 u\u010ditele a \u017e\u00e1ka jako \u010d\u00edslo. Nap\u0159\u00edklad u\u010ditel m\u016f\u017ee m\u00edt \u00farove\u0148 3 a \u017e\u00e1k \u00farove\u0148 1. Pokud u\u010ditel dok\u00e1\u017ee efektivn\u011b u\u010dit na \u00farovn\u00edch 1-3, v\u00fduka bude \u00fasp\u011b\u0161n\u00e1. Co se ale stane, kdy\u017e m\u00e1 u\u010ditel \u00farove\u0148 20 a \u017e\u00e1k st\u00e1le \u00farove\u0148 1? I kdy\u017e je u\u010ditel v\u00fdjime\u010dn\u011b schopn\u00fd, jeho v\u00fduka bude p\u0159\u00edli\u0161 pokro\u010dil\u00e1 a pro \u017e\u00e1ka nepochopiteln\u00e1. Naopak pokud m\u00e1 \u017e\u00e1k vysokou \u00farove\u0148 a chce se posunout d\u00e1l, u\u010ditel, kter\u00fd zvl\u00e1d\u00e1 pouze ni\u017e\u0161\u00ed \u00farovn\u011b, nebude schopen jeho pokrok podporovat. V\u00fdsledkem je frustrace na obou stran\u00e1ch.<\/p><p>Um\u011bl\u00e1 inteligence (AI) v\u0161ak tento probl\u00e9m dok\u00e1\u017ee p\u0159ekonat. Je schopna se p\u0159izp\u016fsobit individu\u00e1ln\u00edm pot\u0159eb\u00e1m ka\u017ed\u00e9ho studenta a postupovat s n\u00edm jeho tempem. AI um\u00ed efektivn\u011b rozpoznat \u00farove\u0148 \u017e\u00e1ka, zam\u011b\u0159it se na jeho slabiny a postupn\u011b ho posouvat v\u00fd\u0161e.<\/p><p>Ide\u00e1ln\u00ed \u0159e\u0161en\u00ed tedy spo\u010d\u00edv\u00e1 v kombinaci tradi\u010dn\u00ed v\u00fduky u\u010ditelem a modern\u00edch n\u00e1stroj\u016f vyu\u017e\u00edvaj\u00edc\u00edch um\u011blou inteligenci. U\u010ditel\u00e9 by m\u011bli ch\u00e1pat AI jako pomocn\u00edka, nikoliv jako hrozbu pro svou pozici. Spolupr\u00e1ce mezi u\u010ditelem a AI p\u0159in\u00e1\u0161\u00ed to nejlep\u0161\u00ed z obou sv\u011bt\u016f \u2013 lidsk\u00fd p\u0159\u00edstup a empatii u\u010ditele, dopln\u011bn\u00e9 o p\u0159esnost a p\u0159izp\u016fsobivost um\u011bl\u00e9 inteligence. Takov\u00e1 kombinace m\u016f\u017ee p\u0159in\u00e9st efektivn\u011bj\u0161\u00ed a individu\u00e1ln\u011bj\u0161\u00ed v\u00fduku pro ka\u017ed\u00e9ho \u017e\u00e1ka.<\/p><p>Z\u00e1v\u011brem lze \u0159\u00edci, \u017ee um\u011bl\u00e1 inteligence nen\u00ed n\u00e1hradou u\u010ditele, ale mocn\u00fdm n\u00e1strojem, kter\u00fd mu m\u016f\u017ee pomoci pln\u011b rozvinout potenci\u00e1l sv\u00fdch student\u016f.<\/p>\t\t\t\t\t\t\t\t<\/div>\n\t\t\t\t<\/div>\n\t\t<div class=\"elementor-element elementor-element-bc0497d e-con-full e-flex e-con e-child\" data-id=\"bc0497d\" data-element_type=\"container\" data-e-type=\"container\">\n\t\t<div class=\"elementor-element elementor-element-5aacc97 e-con-full e-flex e-con e-child\" data-id=\"5aacc97\" data-element_type=\"container\" data-e-type=\"container\">\n\t\t\t\t<div class=\"elementor-element elementor-element-90f7fe1 elementor-align-justify elementor-widget elementor-widget-button\" data-id=\"90f7fe1\" data-element_type=\"widget\" data-e-type=\"widget\" data-widget_type=\"button.default\">\n\t\t\t\t<div class=\"elementor-widget-container\">\n\t\t\t\t\t\t\t\t\t<div class=\"elementor-button-wrapper\">\n\t\t\t\t\t<a class=\"elementor-button elementor-button-link elementor-size-sm\" href=\"https:\/\/elementer.cz\/en\/clanky\/\">\n\t\t\t\t\t\t<span class=\"elementor-button-content-wrapper\">\n\t\t\t\t\t\t\t\t\t<span class=\"elementor-button-text\">Zobrazit v\u0161echny \u010dl\u00e1nky<\/span>\n\t\t\t\t\t<\/span>\n\t\t\t\t\t<\/a>\n\t\t\t\t<\/div>\n\t\t\t\t\t\t\t\t<\/div>\n\t\t\t\t<\/div>\n\t\t\t\t<\/div>\n\t\t<div class=\"elementor-element elementor-element-9c01065 e-con-full e-flex e-con e-child\" data-id=\"9c01065\" data-element_type=\"container\" data-e-type=\"container\">\n\t\t\t\t<div class=\"elementor-element elementor-element-0115d8d elementor-align-justify elementor-widget elementor-widget-button\" data-id=\"0115d8d\" data-element_type=\"widget\" data-e-type=\"widget\" data-widget_type=\"button.default\">\n\t\t\t\t<div class=\"elementor-widget-container\">\n\t\t\t\t\t\t\t\t\t<div class=\"elementor-button-wrapper\">\n\t\t\t\t\t<a class=\"elementor-button elementor-button-link elementor-size-sm\" href=\"https:\/\/elementer.cz\/en\/aplikace\/\">\n\t\t\t\t\t\t<span class=\"elementor-button-content-wrapper\">\n\t\t\t\t\t\t\t\t\t<span class=\"elementor-button-text\">Vhodn\u00e9 aplikace pro d\u011bti<\/span>\n\t\t\t\t\t<\/span>\n\t\t\t\t\t<\/a>\n\t\t\t\t<\/div>\n\t\t\t\t\t\t\t\t<\/div>\n\t\t\t\t<\/div>\n\t\t\t\t<\/div>\n\t\t\t\t<\/div>\n\t\t\t\t<\/div>\n\t\t\t\t<\/div>\n\t\t\t\t\t<\/div>\n\t\t\t\t<\/div>\n\t\t\t\t<\/div>","protected":false},"excerpt":{"rendered":"<p>Je vhodn\u00e9 pro u\u010den\u00ed pou\u017e\u00edvat um\u011blou inteligenci? Tradi\u010dn\u00ed v\u00fduka u\u010ditelem je metoda, kterou v\u0161ichni dob\u0159e zn\u00e1me. N\u011bkdy n\u00e1m sedne, jindy m\u00e9n\u011b, a ob\u010das, i kdy\u017e se u\u010ditel maxim\u00e1ln\u011b sna\u017e\u00ed, \u017e\u00e1k nepochop\u00ed u\u010divo. Tento probl\u00e9m \u010dasto pramen\u00ed z rozd\u00edln\u00fdch \u00farovn\u00ed a hranic, kter\u00e9 maj\u00ed u\u010ditel\u00e9 i \u017e\u00e1ci. P\u0159edstavme si \u00farove\u0148 u\u010ditele a \u017e\u00e1ka jako \u010d\u00edslo. Nap\u0159\u00edklad [&hellip;]<\/p>\n","protected":false},"author":1,"featured_media":1254,"parent":555,"menu_order":1,"comment_status":"closed","ping_status":"closed","template":"elementor_canvas","meta":{"footnotes":""},"class_list":["post-1243","page","type-page","status-publish","has-post-thumbnail","hentry"],"yoast_head":"<!-- This site is optimized with the Yoast SEO plugin v27.1.1 - https:\/\/yoast.com\/product\/yoast-seo-wordpress\/ -->\n<title>Je vhodn\u00e9 pro u\u010den\u00ed pou\u017e\u00edvat um\u011blou inteligenci? | ELEMENTER<\/title>\n<meta name=\"description\" content=\"Tradi\u010dn\u00ed v\u00fduka \u010dasto nar\u00e1\u017e\u00ed na rozd\u00edln\u00e9 \u00farovn\u011b u\u010ditele a \u017e\u00e1ka. Um\u011bl\u00e1 inteligence se naopak dok\u00e1\u017ee p\u0159izp\u016fsobit individu\u00e1ln\u00edm pot\u0159eb\u00e1m studenta.\" \/>\n<meta name=\"robots\" content=\"index, follow, max-snippet:-1, max-image-preview:large, max-video-preview:-1\" \/>\n<link rel=\"canonical\" href=\"https:\/\/elementer.cz\/en\/clanky\/je-vhodne-pro-uceni-pouzivat-umelou-inteligenci\/\" \/>\n<meta property=\"og:locale\" content=\"en_US\" \/>\n<meta property=\"og:type\" content=\"article\" \/>\n<meta property=\"og:title\" content=\"Je vhodn\u00e9 pro u\u010den\u00ed pou\u017e\u00edvat um\u011blou inteligenci? | ELEMENTER\" \/>\n<meta property=\"og:description\" content=\"Tradi\u010dn\u00ed v\u00fduka \u010dasto nar\u00e1\u017e\u00ed na rozd\u00edln\u00e9 \u00farovn\u011b u\u010ditele a \u017e\u00e1ka. Um\u011bl\u00e1 inteligence se naopak dok\u00e1\u017ee p\u0159izp\u016fsobit individu\u00e1ln\u00edm pot\u0159eb\u00e1m studenta.\" \/>\n<meta property=\"og:url\" content=\"https:\/\/elementer.cz\/en\/clanky\/je-vhodne-pro-uceni-pouzivat-umelou-inteligenci\/\" \/>\n<meta property=\"og:site_name\" content=\"ELEMENTER\" \/>\n<meta property=\"article:publisher\" content=\"https:\/\/www.facebook.com\/Elementer.cz\" \/>\n<meta property=\"article:modified_time\" content=\"2025-03-29T10:45:00+00:00\" \/>\n<meta property=\"og:image\" content=\"https:\/\/elementer.cz\/wp-content\/uploads\/4-1.jpg\" \/>\n\t<meta property=\"og:image:width\" content=\"700\" \/>\n\t<meta property=\"og:image:height\" content=\"700\" \/>\n\t<meta property=\"og:image:type\" content=\"image\/jpeg\" \/>\n<meta name=\"twitter:card\" content=\"summary_large_image\" \/>\n<meta name=\"twitter:label1\" content=\"Est. reading time\" \/>\n\t<meta name=\"twitter:data1\" content=\"2 minutes\" \/>\n<script type=\"application\/ld+json\" class=\"yoast-schema-graph\">{\"@context\":\"https:\/\/schema.org\",\"@graph\":[{\"@type\":\"WebPage\",\"@id\":\"https:\/\/elementer.cz\/clanky\/je-vhodne-pro-uceni-pouzivat-umelou-inteligenci\/\",\"url\":\"https:\/\/elementer.cz\/clanky\/je-vhodne-pro-uceni-pouzivat-umelou-inteligenci\/\",\"name\":\"Je vhodn\u00e9 pro u\u010den\u00ed pou\u017e\u00edvat um\u011blou inteligenci? | ELEMENTER\",\"isPartOf\":{\"@id\":\"https:\/\/elementer.cz\/#website\"},\"primaryImageOfPage\":{\"@id\":\"https:\/\/elementer.cz\/clanky\/je-vhodne-pro-uceni-pouzivat-umelou-inteligenci\/#primaryimage\"},\"image\":{\"@id\":\"https:\/\/elementer.cz\/clanky\/je-vhodne-pro-uceni-pouzivat-umelou-inteligenci\/#primaryimage\"},\"thumbnailUrl\":\"https:\/\/elementer.cz\/wp-content\/uploads\/4-1.jpg\",\"datePublished\":\"2025-03-29T10:25:51+00:00\",\"dateModified\":\"2025-03-29T10:45:00+00:00\",\"description\":\"Tradi\u010dn\u00ed v\u00fduka \u010dasto nar\u00e1\u017e\u00ed na rozd\u00edln\u00e9 \u00farovn\u011b u\u010ditele a \u017e\u00e1ka. Um\u011bl\u00e1 inteligence se naopak dok\u00e1\u017ee p\u0159izp\u016fsobit individu\u00e1ln\u00edm pot\u0159eb\u00e1m studenta.\",\"breadcrumb\":{\"@id\":\"https:\/\/elementer.cz\/clanky\/je-vhodne-pro-uceni-pouzivat-umelou-inteligenci\/#breadcrumb\"},\"inLanguage\":\"en-US\",\"potentialAction\":[{\"@type\":\"ReadAction\",\"target\":[\"https:\/\/elementer.cz\/clanky\/je-vhodne-pro-uceni-pouzivat-umelou-inteligenci\/\"]}]},{\"@type\":\"ImageObject\",\"inLanguage\":\"en-US\",\"@id\":\"https:\/\/elementer.cz\/clanky\/je-vhodne-pro-uceni-pouzivat-umelou-inteligenci\/#primaryimage\",\"url\":\"https:\/\/elementer.cz\/wp-content\/uploads\/4-1.jpg\",\"contentUrl\":\"https:\/\/elementer.cz\/wp-content\/uploads\/4-1.jpg\",\"width\":700,\"height\":700},{\"@type\":\"BreadcrumbList\",\"@id\":\"https:\/\/elementer.cz\/clanky\/je-vhodne-pro-uceni-pouzivat-umelou-inteligenci\/#breadcrumb\",\"itemListElement\":[{\"@type\":\"ListItem\",\"position\":1,\"name\":\"Dom\u016f\",\"item\":\"https:\/\/elementer.cz\/\"},{\"@type\":\"ListItem\",\"position\":2,\"name\":\"\u010cl\u00e1nky\",\"item\":\"https:\/\/elementer.cz\/clanky\/\"},{\"@type\":\"ListItem\",\"position\":3,\"name\":\"Je vhodn\u00e9 pro u\u010den\u00ed pou\u017e\u00edvat um\u011blou inteligenci?\"}]},{\"@type\":\"WebSite\",\"@id\":\"https:\/\/elementer.cz\/#website\",\"url\":\"https:\/\/elementer.cz\/\",\"name\":\"ELEMENTER\",\"description\":\"\",\"publisher\":{\"@id\":\"https:\/\/elementer.cz\/#organization\"},\"potentialAction\":[{\"@type\":\"SearchAction\",\"target\":{\"@type\":\"EntryPoint\",\"urlTemplate\":\"https:\/\/elementer.cz\/?s={search_term_string}\"},\"query-input\":{\"@type\":\"PropertyValueSpecification\",\"valueRequired\":true,\"valueName\":\"search_term_string\"}}],\"inLanguage\":\"en-US\"},{\"@type\":\"Organization\",\"@id\":\"https:\/\/elementer.cz\/#organization\",\"name\":\"ELEMENTER\",\"url\":\"https:\/\/elementer.cz\/\",\"logo\":{\"@type\":\"ImageObject\",\"inLanguage\":\"en-US\",\"@id\":\"https:\/\/elementer.cz\/#\/schema\/logo\/image\/\",\"url\":\"https:\/\/elementer.cz\/wp-content\/uploads\/logo_512_wround.png\",\"contentUrl\":\"https:\/\/elementer.cz\/wp-content\/uploads\/logo_512_wround.png\",\"width\":512,\"height\":512,\"caption\":\"ELEMENTER\"},\"image\":{\"@id\":\"https:\/\/elementer.cz\/#\/schema\/logo\/image\/\"},\"sameAs\":[\"https:\/\/www.facebook.com\/Elementer.cz\",\"https:\/\/www.instagram.com\/elementer.cz\/\"]}]}<\/script>\n<!-- \/ Yoast SEO plugin. -->","yoast_head_json":{"title":"Je vhodn\u00e9 pro u\u010den\u00ed pou\u017e\u00edvat um\u011blou inteligenci? | ELEMENTER","description":"Tradi\u010dn\u00ed v\u00fduka \u010dasto nar\u00e1\u017e\u00ed na rozd\u00edln\u00e9 \u00farovn\u011b u\u010ditele a \u017e\u00e1ka. Um\u011bl\u00e1 inteligence se naopak dok\u00e1\u017ee p\u0159izp\u016fsobit individu\u00e1ln\u00edm pot\u0159eb\u00e1m studenta.","robots":{"index":"index","follow":"follow","max-snippet":"max-snippet:-1","max-image-preview":"max-image-preview:large","max-video-preview":"max-video-preview:-1"},"canonical":"https:\/\/elementer.cz\/en\/clanky\/je-vhodne-pro-uceni-pouzivat-umelou-inteligenci\/","og_locale":"en_US","og_type":"article","og_title":"Je vhodn\u00e9 pro u\u010den\u00ed pou\u017e\u00edvat um\u011blou inteligenci? | ELEMENTER","og_description":"Tradi\u010dn\u00ed v\u00fduka \u010dasto nar\u00e1\u017e\u00ed na rozd\u00edln\u00e9 \u00farovn\u011b u\u010ditele a \u017e\u00e1ka. Um\u011bl\u00e1 inteligence se naopak dok\u00e1\u017ee p\u0159izp\u016fsobit individu\u00e1ln\u00edm pot\u0159eb\u00e1m studenta.","og_url":"https:\/\/elementer.cz\/en\/clanky\/je-vhodne-pro-uceni-pouzivat-umelou-inteligenci\/","og_site_name":"ELEMENTER","article_publisher":"https:\/\/www.facebook.com\/Elementer.cz","article_modified_time":"2025-03-29T10:45:00+00:00","og_image":[{"width":700,"height":700,"url":"https:\/\/elementer.cz\/wp-content\/uploads\/4-1.jpg","type":"image\/jpeg"}],"twitter_card":"summary_large_image","twitter_misc":{"Est. reading time":"2 minutes"},"schema":{"@context":"https:\/\/schema.org","@graph":[{"@type":"WebPage","@id":"https:\/\/elementer.cz\/clanky\/je-vhodne-pro-uceni-pouzivat-umelou-inteligenci\/","url":"https:\/\/elementer.cz\/clanky\/je-vhodne-pro-uceni-pouzivat-umelou-inteligenci\/","name":"Je vhodn\u00e9 pro u\u010den\u00ed pou\u017e\u00edvat um\u011blou inteligenci? | ELEMENTER","isPartOf":{"@id":"https:\/\/elementer.cz\/#website"},"primaryImageOfPage":{"@id":"https:\/\/elementer.cz\/clanky\/je-vhodne-pro-uceni-pouzivat-umelou-inteligenci\/#primaryimage"},"image":{"@id":"https:\/\/elementer.cz\/clanky\/je-vhodne-pro-uceni-pouzivat-umelou-inteligenci\/#primaryimage"},"thumbnailUrl":"https:\/\/elementer.cz\/wp-content\/uploads\/4-1.jpg","datePublished":"2025-03-29T10:25:51+00:00","dateModified":"2025-03-29T10:45:00+00:00","description":"Tradi\u010dn\u00ed v\u00fduka \u010dasto nar\u00e1\u017e\u00ed na rozd\u00edln\u00e9 \u00farovn\u011b u\u010ditele a \u017e\u00e1ka. Um\u011bl\u00e1 inteligence se naopak dok\u00e1\u017ee p\u0159izp\u016fsobit individu\u00e1ln\u00edm pot\u0159eb\u00e1m studenta.","breadcrumb":{"@id":"https:\/\/elementer.cz\/clanky\/je-vhodne-pro-uceni-pouzivat-umelou-inteligenci\/#breadcrumb"},"inLanguage":"en-US","potentialAction":[{"@type":"ReadAction","target":["https:\/\/elementer.cz\/clanky\/je-vhodne-pro-uceni-pouzivat-umelou-inteligenci\/"]}]},{"@type":"ImageObject","inLanguage":"en-US","@id":"https:\/\/elementer.cz\/clanky\/je-vhodne-pro-uceni-pouzivat-umelou-inteligenci\/#primaryimage","url":"https:\/\/elementer.cz\/wp-content\/uploads\/4-1.jpg","contentUrl":"https:\/\/elementer.cz\/wp-content\/uploads\/4-1.jpg","width":700,"height":700},{"@type":"BreadcrumbList","@id":"https:\/\/elementer.cz\/clanky\/je-vhodne-pro-uceni-pouzivat-umelou-inteligenci\/#breadcrumb","itemListElement":[{"@type":"ListItem","position":1,"name":"Dom\u016f","item":"https:\/\/elementer.cz\/"},{"@type":"ListItem","position":2,"name":"\u010cl\u00e1nky","item":"https:\/\/elementer.cz\/clanky\/"},{"@type":"ListItem","position":3,"name":"Je vhodn\u00e9 pro u\u010den\u00ed pou\u017e\u00edvat um\u011blou inteligenci?"}]},{"@type":"WebSite","@id":"https:\/\/elementer.cz\/#website","url":"https:\/\/elementer.cz\/","name":"ELEMENTER","description":"","publisher":{"@id":"https:\/\/elementer.cz\/#organization"},"potentialAction":[{"@type":"SearchAction","target":{"@type":"EntryPoint","urlTemplate":"https:\/\/elementer.cz\/?s={search_term_string}"},"query-input":{"@type":"PropertyValueSpecification","valueRequired":true,"valueName":"search_term_string"}}],"inLanguage":"en-US"},{"@type":"Organization","@id":"https:\/\/elementer.cz\/#organization","name":"ELEMENTER","url":"https:\/\/elementer.cz\/","logo":{"@type":"ImageObject","inLanguage":"en-US","@id":"https:\/\/elementer.cz\/#\/schema\/logo\/image\/","url":"https:\/\/elementer.cz\/wp-content\/uploads\/logo_512_wround.png","contentUrl":"https:\/\/elementer.cz\/wp-content\/uploads\/logo_512_wround.png","width":512,"height":512,"caption":"ELEMENTER"},"image":{"@id":"https:\/\/elementer.cz\/#\/schema\/logo\/image\/"},"sameAs":["https:\/\/www.facebook.com\/Elementer.cz","https:\/\/www.instagram.com\/elementer.cz\/"]}]}},"_links":{"self":[{"href":"https:\/\/elementer.cz\/en\/wp-json\/wp\/v2\/pages\/1243","targetHints":{"allow":["GET"]}}],"collection":[{"href":"https:\/\/elementer.cz\/en\/wp-json\/wp\/v2\/pages"}],"about":[{"href":"https:\/\/elementer.cz\/en\/wp-json\/wp\/v2\/types\/page"}],"author":[{"embeddable":true,"href":"https:\/\/elementer.cz\/en\/wp-json\/wp\/v2\/users\/1"}],"replies":[{"embeddable":true,"href":"https:\/\/elementer.cz\/en\/wp-json\/wp\/v2\/comments?post=1243"}],"version-history":[{"count":7,"href":"https:\/\/elementer.cz\/en\/wp-json\/wp\/v2\/pages\/1243\/revisions"}],"predecessor-version":[{"id":1257,"href":"https:\/\/elementer.cz\/en\/wp-json\/wp\/v2\/pages\/1243\/revisions\/1257"}],"up":[{"embeddable":true,"href":"https:\/\/elementer.cz\/en\/wp-json\/wp\/v2\/pages\/555"}],"wp:featuredmedia":[{"embeddable":true,"href":"https:\/\/elementer.cz\/en\/wp-json\/wp\/v2\/media\/1254"}],"wp:attachment":[{"href":"https:\/\/elementer.cz\/en\/wp-json\/wp\/v2\/media?parent=1243"}],"curies":[{"name":"wp","href":"https:\/\/api.w.org\/{rel}","templated":true}]}}