{"id":1420,"date":"2025-07-03T14:09:52","date_gmt":"2025-07-03T12:09:52","guid":{"rendered":"https:\/\/elementer.cz\/?page_id=1420"},"modified":"2025-08-19T07:56:04","modified_gmt":"2025-08-19T05:56:04","slug":"bez-povsimnuti","status":"publish","type":"page","link":"https:\/\/elementer.cz\/en\/galerie\/bez-povsimnuti\/","title":{"rendered":"Unnoticed"},"content":{"rendered":"\t\t<div data-elementor-type=\"wp-page\" data-elementor-id=\"1420\" class=\"elementor elementor-1420\">\n\t\t\t\t<div class=\"elementor-element elementor-element-48963da e-flex e-con-boxed e-con e-parent\" data-id=\"48963da\" data-element_type=\"container\" data-e-type=\"container\">\n\t\t\t\t\t<div class=\"e-con-inner\">\n\t\t<div class=\"elementor-element elementor-element-8cb0795 e-con-full e-flex e-con e-child\" data-id=\"8cb0795\" data-element_type=\"container\" data-e-type=\"container\" data-settings=\"{&quot;background_background&quot;:&quot;classic&quot;}\">\n\t\t\t\t<div class=\"elementor-element elementor-element-c1c4fa0 elementor-widget elementor-widget-shortcode\" data-id=\"c1c4fa0\" data-element_type=\"widget\" data-e-type=\"widget\" data-widget_type=\"shortcode.default\">\n\t\t\t\t<div class=\"elementor-widget-container\">\n\t\t\t\t\t\t\t<div class=\"elementor-shortcode\"><div class=\"trp_language_switcher_shortcode\">\n<div class=\"trp-language-switcher trp-language-switcher-container\" data-no-translation >\n    <div class=\"trp-ls-shortcode-current-language\">\n        <a href=\"#\" class=\"trp-ls-shortcode-disabled-language trp-ls-disabled-language\" title=\"English\" onclick=\"event.preventDefault()\">\n\t\t\t<img decoding=\"async\" class=\"trp-flag-image\" src=\"https:\/\/elementer.cz\/wp-content\/plugins\/translatepress-multilingual\/assets\/images\/flags\/en_US.png\" width=\"18\" height=\"12\" alt=\"en_US\" title=\"English\"> \t\t<\/a>\n    <\/div>\n    <div class=\"trp-ls-shortcode-language\">\n                <a href=\"#\" class=\"trp-ls-shortcode-disabled-language trp-ls-disabled-language\"  title=\"English\" onclick=\"event.preventDefault()\">\n\t\t\t<img decoding=\"async\" class=\"trp-flag-image\" src=\"https:\/\/elementer.cz\/wp-content\/plugins\/translatepress-multilingual\/assets\/images\/flags\/en_US.png\" width=\"18\" height=\"12\" alt=\"en_US\" title=\"English\"> \t\t<\/a>\n                    <a href=\"https:\/\/elementer.cz\/en\/wp-json\/wp\/v2\/pages\/1420#TRPLINKPROCESSED\" title=\"Czech\">\n            <img decoding=\"async\" class=\"trp-flag-image\" src=\"https:\/\/elementer.cz\/wp-content\/plugins\/translatepress-multilingual\/assets\/images\/flags\/cs_CZ.png\" width=\"18\" height=\"12\" alt=\"cs_CZ\" title=\"Czech\">         <\/a>\n\n        <\/div>\n    <script type=\"application\/javascript\">\n        \/\/ need to have the same with set from JS on both divs. Otherwise it can push stuff around in HTML\n        var trp_ls_shortcodes = document.querySelectorAll('.trp_language_switcher_shortcode .trp-language-switcher');\n        if ( trp_ls_shortcodes.length > 0) {\n            \/\/ get the last language switcher added\n            var trp_el = trp_ls_shortcodes[trp_ls_shortcodes.length - 1];\n\n            var trp_shortcode_language_item = trp_el.querySelector( '.trp-ls-shortcode-language' )\n            \/\/ set width\n            var trp_ls_shortcode_width                                               = trp_shortcode_language_item.offsetWidth + 16;\n            trp_shortcode_language_item.style.width                                  = trp_ls_shortcode_width + 'px';\n            trp_el.querySelector( '.trp-ls-shortcode-current-language' ).style.width = trp_ls_shortcode_width + 'px';\n\n            \/\/ We're putting this on display: none after we have its width.\n            trp_shortcode_language_item.style.display = 'none';\n        }\n    <\/script>\n<\/div>\n<\/div><\/div>\n\t\t\t\t\t\t<\/div>\n\t\t\t\t<\/div>\n\t\t\t\t<\/div>\n\t\t\t\t<div class=\"elementor-element elementor-element-d11bfb3 elementor-align-center elementor-widget elementor-widget-button\" data-id=\"d11bfb3\" data-element_type=\"widget\" data-e-type=\"widget\" data-widget_type=\"button.default\">\n\t\t\t\t<div class=\"elementor-widget-container\">\n\t\t\t\t\t\t\t\t\t<div class=\"elementor-button-wrapper\">\n\t\t\t\t\t<a class=\"elementor-button elementor-button-link elementor-size-sm\" href=\"https:\/\/elementer.cz\/galerie\/\">\n\t\t\t\t\t\t<span class=\"elementor-button-content-wrapper\">\n\t\t\t\t\t\t<span class=\"elementor-button-icon\">\n\t\t\t\t<svg aria-hidden=\"true\" class=\"e-font-icon-svg e-far-arrow-alt-circle-left\" viewBox=\"0 0 512 512\" xmlns=\"http:\/\/www.w3.org\/2000\/svg\"><path d=\"M8 256c0 137 111 248 248 248s248-111 248-248S393 8 256 8 8 119 8 256zm448 0c0 110.5-89.5 200-200 200S56 366.5 56 256 145.5 56 256 56s200 89.5 200 200zm-72-20v40c0 6.6-5.4 12-12 12H256v67c0 10.7-12.9 16-20.5 8.5l-99-99c-4.7-4.7-4.7-12.3 0-17l99-99c7.6-7.6 20.5-2.2 20.5 8.5v67h116c6.6 0 12 5.4 12 12z\"><\/path><\/svg>\t\t\t<\/span>\n\t\t\t\t\t\t\t\t\t<span class=\"elementor-button-text\">Galerie<\/span>\n\t\t\t\t\t<\/span>\n\t\t\t\t\t<\/a>\n\t\t\t\t<\/div>\n\t\t\t\t\t\t\t\t<\/div>\n\t\t\t\t<\/div>\n\t\t\t\t\t<\/div>\n\t\t\t\t<\/div>\n\t\t<div class=\"elementor-element elementor-element-a56d276 e-flex e-con-boxed e-con e-parent\" data-id=\"a56d276\" data-element_type=\"container\" data-e-type=\"container\">\n\t\t\t\t\t<div class=\"e-con-inner\">\n\t\t<div class=\"elementor-element elementor-element-d5fb8b1 e-con-full e-flex e-con e-child\" data-id=\"d5fb8b1\" data-element_type=\"container\" data-e-type=\"container\">\n\t\t\t\t<div class=\"elementor-element elementor-element-11d9e69 elementor-widget elementor-widget-html\" data-id=\"11d9e69\" data-element_type=\"widget\" data-e-type=\"widget\" data-widget_type=\"html.default\">\n\t\t\t\t<div class=\"elementor-widget-container\">\n\t\t\t\t\t<script>\r\nwindow.onload = function() \r\n{\r\n    document.getElementById(\"cil\").scrollIntoView({ behavior: \"smooth\" });\r\n};\r\n<\/script>\r\n<div id=\"cil\"><\/div>\t\t\t\t<\/div>\n\t\t\t\t<\/div>\n\t\t\t\t<div class=\"elementor-element elementor-element-d3a309f elementor-widget elementor-widget-heading\" data-id=\"d3a309f\" data-element_type=\"widget\" data-e-type=\"widget\" data-widget_type=\"heading.default\">\n\t\t\t\t<div class=\"elementor-widget-container\">\n\t\t\t\t\t<h1 class=\"elementor-heading-title elementor-size-default\">Bez pov\u0161imnut\u00ed<\/h1>\t\t\t\t<\/div>\n\t\t\t\t<\/div>\n\t\t\t\t<div class=\"elementor-element elementor-element-fde4c4c elementor-widget-divider--view-line elementor-widget elementor-widget-divider\" data-id=\"fde4c4c\" data-element_type=\"widget\" data-e-type=\"widget\" data-widget_type=\"divider.default\">\n\t\t\t\t<div class=\"elementor-widget-container\">\n\t\t\t\t\t\t\t<div class=\"elementor-divider\">\n\t\t\t<span class=\"elementor-divider-separator\">\n\t\t\t\t\t\t<\/span>\n\t\t<\/div>\n\t\t\t\t\t\t<\/div>\n\t\t\t\t<\/div>\n\t\t\t\t<\/div>\n\t\t\t\t\t<\/div>\n\t\t\t\t<\/div>\n\t\t<div class=\"elementor-element elementor-element-28c0f59 e-flex e-con-boxed e-con e-parent\" data-id=\"28c0f59\" data-element_type=\"container\" data-e-type=\"container\">\n\t\t\t\t\t<div class=\"e-con-inner\">\n\t\t\t\t<div class=\"elementor-element elementor-element-84714dd elementor-widget elementor-widget-spacer\" data-id=\"84714dd\" data-element_type=\"widget\" data-e-type=\"widget\" data-widget_type=\"spacer.default\">\n\t\t\t\t<div class=\"elementor-widget-container\">\n\t\t\t\t\t\t\t<div class=\"elementor-spacer\">\n\t\t\t<div class=\"elementor-spacer-inner\"><\/div>\n\t\t<\/div>\n\t\t\t\t\t\t<\/div>\n\t\t\t\t<\/div>\n\t\t\t\t\t<\/div>\n\t\t\t\t<\/div>\n\t\t<div class=\"elementor-element elementor-element-c4a1399 e-flex e-con-boxed e-con e-parent\" data-id=\"c4a1399\" data-element_type=\"container\" data-e-type=\"container\">\n\t\t\t\t\t<div class=\"e-con-inner\">\n\t\t<div class=\"elementor-element elementor-element-2cec88a e-con-full e-flex e-con e-child\" data-id=\"2cec88a\" data-element_type=\"container\" data-e-type=\"container\">\n\t\t<div class=\"elementor-element elementor-element-fbf0662 e-con-full e-flex e-con e-child\" data-id=\"fbf0662\" data-element_type=\"container\" data-e-type=\"container\">\n\t\t\t\t<div class=\"elementor-element elementor-element-e6c9121 elementor-widget elementor-widget-image\" data-id=\"e6c9121\" data-element_type=\"widget\" data-e-type=\"widget\" data-widget_type=\"image.default\">\n\t\t\t\t<div class=\"elementor-widget-container\">\n\t\t\t\t\t\t\t\t\t\t\t\t\t\t\t<img fetchpriority=\"high\" decoding=\"async\" width=\"701\" height=\"1000\" src=\"https:\/\/elementer.cz\/wp-content\/uploads\/edit_1000_crop.jpg\" class=\"attachment-full size-full wp-image-1423\" alt=\"ELEMENTER - D\u00edlo: Bez pov\u0161imnut\u00ed\" srcset=\"https:\/\/elementer.cz\/wp-content\/uploads\/edit_1000_crop.jpg 701w, https:\/\/elementer.cz\/wp-content\/uploads\/edit_1000_crop-210x300.jpg 210w\" sizes=\"(max-width: 701px) 100vw, 701px\" \/>\t\t\t\t\t\t\t\t\t\t\t\t\t\t\t<\/div>\n\t\t\t\t<\/div>\n\t\t\t\t<\/div>\n\t\t<div class=\"elementor-element elementor-element-0eadf13 e-con-full e-flex e-con e-child\" data-id=\"0eadf13\" data-element_type=\"container\" data-e-type=\"container\">\n\t\t<div class=\"elementor-element elementor-element-fe142bd e-con-full e-flex e-con e-child\" data-id=\"fe142bd\" data-element_type=\"container\" data-e-type=\"container\">\n\t\t\t\t<div class=\"elementor-element elementor-element-f5a792f elementor-widget elementor-widget-text-editor\" data-id=\"f5a792f\" data-element_type=\"widget\" data-e-type=\"widget\" data-widget_type=\"text-editor.default\">\n\t\t\t\t<div class=\"elementor-widget-container\">\n\t\t\t\t\t\t\t\t\t<p>Minule jsem skon\u010dila v ko\u0161i.<br \/>Bez pohledu, bez my\u0161lenky.<br \/>Jen dal\u0161\u00ed kus bublinkov\u00e9 f\u00f3lie.<br \/>Pr\u00e1zdn\u00e1. nepot\u0159ebn\u00e1. neviditeln\u00e1.<\/p><p>A p\u0159esto jsem tu znovu.<br \/>Jin\u00e1.<\/p>\t\t\t\t\t\t\t\t<\/div>\n\t\t\t\t<\/div>\n\t\t\t\t<\/div>\n\t\t\t\t<\/div>\n\t\t\t\t<\/div>\n\t\t\t\t\t<\/div>\n\t\t\t\t<\/div>\n\t\t<div class=\"elementor-element elementor-element-c9b9f2e e-flex e-con-boxed e-con e-parent\" data-id=\"c9b9f2e\" data-element_type=\"container\" data-e-type=\"container\">\n\t\t\t\t\t<div class=\"e-con-inner\">\n\t\t\t\t<div class=\"elementor-element elementor-element-a8112f8 elementor-widget elementor-widget-spacer\" data-id=\"a8112f8\" data-element_type=\"widget\" data-e-type=\"widget\" data-widget_type=\"spacer.default\">\n\t\t\t\t<div class=\"elementor-widget-container\">\n\t\t\t\t\t\t\t<div class=\"elementor-spacer\">\n\t\t\t<div class=\"elementor-spacer-inner\"><\/div>\n\t\t<\/div>\n\t\t\t\t\t\t<\/div>\n\t\t\t\t<\/div>\n\t\t\t\t\t<\/div>\n\t\t\t\t<\/div>\n\t\t\t\t<\/div>\n\t\t","protected":false},"excerpt":{"rendered":"<p>Galerie Bez pov\u0161imnut\u00ed Minule jsem skon\u010dila v ko\u0161i.Bez pohledu, bez my\u0161lenky.Jen dal\u0161\u00ed kus bublinkov\u00e9 f\u00f3lie.Pr\u00e1zdn\u00e1. nepot\u0159ebn\u00e1. neviditeln\u00e1. A p\u0159esto jsem tu znovu.Jin\u00e1.<\/p>","protected":false},"author":1,"featured_media":1419,"parent":312,"menu_order":1,"comment_status":"closed","ping_status":"closed","template":"elementor_canvas","meta":{"footnotes":""},"class_list":["post-1420","page","type-page","status-publish","has-post-thumbnail","hentry"],"yoast_head":"<!-- This site is optimized with the Yoast SEO plugin v27.1.1 - https:\/\/yoast.com\/product\/yoast-seo-wordpress\/ -->\n<title>Bez pov\u0161imnut\u00ed | ELEMENTER<\/title>\n<meta name=\"description\" content=\"Minule jsem skon\u010dila v ko\u0161i. Bez pohledu, bez my\u0161lenky. Jen dal\u0161\u00ed kus bublinkov\u00e9 f\u00f3lie - pr\u00e1zdn\u00e1, nepot\u0159ebn\u00e1, neviditeln\u00e1. A p\u0159esto je tu znovu. Jin\u00e1.\" \/>\n<meta name=\"robots\" content=\"index, follow, max-snippet:-1, max-image-preview:large, max-video-preview:-1\" \/>\n<link rel=\"canonical\" href=\"https:\/\/elementer.cz\/en\/galerie\/bez-povsimnuti\/\" \/>\n<meta property=\"og:locale\" content=\"en_US\" \/>\n<meta property=\"og:type\" content=\"article\" \/>\n<meta property=\"og:title\" content=\"Bez pov\u0161imnut\u00ed | ELEMENTER\" \/>\n<meta property=\"og:description\" content=\"Minule jsem skon\u010dila v ko\u0161i. Bez pohledu, bez my\u0161lenky. Jen dal\u0161\u00ed kus bublinkov\u00e9 f\u00f3lie - pr\u00e1zdn\u00e1, nepot\u0159ebn\u00e1, neviditeln\u00e1. A p\u0159esto je tu znovu. Jin\u00e1.\" \/>\n<meta property=\"og:url\" content=\"https:\/\/elementer.cz\/en\/galerie\/bez-povsimnuti\/\" \/>\n<meta property=\"og:site_name\" content=\"ELEMENTER\" \/>\n<meta property=\"article:publisher\" content=\"https:\/\/www.facebook.com\/Elementer.cz\" \/>\n<meta property=\"article:modified_time\" content=\"2025-08-19T05:56:04+00:00\" \/>\n<meta property=\"og:image\" content=\"https:\/\/elementer.cz\/wp-content\/uploads\/edit_1000-1.jpg\" \/>\n\t<meta property=\"og:image:width\" content=\"695\" \/>\n\t<meta property=\"og:image:height\" content=\"1000\" \/>\n\t<meta property=\"og:image:type\" content=\"image\/jpeg\" \/>\n<meta name=\"twitter:card\" content=\"summary_large_image\" \/>\n<meta name=\"twitter:label1\" content=\"Est. reading time\" \/>\n\t<meta name=\"twitter:data1\" content=\"1 minute\" \/>\n<script type=\"application\/ld+json\" class=\"yoast-schema-graph\">{\"@context\":\"https:\/\/schema.org\",\"@graph\":[{\"@type\":\"WebPage\",\"@id\":\"https:\/\/elementer.cz\/galerie\/bez-povsimnuti\/\",\"url\":\"https:\/\/elementer.cz\/galerie\/bez-povsimnuti\/\",\"name\":\"Bez pov\u0161imnut\u00ed | ELEMENTER\",\"isPartOf\":{\"@id\":\"https:\/\/elementer.cz\/#website\"},\"primaryImageOfPage\":{\"@id\":\"https:\/\/elementer.cz\/galerie\/bez-povsimnuti\/#primaryimage\"},\"image\":{\"@id\":\"https:\/\/elementer.cz\/galerie\/bez-povsimnuti\/#primaryimage\"},\"thumbnailUrl\":\"https:\/\/elementer.cz\/wp-content\/uploads\/edit_1000-1.jpg\",\"datePublished\":\"2025-07-03T12:09:52+00:00\",\"dateModified\":\"2025-08-19T05:56:04+00:00\",\"description\":\"Minule jsem skon\u010dila v ko\u0161i. Bez pohledu, bez my\u0161lenky. Jen dal\u0161\u00ed kus bublinkov\u00e9 f\u00f3lie - pr\u00e1zdn\u00e1, nepot\u0159ebn\u00e1, neviditeln\u00e1. A p\u0159esto je tu znovu. Jin\u00e1.\",\"breadcrumb\":{\"@id\":\"https:\/\/elementer.cz\/galerie\/bez-povsimnuti\/#breadcrumb\"},\"inLanguage\":\"en-US\",\"potentialAction\":[{\"@type\":\"ReadAction\",\"target\":[\"https:\/\/elementer.cz\/galerie\/bez-povsimnuti\/\"]}]},{\"@type\":\"ImageObject\",\"inLanguage\":\"en-US\",\"@id\":\"https:\/\/elementer.cz\/galerie\/bez-povsimnuti\/#primaryimage\",\"url\":\"https:\/\/elementer.cz\/wp-content\/uploads\/edit_1000-1.jpg\",\"contentUrl\":\"https:\/\/elementer.cz\/wp-content\/uploads\/edit_1000-1.jpg\",\"width\":695,\"height\":1000,\"caption\":\"ELEMENTER - D\u00edlo: Bez pov\u0161imnut\u00ed\"},{\"@type\":\"BreadcrumbList\",\"@id\":\"https:\/\/elementer.cz\/galerie\/bez-povsimnuti\/#breadcrumb\",\"itemListElement\":[{\"@type\":\"ListItem\",\"position\":1,\"name\":\"Dom\u016f\",\"item\":\"https:\/\/elementer.cz\/\"},{\"@type\":\"ListItem\",\"position\":2,\"name\":\"Galerie\",\"item\":\"https:\/\/elementer.cz\/galerie\/\"},{\"@type\":\"ListItem\",\"position\":3,\"name\":\"Bez pov\u0161imnut\u00ed\"}]},{\"@type\":\"WebSite\",\"@id\":\"https:\/\/elementer.cz\/#website\",\"url\":\"https:\/\/elementer.cz\/\",\"name\":\"ELEMENTER\",\"description\":\"\",\"publisher\":{\"@id\":\"https:\/\/elementer.cz\/#organization\"},\"potentialAction\":[{\"@type\":\"SearchAction\",\"target\":{\"@type\":\"EntryPoint\",\"urlTemplate\":\"https:\/\/elementer.cz\/?s={search_term_string}\"},\"query-input\":{\"@type\":\"PropertyValueSpecification\",\"valueRequired\":true,\"valueName\":\"search_term_string\"}}],\"inLanguage\":\"en-US\"},{\"@type\":\"Organization\",\"@id\":\"https:\/\/elementer.cz\/#organization\",\"name\":\"ELEMENTER\",\"url\":\"https:\/\/elementer.cz\/\",\"logo\":{\"@type\":\"ImageObject\",\"inLanguage\":\"en-US\",\"@id\":\"https:\/\/elementer.cz\/#\/schema\/logo\/image\/\",\"url\":\"https:\/\/elementer.cz\/wp-content\/uploads\/logo_512_wround.png\",\"contentUrl\":\"https:\/\/elementer.cz\/wp-content\/uploads\/logo_512_wround.png\",\"width\":512,\"height\":512,\"caption\":\"ELEMENTER\"},\"image\":{\"@id\":\"https:\/\/elementer.cz\/#\/schema\/logo\/image\/\"},\"sameAs\":[\"https:\/\/www.facebook.com\/Elementer.cz\",\"https:\/\/www.instagram.com\/elementer.cz\/\"]}]}<\/script>\n<!-- \/ Yoast SEO plugin. -->","yoast_head_json":{"title":"Bez pov\u0161imnut\u00ed | ELEMENTER","description":"Minule jsem skon\u010dila v ko\u0161i. Bez pohledu, bez my\u0161lenky. Jen dal\u0161\u00ed kus bublinkov\u00e9 f\u00f3lie - pr\u00e1zdn\u00e1, nepot\u0159ebn\u00e1, neviditeln\u00e1. A p\u0159esto je tu znovu. Jin\u00e1.","robots":{"index":"index","follow":"follow","max-snippet":"max-snippet:-1","max-image-preview":"max-image-preview:large","max-video-preview":"max-video-preview:-1"},"canonical":"https:\/\/elementer.cz\/en\/galerie\/bez-povsimnuti\/","og_locale":"en_US","og_type":"article","og_title":"Bez pov\u0161imnut\u00ed | ELEMENTER","og_description":"Minule jsem skon\u010dila v ko\u0161i. Bez pohledu, bez my\u0161lenky. Jen dal\u0161\u00ed kus bublinkov\u00e9 f\u00f3lie - pr\u00e1zdn\u00e1, nepot\u0159ebn\u00e1, neviditeln\u00e1. A p\u0159esto je tu znovu. Jin\u00e1.","og_url":"https:\/\/elementer.cz\/en\/galerie\/bez-povsimnuti\/","og_site_name":"ELEMENTER","article_publisher":"https:\/\/www.facebook.com\/Elementer.cz","article_modified_time":"2025-08-19T05:56:04+00:00","og_image":[{"width":695,"height":1000,"url":"https:\/\/elementer.cz\/wp-content\/uploads\/edit_1000-1.jpg","type":"image\/jpeg"}],"twitter_card":"summary_large_image","twitter_misc":{"Est. reading time":"1 minute"},"schema":{"@context":"https:\/\/schema.org","@graph":[{"@type":"WebPage","@id":"https:\/\/elementer.cz\/galerie\/bez-povsimnuti\/","url":"https:\/\/elementer.cz\/galerie\/bez-povsimnuti\/","name":"Bez pov\u0161imnut\u00ed | ELEMENTER","isPartOf":{"@id":"https:\/\/elementer.cz\/#website"},"primaryImageOfPage":{"@id":"https:\/\/elementer.cz\/galerie\/bez-povsimnuti\/#primaryimage"},"image":{"@id":"https:\/\/elementer.cz\/galerie\/bez-povsimnuti\/#primaryimage"},"thumbnailUrl":"https:\/\/elementer.cz\/wp-content\/uploads\/edit_1000-1.jpg","datePublished":"2025-07-03T12:09:52+00:00","dateModified":"2025-08-19T05:56:04+00:00","description":"Minule jsem skon\u010dila v ko\u0161i. Bez pohledu, bez my\u0161lenky. Jen dal\u0161\u00ed kus bublinkov\u00e9 f\u00f3lie - pr\u00e1zdn\u00e1, nepot\u0159ebn\u00e1, neviditeln\u00e1. A p\u0159esto je tu znovu. Jin\u00e1.","breadcrumb":{"@id":"https:\/\/elementer.cz\/galerie\/bez-povsimnuti\/#breadcrumb"},"inLanguage":"en-US","potentialAction":[{"@type":"ReadAction","target":["https:\/\/elementer.cz\/galerie\/bez-povsimnuti\/"]}]},{"@type":"ImageObject","inLanguage":"en-US","@id":"https:\/\/elementer.cz\/galerie\/bez-povsimnuti\/#primaryimage","url":"https:\/\/elementer.cz\/wp-content\/uploads\/edit_1000-1.jpg","contentUrl":"https:\/\/elementer.cz\/wp-content\/uploads\/edit_1000-1.jpg","width":695,"height":1000,"caption":"ELEMENTER - D\u00edlo: Bez pov\u0161imnut\u00ed"},{"@type":"BreadcrumbList","@id":"https:\/\/elementer.cz\/galerie\/bez-povsimnuti\/#breadcrumb","itemListElement":[{"@type":"ListItem","position":1,"name":"Dom\u016f","item":"https:\/\/elementer.cz\/"},{"@type":"ListItem","position":2,"name":"Galerie","item":"https:\/\/elementer.cz\/galerie\/"},{"@type":"ListItem","position":3,"name":"Bez pov\u0161imnut\u00ed"}]},{"@type":"WebSite","@id":"https:\/\/elementer.cz\/#website","url":"https:\/\/elementer.cz\/","name":"ELEMENTER","description":"","publisher":{"@id":"https:\/\/elementer.cz\/#organization"},"potentialAction":[{"@type":"SearchAction","target":{"@type":"EntryPoint","urlTemplate":"https:\/\/elementer.cz\/?s={search_term_string}"},"query-input":{"@type":"PropertyValueSpecification","valueRequired":true,"valueName":"search_term_string"}}],"inLanguage":"en-US"},{"@type":"Organization","@id":"https:\/\/elementer.cz\/#organization","name":"ELEMENTER","url":"https:\/\/elementer.cz\/","logo":{"@type":"ImageObject","inLanguage":"en-US","@id":"https:\/\/elementer.cz\/#\/schema\/logo\/image\/","url":"https:\/\/elementer.cz\/wp-content\/uploads\/logo_512_wround.png","contentUrl":"https:\/\/elementer.cz\/wp-content\/uploads\/logo_512_wround.png","width":512,"height":512,"caption":"ELEMENTER"},"image":{"@id":"https:\/\/elementer.cz\/#\/schema\/logo\/image\/"},"sameAs":["https:\/\/www.facebook.com\/Elementer.cz","https:\/\/www.instagram.com\/elementer.cz\/"]}]}},"_links":{"self":[{"href":"https:\/\/elementer.cz\/en\/wp-json\/wp\/v2\/pages\/1420","targetHints":{"allow":["GET"]}}],"collection":[{"href":"https:\/\/elementer.cz\/en\/wp-json\/wp\/v2\/pages"}],"about":[{"href":"https:\/\/elementer.cz\/en\/wp-json\/wp\/v2\/types\/page"}],"author":[{"embeddable":true,"href":"https:\/\/elementer.cz\/en\/wp-json\/wp\/v2\/users\/1"}],"replies":[{"embeddable":true,"href":"https:\/\/elementer.cz\/en\/wp-json\/wp\/v2\/comments?post=1420"}],"version-history":[{"count":83,"href":"https:\/\/elementer.cz\/en\/wp-json\/wp\/v2\/pages\/1420\/revisions"}],"predecessor-version":[{"id":2268,"href":"https:\/\/elementer.cz\/en\/wp-json\/wp\/v2\/pages\/1420\/revisions\/2268"}],"up":[{"embeddable":true,"href":"https:\/\/elementer.cz\/en\/wp-json\/wp\/v2\/pages\/312"}],"wp:featuredmedia":[{"embeddable":true,"href":"https:\/\/elementer.cz\/en\/wp-json\/wp\/v2\/media\/1419"}],"wp:attachment":[{"href":"https:\/\/elementer.cz\/en\/wp-json\/wp\/v2\/media?parent=1420"}],"curies":[{"name":"wp","href":"https:\/\/api.w.org\/{rel}","templated":true}]}}