{"id":2803,"date":"2025-10-02T10:35:08","date_gmt":"2025-10-02T08:35:08","guid":{"rendered":"https:\/\/elementer.cz\/?page_id=2803"},"modified":"2025-10-02T11:21:55","modified_gmt":"2025-10-02T09:21:55","slug":"propagacni-materialy","status":"publish","type":"page","link":"https:\/\/elementer.cz\/en\/propagacni-materialy\/","title":{"rendered":"Propaga\u010dn\u00ed materi\u00e1ly"},"content":{"rendered":"<div data-elementor-type=\"wp-page\" data-elementor-id=\"2803\" class=\"elementor elementor-2803\">\n\t\t\t\t<div class=\"elementor-element elementor-element-a56d276 e-flex e-con-boxed e-con e-parent\" data-id=\"a56d276\" data-element_type=\"container\" data-e-type=\"container\">\n\t\t\t\t\t<div class=\"e-con-inner\">\n\t\t<div class=\"elementor-element elementor-element-d5fb8b1 e-con-full e-flex e-con e-child\" data-id=\"d5fb8b1\" data-element_type=\"container\" data-e-type=\"container\">\n\t\t\t\t<div class=\"elementor-element elementor-element-3718b4b elementor-widget elementor-widget-html\" data-id=\"3718b4b\" data-element_type=\"widget\" data-e-type=\"widget\" data-widget_type=\"html.default\">\n\t\t\t\t<div class=\"elementor-widget-container\">\n\t\t\t\t\t<script>\r\nwindow.onload = function() \r\n{\r\n    document.getElementById(\"cil\").scrollIntoView({ behavior: \"smooth\" });\r\n};\r\n<\/script>\r\n<div id=\"cil\"><\/div>\t\t\t\t<\/div>\n\t\t\t\t<\/div>\n\t\t\t\t<div class=\"elementor-element elementor-element-d3a309f elementor-widget elementor-widget-heading\" data-id=\"d3a309f\" data-element_type=\"widget\" data-e-type=\"widget\" data-widget_type=\"heading.default\">\n\t\t\t\t<div class=\"elementor-widget-container\">\n\t\t\t\t\t<h1 class=\"elementor-heading-title elementor-size-default\">Propaga\u010dn\u00ed materi\u00e1ly<\/h1>\t\t\t\t<\/div>\n\t\t\t\t<\/div>\n\t\t\t\t<div class=\"elementor-element elementor-element-761d08e elementor-widget-divider--view-line elementor-widget elementor-widget-divider\" data-id=\"761d08e\" data-element_type=\"widget\" data-e-type=\"widget\" data-widget_type=\"divider.default\">\n\t\t\t\t<div class=\"elementor-widget-container\">\n\t\t\t\t\t\t\t<div class=\"elementor-divider\">\n\t\t\t<span class=\"elementor-divider-separator\">\n\t\t\t\t\t\t<\/span>\n\t\t<\/div>\n\t\t\t\t\t\t<\/div>\n\t\t\t\t<\/div>\n\t\t\t\t<div class=\"elementor-element elementor-element-a922ca4 elementor-widget elementor-widget-heading\" data-id=\"a922ca4\" data-element_type=\"widget\" data-e-type=\"widget\" data-widget_type=\"heading.default\">\n\t\t\t\t<div class=\"elementor-widget-container\">\n\t\t\t\t\t<h2 class=\"elementor-heading-title elementor-size-default\">Ke sta\u017een\u00ed a sd\u00edlen\u00ed<\/h2>\t\t\t\t<\/div>\n\t\t\t\t<\/div>\n\t\t\t\t<\/div>\n\t\t\t\t\t<\/div>\n\t\t\t\t<\/div>\n\t\t<div class=\"elementor-element elementor-element-2a8977e e-flex e-con-boxed e-con e-parent\" data-id=\"2a8977e\" data-element_type=\"container\" data-e-type=\"container\">\n\t\t\t\t\t<div class=\"e-con-inner\">\n\t\t<div class=\"elementor-element elementor-element-02f935e e-con-full e-flex e-con e-child\" data-id=\"02f935e\" data-element_type=\"container\" data-e-type=\"container\">\n\t\t<div class=\"elementor-element elementor-element-3d3fd1c e-con-full e-flex e-con e-child\" data-id=\"3d3fd1c\" data-element_type=\"container\" data-e-type=\"container\">\n\t\t\t\t<div class=\"elementor-element elementor-element-be35830 elementor-widget elementor-widget-text-editor\" data-id=\"be35830\" data-element_type=\"widget\" data-e-type=\"widget\" data-widget_type=\"text-editor.default\">\n\t\t\t\t<div class=\"elementor-widget-container\">\n\t\t\t\t\t\t\t\t\t<h5 data-start=\"85\" data-end=\"129\"><strong>Pomozte d\u011btem objevovat radost z u\u010den\u00ed<\/strong><\/h5><p>P\u0159ipravil jsem let\u00e1k, kter\u00fd m\u016f\u017eete vytisknout a sd\u00edlet \u2013 t\u0159eba ve \u0161kolk\u00e1ch, \u0161kol\u00e1ch, mezi rodi\u010di nebo i v \u010dek\u00e1rn\u011b u l\u00e9ka\u0159e.<\/p><p>Interaktivn\u00ed aplikace jsou z\u00e1bavn\u00e9 a z\u00e1rove\u0148 kvalitn\u00ed v\u00fdukov\u00e9 pom\u016fcky, kter\u00e9 d\u011bti bav\u00ed a vyu\u017eijete je opravdu kdekoliv \u2013 p\u0159i v\u00fduce ve \u0161kole, doma, venku nebo t\u0159eba p\u0159i \u010dek\u00e1n\u00ed u l\u00e9ka\u0159e.<\/p>\t\t\t\t\t\t\t\t<\/div>\n\t\t\t\t<\/div>\n\t\t\t\t<div class=\"elementor-element elementor-element-d2306ea elementor-align-center elementor-widget elementor-widget-button\" data-id=\"d2306ea\" data-element_type=\"widget\" data-e-type=\"widget\" data-widget_type=\"button.default\">\n\t\t\t\t<div class=\"elementor-widget-container\">\n\t\t\t\t\t\t\t\t\t<div class=\"elementor-button-wrapper\">\n\t\t\t\t\t<a class=\"elementor-button elementor-button-link elementor-size-sm\" href=\"https:\/\/elementer.cz\/wp-content\/uploads\/Letak-aplikace-ELEMENTER.pdf\" target=\"_blank\">\n\t\t\t\t\t\t<span class=\"elementor-button-content-wrapper\">\n\t\t\t\t\t\t<span class=\"elementor-button-icon\">\n\t\t\t\t<svg aria-hidden=\"true\" class=\"e-font-icon-svg e-far-arrow-alt-circle-down\" viewbox=\"0 0 512 512\" xmlns=\"http:\/\/www.w3.org\/2000\/svg\"><path d=\"M256 8C119 8 8 119 8 256s111 248 248 248 248-111 248-248S393 8 256 8zm0 448c-110.5 0-200-89.5-200-200S145.5 56 256 56s200 89.5 200 200-89.5 200-200 200zm-32-316v116h-67c-10.7 0-16 12.9-8.5 20.5l99 99c4.7 4.7 12.3 4.7 17 0l99-99c7.6-7.6 2.2-20.5-8.5-20.5h-67V140c0-6.6-5.4-12-12-12h-40c-6.6 0-12 5.4-12 12z\"><\/path><\/svg>\t\t\t<\/span>\n\t\t\t\t\t\t\t\t\t<span class=\"elementor-button-text\">St\u00e1hnout<\/span>\n\t\t\t\t\t<\/span>\n\t\t\t\t\t<\/a>\n\t\t\t\t<\/div>\n\t\t\t\t\t\t\t\t<\/div>\n\t\t\t\t<\/div>\n\t\t\t\t<\/div>\n\t\t\t\t<div class=\"elementor-element elementor-element-3378f6b elementor-widget elementor-widget-image\" data-id=\"3378f6b\" data-element_type=\"widget\" data-e-type=\"widget\" data-widget_type=\"image.default\">\n\t\t\t\t<div class=\"elementor-widget-container\">\n\t\t\t\t\t\t\t\t\t\t\t\t\t\t\t\t<a href=\"https:\/\/elementer.cz\/wp-content\/uploads\/Letak-aplikace-ELEMENTER.pdf\" target=\"_blank\">\n\t\t\t\t\t\t\t<img fetchpriority=\"high\" decoding=\"async\" width=\"566\" height=\"800\" src=\"https:\/\/elementer.cz\/wp-content\/uploads\/nahled_letaku.png\" class=\"attachment-large size-large wp-image-2808\" alt=\"let\u00e1k ELEMENTER\" srcset=\"https:\/\/elementer.cz\/wp-content\/uploads\/nahled_letaku.png 566w, https:\/\/elementer.cz\/wp-content\/uploads\/nahled_letaku-212x300.png 212w, https:\/\/elementer.cz\/wp-content\/uploads\/nahled_letaku-8x12.png 8w\" sizes=\"(max-width: 566px) 100vw, 566px\" \/>\t\t\t\t\t\t\t\t<\/a>\n\t\t\t\t\t\t\t\t\t\t\t\t\t\t\t<\/div>\n\t\t\t\t<\/div>\n\t\t\t\t<\/div>\n\t\t\t\t\t<\/div>\n\t\t\t\t<\/div>\n\t\t\t\t<\/div>","protected":false},"excerpt":{"rendered":"<p>Propaga\u010dn\u00ed materi\u00e1ly Ke sta\u017een\u00ed a sd\u00edlen\u00ed Pomozte d\u011btem objevovat radost z u\u010den\u00ed P\u0159ipravil jsem let\u00e1k, kter\u00fd m\u016f\u017eete vytisknout a sd\u00edlet \u2013 t\u0159eba ve \u0161kolk\u00e1ch, \u0161kol\u00e1ch, mezi rodi\u010di nebo i v \u010dek\u00e1rn\u011b u l\u00e9ka\u0159e. Interaktivn\u00ed aplikace jsou z\u00e1bavn\u00e9 a z\u00e1rove\u0148 kvalitn\u00ed v\u00fdukov\u00e9 pom\u016fcky, kter\u00e9 d\u011bti bav\u00ed a vyu\u017eijete je opravdu kdekoliv \u2013 p\u0159i v\u00fduce ve \u0161kole, [&hellip;]<\/p>\n","protected":false},"author":1,"featured_media":1053,"parent":0,"menu_order":4,"comment_status":"closed","ping_status":"closed","template":"elementor_canvas","meta":{"footnotes":""},"class_list":["post-2803","page","type-page","status-publish","has-post-thumbnail","hentry"],"yoast_head":"<!-- This site is optimized with the Yoast SEO plugin v27.1.1 - https:\/\/yoast.com\/product\/yoast-seo-wordpress\/ -->\n<title>Propaga\u010dn\u00ed materi\u00e1ly | ELEMENTER<\/title>\n<meta name=\"description\" content=\"Ke sta\u017een\u00ed: materi\u00e1ly, grafika a projekty. St\u00e1hn\u011bte si let\u00e1ky, plak\u00e1ty a dal\u0161\u00ed vizu\u00e1ln\u00ed obsah pro vzd\u011bl\u00e1v\u00e1n\u00ed, tvorbu a propagaci.\" \/>\n<meta name=\"robots\" content=\"index, follow, max-snippet:-1, max-image-preview:large, max-video-preview:-1\" \/>\n<link rel=\"canonical\" href=\"https:\/\/elementer.cz\/en\/propagacni-materialy\/\" \/>\n<meta property=\"og:locale\" content=\"en_US\" \/>\n<meta property=\"og:type\" content=\"article\" \/>\n<meta property=\"og:title\" content=\"Propaga\u010dn\u00ed materi\u00e1ly | ELEMENTER\" \/>\n<meta property=\"og:description\" content=\"Ke sta\u017een\u00ed: materi\u00e1ly, grafika a projekty. St\u00e1hn\u011bte si let\u00e1ky, plak\u00e1ty a dal\u0161\u00ed vizu\u00e1ln\u00ed obsah pro vzd\u011bl\u00e1v\u00e1n\u00ed, tvorbu a propagaci.\" \/>\n<meta property=\"og:url\" content=\"https:\/\/elementer.cz\/en\/propagacni-materialy\/\" \/>\n<meta property=\"og:site_name\" content=\"ELEMENTER\" \/>\n<meta property=\"article:publisher\" content=\"https:\/\/www.facebook.com\/Elementer.cz\" \/>\n<meta property=\"article:modified_time\" content=\"2025-10-02T09:21:55+00:00\" \/>\n<meta property=\"og:image\" content=\"https:\/\/elementer.cz\/wp-content\/uploads\/logo-500.png\" \/>\n\t<meta property=\"og:image:width\" content=\"500\" \/>\n\t<meta property=\"og:image:height\" content=\"500\" \/>\n\t<meta property=\"og:image:type\" content=\"image\/png\" \/>\n<meta name=\"twitter:card\" content=\"summary_large_image\" \/>\n<meta name=\"twitter:label1\" content=\"Est. reading time\" \/>\n\t<meta name=\"twitter:data1\" content=\"1 minute\" \/>\n<script type=\"application\/ld+json\" class=\"yoast-schema-graph\">{\"@context\":\"https:\/\/schema.org\",\"@graph\":[{\"@type\":\"WebPage\",\"@id\":\"https:\/\/elementer.cz\/propagacni-materialy\/\",\"url\":\"https:\/\/elementer.cz\/propagacni-materialy\/\",\"name\":\"Propaga\u010dn\u00ed materi\u00e1ly | ELEMENTER\",\"isPartOf\":{\"@id\":\"https:\/\/elementer.cz\/#website\"},\"primaryImageOfPage\":{\"@id\":\"https:\/\/elementer.cz\/propagacni-materialy\/#primaryimage\"},\"image\":{\"@id\":\"https:\/\/elementer.cz\/propagacni-materialy\/#primaryimage\"},\"thumbnailUrl\":\"https:\/\/elementer.cz\/wp-content\/uploads\/logo-500.png\",\"datePublished\":\"2025-10-02T08:35:08+00:00\",\"dateModified\":\"2025-10-02T09:21:55+00:00\",\"description\":\"Ke sta\u017een\u00ed: materi\u00e1ly, grafika a projekty. St\u00e1hn\u011bte si let\u00e1ky, plak\u00e1ty a dal\u0161\u00ed vizu\u00e1ln\u00ed obsah pro vzd\u011bl\u00e1v\u00e1n\u00ed, tvorbu a propagaci.\",\"breadcrumb\":{\"@id\":\"https:\/\/elementer.cz\/propagacni-materialy\/#breadcrumb\"},\"inLanguage\":\"en-US\",\"potentialAction\":[{\"@type\":\"ReadAction\",\"target\":[\"https:\/\/elementer.cz\/propagacni-materialy\/\"]}]},{\"@type\":\"ImageObject\",\"inLanguage\":\"en-US\",\"@id\":\"https:\/\/elementer.cz\/propagacni-materialy\/#primaryimage\",\"url\":\"https:\/\/elementer.cz\/wp-content\/uploads\/logo-500.png\",\"contentUrl\":\"https:\/\/elementer.cz\/wp-content\/uploads\/logo-500.png\",\"width\":500,\"height\":500,\"caption\":\"Elementer logo\"},{\"@type\":\"BreadcrumbList\",\"@id\":\"https:\/\/elementer.cz\/propagacni-materialy\/#breadcrumb\",\"itemListElement\":[{\"@type\":\"ListItem\",\"position\":1,\"name\":\"Dom\u016f\",\"item\":\"https:\/\/elementer.cz\/\"},{\"@type\":\"ListItem\",\"position\":2,\"name\":\"Propaga\u010dn\u00ed materi\u00e1ly\"}]},{\"@type\":\"WebSite\",\"@id\":\"https:\/\/elementer.cz\/#website\",\"url\":\"https:\/\/elementer.cz\/\",\"name\":\"ELEMENTER\",\"description\":\"\",\"publisher\":{\"@id\":\"https:\/\/elementer.cz\/#organization\"},\"potentialAction\":[{\"@type\":\"SearchAction\",\"target\":{\"@type\":\"EntryPoint\",\"urlTemplate\":\"https:\/\/elementer.cz\/?s={search_term_string}\"},\"query-input\":{\"@type\":\"PropertyValueSpecification\",\"valueRequired\":true,\"valueName\":\"search_term_string\"}}],\"inLanguage\":\"en-US\"},{\"@type\":\"Organization\",\"@id\":\"https:\/\/elementer.cz\/#organization\",\"name\":\"ELEMENTER\",\"url\":\"https:\/\/elementer.cz\/\",\"logo\":{\"@type\":\"ImageObject\",\"inLanguage\":\"en-US\",\"@id\":\"https:\/\/elementer.cz\/#\/schema\/logo\/image\/\",\"url\":\"https:\/\/elementer.cz\/wp-content\/uploads\/logo_512_wround.png\",\"contentUrl\":\"https:\/\/elementer.cz\/wp-content\/uploads\/logo_512_wround.png\",\"width\":512,\"height\":512,\"caption\":\"ELEMENTER\"},\"image\":{\"@id\":\"https:\/\/elementer.cz\/#\/schema\/logo\/image\/\"},\"sameAs\":[\"https:\/\/www.facebook.com\/Elementer.cz\",\"https:\/\/www.instagram.com\/elementer.cz\/\"]}]}<\/script>\n<!-- \/ Yoast SEO plugin. -->","yoast_head_json":{"title":"Propaga\u010dn\u00ed materi\u00e1ly | ELEMENTER","description":"Ke sta\u017een\u00ed: materi\u00e1ly, grafika a projekty. St\u00e1hn\u011bte si let\u00e1ky, plak\u00e1ty a dal\u0161\u00ed vizu\u00e1ln\u00ed obsah pro vzd\u011bl\u00e1v\u00e1n\u00ed, tvorbu a propagaci.","robots":{"index":"index","follow":"follow","max-snippet":"max-snippet:-1","max-image-preview":"max-image-preview:large","max-video-preview":"max-video-preview:-1"},"canonical":"https:\/\/elementer.cz\/en\/propagacni-materialy\/","og_locale":"en_US","og_type":"article","og_title":"Propaga\u010dn\u00ed materi\u00e1ly | ELEMENTER","og_description":"Ke sta\u017een\u00ed: materi\u00e1ly, grafika a projekty. St\u00e1hn\u011bte si let\u00e1ky, plak\u00e1ty a dal\u0161\u00ed vizu\u00e1ln\u00ed obsah pro vzd\u011bl\u00e1v\u00e1n\u00ed, tvorbu a propagaci.","og_url":"https:\/\/elementer.cz\/en\/propagacni-materialy\/","og_site_name":"ELEMENTER","article_publisher":"https:\/\/www.facebook.com\/Elementer.cz","article_modified_time":"2025-10-02T09:21:55+00:00","og_image":[{"width":500,"height":500,"url":"https:\/\/elementer.cz\/wp-content\/uploads\/logo-500.png","type":"image\/png"}],"twitter_card":"summary_large_image","twitter_misc":{"Est. reading time":"1 minute"},"schema":{"@context":"https:\/\/schema.org","@graph":[{"@type":"WebPage","@id":"https:\/\/elementer.cz\/propagacni-materialy\/","url":"https:\/\/elementer.cz\/propagacni-materialy\/","name":"Propaga\u010dn\u00ed materi\u00e1ly | ELEMENTER","isPartOf":{"@id":"https:\/\/elementer.cz\/#website"},"primaryImageOfPage":{"@id":"https:\/\/elementer.cz\/propagacni-materialy\/#primaryimage"},"image":{"@id":"https:\/\/elementer.cz\/propagacni-materialy\/#primaryimage"},"thumbnailUrl":"https:\/\/elementer.cz\/wp-content\/uploads\/logo-500.png","datePublished":"2025-10-02T08:35:08+00:00","dateModified":"2025-10-02T09:21:55+00:00","description":"Ke sta\u017een\u00ed: materi\u00e1ly, grafika a projekty. St\u00e1hn\u011bte si let\u00e1ky, plak\u00e1ty a dal\u0161\u00ed vizu\u00e1ln\u00ed obsah pro vzd\u011bl\u00e1v\u00e1n\u00ed, tvorbu a propagaci.","breadcrumb":{"@id":"https:\/\/elementer.cz\/propagacni-materialy\/#breadcrumb"},"inLanguage":"en-US","potentialAction":[{"@type":"ReadAction","target":["https:\/\/elementer.cz\/propagacni-materialy\/"]}]},{"@type":"ImageObject","inLanguage":"en-US","@id":"https:\/\/elementer.cz\/propagacni-materialy\/#primaryimage","url":"https:\/\/elementer.cz\/wp-content\/uploads\/logo-500.png","contentUrl":"https:\/\/elementer.cz\/wp-content\/uploads\/logo-500.png","width":500,"height":500,"caption":"Elementer logo"},{"@type":"BreadcrumbList","@id":"https:\/\/elementer.cz\/propagacni-materialy\/#breadcrumb","itemListElement":[{"@type":"ListItem","position":1,"name":"Dom\u016f","item":"https:\/\/elementer.cz\/"},{"@type":"ListItem","position":2,"name":"Propaga\u010dn\u00ed materi\u00e1ly"}]},{"@type":"WebSite","@id":"https:\/\/elementer.cz\/#website","url":"https:\/\/elementer.cz\/","name":"ELEMENTER","description":"","publisher":{"@id":"https:\/\/elementer.cz\/#organization"},"potentialAction":[{"@type":"SearchAction","target":{"@type":"EntryPoint","urlTemplate":"https:\/\/elementer.cz\/?s={search_term_string}"},"query-input":{"@type":"PropertyValueSpecification","valueRequired":true,"valueName":"search_term_string"}}],"inLanguage":"en-US"},{"@type":"Organization","@id":"https:\/\/elementer.cz\/#organization","name":"ELEMENTER","url":"https:\/\/elementer.cz\/","logo":{"@type":"ImageObject","inLanguage":"en-US","@id":"https:\/\/elementer.cz\/#\/schema\/logo\/image\/","url":"https:\/\/elementer.cz\/wp-content\/uploads\/logo_512_wround.png","contentUrl":"https:\/\/elementer.cz\/wp-content\/uploads\/logo_512_wround.png","width":512,"height":512,"caption":"ELEMENTER"},"image":{"@id":"https:\/\/elementer.cz\/#\/schema\/logo\/image\/"},"sameAs":["https:\/\/www.facebook.com\/Elementer.cz","https:\/\/www.instagram.com\/elementer.cz\/"]}]}},"_links":{"self":[{"href":"https:\/\/elementer.cz\/en\/wp-json\/wp\/v2\/pages\/2803","targetHints":{"allow":["GET"]}}],"collection":[{"href":"https:\/\/elementer.cz\/en\/wp-json\/wp\/v2\/pages"}],"about":[{"href":"https:\/\/elementer.cz\/en\/wp-json\/wp\/v2\/types\/page"}],"author":[{"embeddable":true,"href":"https:\/\/elementer.cz\/en\/wp-json\/wp\/v2\/users\/1"}],"replies":[{"embeddable":true,"href":"https:\/\/elementer.cz\/en\/wp-json\/wp\/v2\/comments?post=2803"}],"version-history":[{"count":15,"href":"https:\/\/elementer.cz\/en\/wp-json\/wp\/v2\/pages\/2803\/revisions"}],"predecessor-version":[{"id":2824,"href":"https:\/\/elementer.cz\/en\/wp-json\/wp\/v2\/pages\/2803\/revisions\/2824"}],"wp:featuredmedia":[{"embeddable":true,"href":"https:\/\/elementer.cz\/en\/wp-json\/wp\/v2\/media\/1053"}],"wp:attachment":[{"href":"https:\/\/elementer.cz\/en\/wp-json\/wp\/v2\/media?parent=2803"}],"curies":[{"name":"wp","href":"https:\/\/api.w.org\/{rel}","templated":true}]}}