{"id":381,"date":"2025-01-25T21:21:31","date_gmt":"2025-01-25T20:21:31","guid":{"rendered":"https:\/\/elementer.cz\/?page_id=381"},"modified":"2025-03-07T18:27:36","modified_gmt":"2025-03-07T17:27:36","slug":"otik","status":"publish","type":"page","link":"https:\/\/elementer.cz\/en\/galerie\/otik\/","title":{"rendered":"Ot\u00edk"},"content":{"rendered":"<div data-elementor-type=\"wp-page\" data-elementor-id=\"381\" class=\"elementor elementor-381\">\n\t\t\t\t<div class=\"elementor-element elementor-element-a56d276 e-flex e-con-boxed e-con e-parent\" data-id=\"a56d276\" data-element_type=\"container\" data-e-type=\"container\">\n\t\t\t\t\t<div class=\"e-con-inner\">\n\t\t<div class=\"elementor-element elementor-element-d5fb8b1 e-con-full e-flex e-con e-child\" data-id=\"d5fb8b1\" data-element_type=\"container\" data-e-type=\"container\">\n\t\t\t\t<div class=\"elementor-element elementor-element-d3a309f elementor-widget elementor-widget-heading\" data-id=\"d3a309f\" data-element_type=\"widget\" data-e-type=\"widget\" data-widget_type=\"heading.default\">\n\t\t\t\t<div class=\"elementor-widget-container\">\n\t\t\t\t\t<h1 class=\"elementor-heading-title elementor-size-default\">Ot\u00edk<\/h1>\t\t\t\t<\/div>\n\t\t\t\t<\/div>\n\t\t\t\t<div class=\"elementor-element elementor-element-761d08e elementor-widget-divider--view-line elementor-widget elementor-widget-divider\" data-id=\"761d08e\" data-element_type=\"widget\" data-e-type=\"widget\" data-widget_type=\"divider.default\">\n\t\t\t\t<div class=\"elementor-widget-container\">\n\t\t\t\t\t\t\t<div class=\"elementor-divider\">\n\t\t\t<span class=\"elementor-divider-separator\">\n\t\t\t\t\t\t<\/span>\n\t\t<\/div>\n\t\t\t\t\t\t<\/div>\n\t\t\t\t<\/div>\n\t\t\t\t<\/div>\n\t\t\t\t\t<\/div>\n\t\t\t\t<\/div>\n\t\t<div class=\"elementor-element elementor-element-c4a1399 e-flex e-con-boxed e-con e-parent\" data-id=\"c4a1399\" data-element_type=\"container\" data-e-type=\"container\">\n\t\t\t\t\t<div class=\"e-con-inner\">\n\t\t<div class=\"elementor-element elementor-element-2cec88a e-con-full e-flex e-con e-child\" data-id=\"2cec88a\" data-element_type=\"container\" data-e-type=\"container\">\n\t\t<div class=\"elementor-element elementor-element-0eadf13 e-con-full e-flex e-con e-child\" data-id=\"0eadf13\" data-element_type=\"container\" data-e-type=\"container\">\n\t\t\t\t<div class=\"elementor-element elementor-element-f5a792f elementor-widget elementor-widget-text-editor\" data-id=\"f5a792f\" data-element_type=\"widget\" data-e-type=\"widget\" data-widget_type=\"text-editor.default\">\n\t\t\t\t<div class=\"elementor-widget-container\">\n\t\t\t\t\t\t\t\t\t<p>Jednou jsem m\u011bl mo\u017enost si popov\u00eddat s Otou \u201eOt\u00edkem\u201c Ber\u00e1nkem. P\u0159i na\u0161em rozhovoru m\u011b p\u0159ivedl k zaj\u00edmav\u00e9 my\u0161lence.<\/p><p>Uv\u011bdomil jsem si, \u017ee kdy\u017e hodnot\u00edme \u017eivoty ostatn\u00edch lid\u00ed, \u010dasto je posuzujeme jen podle toho, jak bychom sami cht\u011bli \u017e\u00edt. Kdy\u017e toti\u017e \u0159\u00edk\u00e1me, \u017ee n\u011bkdo \u017eije \u201e\u0161patn\u011b\u201c nebo \u201ejinak\u201c, ve skute\u010dnosti t\u00edm jenom vyjad\u0159ujeme, \u017ee podle na\u0161ich m\u011b\u0159\u00edtek \u017eije jinak, ne\u017e bychom cht\u011bli my.<\/p><p>Ot\u00edk mi uk\u00e1zal, \u017ee na\u0161e hodnocen\u00ed je \u010dasto zkreslen\u00e9 t\u00edm, co sami pova\u017eujeme za spr\u00e1vn\u00e9 nebo lep\u0161\u00ed.<\/p><p>P\u0159itom ten \u010dlov\u011bk, kter\u00e9ho posuzujeme, m\u016f\u017ee b\u00fdt \u0161\u0165astn\u011bj\u0161\u00ed nebo napln\u011bn\u011bj\u0161\u00ed, ne\u017e jsme my sami. Mo\u017en\u00e1 m\u00e1 jen jin\u00e9 priority, \u017eivotn\u00ed cestu nebo hodnoty a pr\u00e1v\u011b proto \u017eije tak, jak \u017eije.<\/p><p>Kdy\u017e jsem se Ot\u00edka na z\u00e1v\u011br na\u0161\u00ed konverzace zeptal, co on si mysl\u00ed o ostatn\u00edch lidech, na chv\u00edli se zamyslel a pak odpov\u011bd\u011bl:<\/p><p>\u201eJsou dob\u0159\u00ed lid\u00e9 i zl\u00ed lid\u00e9.\u201c<\/p>\t\t\t\t\t\t\t\t<\/div>\n\t\t\t\t<\/div>\n\t\t\t\t<\/div>\n\t\t<div class=\"elementor-element elementor-element-fbf0662 e-con-full e-flex e-con e-child\" data-id=\"fbf0662\" data-element_type=\"container\" data-e-type=\"container\">\n\t\t\t\t<div class=\"elementor-element elementor-element-e6c9121 elementor-widget elementor-widget-image\" data-id=\"e6c9121\" data-element_type=\"widget\" data-e-type=\"widget\" data-widget_type=\"image.default\">\n\t\t\t\t<div class=\"elementor-widget-container\">\n\t\t\t\t\t\t\t\t\t\t\t\t\t\t\t<img fetchpriority=\"high\" decoding=\"async\" width=\"794\" height=\"1000\" src=\"https:\/\/elementer.cz\/wp-content\/uploads\/otik_800.jpg\" class=\"attachment-full size-full wp-image-383\" alt=\"Ot\u00edk - um\u011bn\u00ed Elementer\" srcset=\"https:\/\/elementer.cz\/wp-content\/uploads\/otik_800.jpg 794w, https:\/\/elementer.cz\/wp-content\/uploads\/otik_800-238x300.jpg 238w, https:\/\/elementer.cz\/wp-content\/uploads\/otik_800-768x967.jpg 768w\" sizes=\"(max-width: 794px) 100vw, 794px\" \/>\t\t\t\t\t\t\t\t\t\t\t\t\t\t\t<\/div>\n\t\t\t\t<\/div>\n\t\t\t\t<\/div>\n\t\t\t\t<\/div>\n\t\t\t\t\t<\/div>\n\t\t\t\t<\/div>\n\t\t<div class=\"elementor-element elementor-element-f97166f e-flex e-con-boxed e-con e-parent\" data-id=\"f97166f\" data-element_type=\"container\" data-e-type=\"container\">\n\t\t\t\t\t<div class=\"e-con-inner\">\n\t\t<div class=\"elementor-element elementor-element-144b0c5 e-con-full e-flex e-con e-child\" data-id=\"144b0c5\" data-element_type=\"container\" data-e-type=\"container\">\n\t\t<div class=\"elementor-element elementor-element-eb33dc3 e-grid e-con-full e-con e-child\" data-id=\"eb33dc3\" data-element_type=\"container\" data-e-type=\"container\">\n\t\t\t\t<div class=\"elementor-element elementor-element-afac05d elementor-widget elementor-widget-image\" data-id=\"afac05d\" data-element_type=\"widget\" data-e-type=\"widget\" data-widget_type=\"image.default\">\n\t\t\t\t<div class=\"elementor-widget-container\">\n\t\t\t\t\t\t\t\t\t\t\t\t\t\t\t\t<a href=\"https:\/\/elementer.cz\/wp-content\/uploads\/o1.jpg\" data-elementor-open-lightbox=\"yes\" data-elementor-lightbox-title=\"OT\u00cdK\" data-e-action-hash=\"#elementor-action%3Aaction%3Dlightbox%26settings%3DeyJpZCI6Mzg1LCJ1cmwiOiJodHRwczpcL1wvZWxlbWVudGVyLmN6XC93cC1jb250ZW50XC91cGxvYWRzXC9vMS5qcGcifQ%3D%3D\">\n\t\t\t\t\t\t\t<img decoding=\"async\" src=\"https:\/\/elementer.cz\/wp-content\/uploads\/elementor\/thumbs\/o1-r0jjz9uehr4ydrjx3lqgfpgermkaqx8g7js4mxo7mo.jpg\" title=\"OT\u00cdK\" alt=\"Ot\u00edk - um\u011bn\u00ed Elementer\" loading=\"lazy\" \/>\t\t\t\t\t\t\t\t<\/a>\n\t\t\t\t\t\t\t\t\t\t\t\t\t\t\t<\/div>\n\t\t\t\t<\/div>\n\t\t\t\t<div class=\"elementor-element elementor-element-151d7f4 elementor-widget elementor-widget-image\" data-id=\"151d7f4\" data-element_type=\"widget\" data-e-type=\"widget\" data-widget_type=\"image.default\">\n\t\t\t\t<div class=\"elementor-widget-container\">\n\t\t\t\t\t\t\t\t\t\t\t\t\t\t\t\t<a href=\"https:\/\/elementer.cz\/wp-content\/uploads\/o2.jpg\" data-elementor-open-lightbox=\"yes\" data-elementor-lightbox-title=\"OT\u00cdK\" data-e-action-hash=\"#elementor-action%3Aaction%3Dlightbox%26settings%3DeyJpZCI6Mzg2LCJ1cmwiOiJodHRwczpcL1wvZWxlbWVudGVyLmN6XC93cC1jb250ZW50XC91cGxvYWRzXC9vMi5qcGcifQ%3D%3D\">\n\t\t\t\t\t\t\t<img decoding=\"async\" src=\"https:\/\/elementer.cz\/wp-content\/uploads\/elementor\/thumbs\/o2-r0jjzbq2vf7j0zh6smjpkozbyeb16bfwvt33lhlfa8.jpg\" title=\"OT\u00cdK\" alt=\"Ot\u00edk - um\u011bn\u00ed Elementer\" loading=\"lazy\" \/>\t\t\t\t\t\t\t\t<\/a>\n\t\t\t\t\t\t\t\t\t\t\t\t\t\t\t<\/div>\n\t\t\t\t<\/div>\n\t\t\t\t<div class=\"elementor-element elementor-element-9b38d65 elementor-widget elementor-widget-image\" data-id=\"9b38d65\" data-element_type=\"widget\" data-e-type=\"widget\" data-widget_type=\"image.default\">\n\t\t\t\t<div class=\"elementor-widget-container\">\n\t\t\t\t\t\t\t\t\t\t\t\t\t\t\t\t<a href=\"https:\/\/elementer.cz\/wp-content\/uploads\/o3.jpg\" data-elementor-open-lightbox=\"yes\" data-elementor-lightbox-title=\"OT\u00cdK\" data-e-action-hash=\"#elementor-action%3Aaction%3Dlightbox%26settings%3DeyJpZCI6Mzg0LCJ1cmwiOiJodHRwczpcL1wvZWxlbWVudGVyLmN6XC93cC1jb250ZW50XC91cGxvYWRzXC9vMy5qcGcifQ%3D%3D\">\n\t\t\t\t\t\t\t<img decoding=\"async\" src=\"https:\/\/elementer.cz\/wp-content\/uploads\/elementor\/thumbs\/o3-r0jjz7yq432dqjmnekx7apxhkutkbj0zjah5odqzz4.jpg\" title=\"OT\u00cdK\" alt=\"Ot\u00edk - um\u011bn\u00ed Elementer\" loading=\"lazy\" \/>\t\t\t\t\t\t\t\t<\/a>\n\t\t\t\t\t\t\t\t\t\t\t\t\t\t\t<\/div>\n\t\t\t\t<\/div>\n\t\t\t\t<\/div>\n\t\t\t\t<\/div>\n\t\t\t\t\t<\/div>\n\t\t\t\t<\/div>\n\t\t<div class=\"elementor-element elementor-element-7d5a200 e-flex e-con-boxed e-con e-parent\" data-id=\"7d5a200\" data-element_type=\"container\" data-e-type=\"container\">\n\t\t\t\t\t<div class=\"e-con-inner\">\n\t\t\t\t<div class=\"elementor-element elementor-element-7082342 elementor-widget-divider--view-line elementor-widget elementor-widget-divider\" data-id=\"7082342\" data-element_type=\"widget\" data-e-type=\"widget\" data-widget_type=\"divider.default\">\n\t\t\t\t<div class=\"elementor-widget-container\">\n\t\t\t\t\t\t\t<div class=\"elementor-divider\">\n\t\t\t<span class=\"elementor-divider-separator\">\n\t\t\t\t\t\t<\/span>\n\t\t<\/div>\n\t\t\t\t\t\t<\/div>\n\t\t\t\t<\/div>\n\t\t\t\t<div class=\"elementor-element elementor-element-9360a57 elementor-widget elementor-widget-text-editor\" data-id=\"9360a57\" data-element_type=\"widget\" data-e-type=\"widget\" data-widget_type=\"text-editor.default\">\n\t\t\t\t<div class=\"elementor-widget-container\">\n\t\t\t\t\t\t\t\t\t<p style=\"text-align: center;\">Obrazy nevznikaj\u00ed v ateli\u00e9ru, proto mohou obsahovat p\u0159irozen\u011b se vyskytuj\u00edc\u00ed ne\u010distoty, jako jsou kam\u00ednky, prach \u010di jin\u00e9 p\u0159\u00edrodn\u00ed prvky.<\/p><p style=\"text-align: center;\">P\u0159i tvorb\u011b pracuji s maxim\u00e1ln\u00ed opatrnost\u00ed a respektem k cel\u00e9mu m\u00edstu. Pou\u017e\u00edv\u00e1m techniky, kter\u00e9 nepo\u0161kod\u00ed povrch a netoxick\u00e9 barvy na vodn\u00ed b\u00e1zi.<\/p>\t\t\t\t\t\t\t\t<\/div>\n\t\t\t\t<\/div>\n\t\t<div class=\"elementor-element elementor-element-1e3a397 e-con-full e-flex e-con e-child\" data-id=\"1e3a397\" data-element_type=\"container\" data-e-type=\"container\">\n\t\t<div class=\"elementor-element elementor-element-7a37a06 e-con-full e-flex e-con e-child\" data-id=\"7a37a06\" data-element_type=\"container\" data-e-type=\"container\">\n\t\t\t\t<div class=\"elementor-element elementor-element-152fe90 elementor-view-default elementor-widget elementor-widget-icon\" data-id=\"152fe90\" data-element_type=\"widget\" data-e-type=\"widget\" data-widget_type=\"icon.default\">\n\t\t\t\t<div class=\"elementor-widget-container\">\n\t\t\t\t\t\t\t<div class=\"elementor-icon-wrapper\">\n\t\t\t<div class=\"elementor-icon\">\n\t\t\t<svg aria-hidden=\"true\" class=\"e-font-icon-svg e-fas-expand-arrows-alt\" viewbox=\"0 0 448 512\" xmlns=\"http:\/\/www.w3.org\/2000\/svg\"><path d=\"M448 344v112a23.94 23.94 0 0 1-24 24H312c-21.39 0-32.09-25.9-17-41l36.2-36.2L224 295.6 116.77 402.9 153 439c15.09 15.1 4.39 41-17 41H24a23.94 23.94 0 0 1-24-24V344c0-21.4 25.89-32.1 41-17l36.19 36.2L184.46 256 77.18 148.7 41 185c-15.1 15.1-41 4.4-41-17V56a23.94 23.94 0 0 1 24-24h112c21.39 0 32.09 25.9 17 41l-36.2 36.2L224 216.4l107.23-107.3L295 73c-15.09-15.1-4.39-41 17-41h112a23.94 23.94 0 0 1 24 24v112c0 21.4-25.89 32.1-41 17l-36.19-36.2L263.54 256l107.28 107.3L407 327.1c15.1-15.2 41-4.5 41 16.9z\"><\/path><\/svg>\t\t\t<\/div>\n\t\t<\/div>\n\t\t\t\t\t\t<\/div>\n\t\t\t\t<\/div>\n\t\t\t\t<div class=\"elementor-element elementor-element-b7d4e52 elementor-widget elementor-widget-heading\" data-id=\"b7d4e52\" data-element_type=\"widget\" data-e-type=\"widget\" data-widget_type=\"heading.default\">\n\t\t\t\t<div class=\"elementor-widget-container\">\n\t\t\t\t\t<p class=\"elementor-heading-title elementor-size-default\">24x30 cm<\/p>\t\t\t\t<\/div>\n\t\t\t\t<\/div>\n\t\t\t\t<\/div>\n\t\t<div class=\"elementor-element elementor-element-11ff75d e-con-full e-flex e-con e-child\" data-id=\"11ff75d\" data-element_type=\"container\" data-e-type=\"container\">\n\t\t\t\t<div class=\"elementor-element elementor-element-9f34a40 elementor-view-default elementor-widget elementor-widget-icon\" data-id=\"9f34a40\" data-element_type=\"widget\" data-e-type=\"widget\" data-widget_type=\"icon.default\">\n\t\t\t\t<div class=\"elementor-widget-container\">\n\t\t\t\t\t\t\t<div class=\"elementor-icon-wrapper\">\n\t\t\t<div class=\"elementor-icon\">\n\t\t\t<svg aria-hidden=\"true\" class=\"e-font-icon-svg e-fas-broom\" viewbox=\"0 0 640 512\" xmlns=\"http:\/\/www.w3.org\/2000\/svg\"><path d=\"M256.47 216.77l86.73 109.18s-16.6 102.36-76.57 150.12C206.66 523.85 0 510.19 0 510.19s3.8-23.14 11-55.43l94.62-112.17c3.97-4.7-.87-11.62-6.65-9.5l-60.4 22.09c14.44-41.66 32.72-80.04 54.6-97.47 59.97-47.76 163.3-40.94 163.3-40.94zM636.53 31.03l-19.86-25c-5.49-6.9-15.52-8.05-22.41-2.56l-232.48 177.8-34.14-42.97c-5.09-6.41-15.14-5.21-18.59 2.21l-25.33 54.55 86.73 109.18 58.8-12.45c8-1.69 11.42-11.2 6.34-17.6l-34.09-42.92 232.48-177.8c6.89-5.48 8.04-15.53 2.55-22.44z\"><\/path><\/svg>\t\t\t<\/div>\n\t\t<\/div>\n\t\t\t\t\t\t<\/div>\n\t\t\t\t<\/div>\n\t\t\t\t<div class=\"elementor-element elementor-element-d667e6b elementor-widget elementor-widget-heading\" data-id=\"d667e6b\" data-element_type=\"widget\" data-e-type=\"widget\" data-widget_type=\"heading.default\">\n\t\t\t\t<div class=\"elementor-widget-container\">\n\t\t\t\t\t<p class=\"elementor-heading-title elementor-size-default\">Akryl na pl\u00e1tn\u011b<\/p>\t\t\t\t<\/div>\n\t\t\t\t<\/div>\n\t\t\t\t<\/div>\n\t\t<div class=\"elementor-element elementor-element-d607a0a e-con-full e-flex e-con e-child\" data-id=\"d607a0a\" data-element_type=\"container\" data-e-type=\"container\">\n\t\t\t\t<div class=\"elementor-element elementor-element-f588ed9 elementor-view-default elementor-widget elementor-widget-icon\" data-id=\"f588ed9\" data-element_type=\"widget\" data-e-type=\"widget\" data-widget_type=\"icon.default\">\n\t\t\t\t<div class=\"elementor-widget-container\">\n\t\t\t\t\t\t\t<div class=\"elementor-icon-wrapper\">\n\t\t\t<div class=\"elementor-icon\">\n\t\t\t<svg aria-hidden=\"true\" class=\"e-font-icon-svg e-fas-certificate\" viewbox=\"0 0 512 512\" xmlns=\"http:\/\/www.w3.org\/2000\/svg\"><path d=\"M458.622 255.92l45.985-45.005c13.708-12.977 7.316-36.039-10.664-40.339l-62.65-15.99 17.661-62.015c4.991-17.838-11.829-34.663-29.661-29.671l-61.994 17.667-15.984-62.671C337.085.197 313.765-6.276 300.99 7.228L256 53.57 211.011 7.229c-12.63-13.351-36.047-7.234-40.325 10.668l-15.984 62.671-61.995-17.667C74.87 57.907 58.056 74.738 63.046 92.572l17.661 62.015-62.65 15.99C.069 174.878-6.31 197.944 7.392 210.915l45.985 45.005-45.985 45.004c-13.708 12.977-7.316 36.039 10.664 40.339l62.65 15.99-17.661 62.015c-4.991 17.838 11.829 34.663 29.661 29.671l61.994-17.667 15.984 62.671c4.439 18.575 27.696 24.018 40.325 10.668L256 458.61l44.989 46.001c12.5 13.488 35.987 7.486 40.325-10.668l15.984-62.671 61.994 17.667c17.836 4.994 34.651-11.837 29.661-29.671l-17.661-62.015 62.65-15.99c17.987-4.302 24.366-27.367 10.664-40.339l-45.984-45.004z\"><\/path><\/svg>\t\t\t<\/div>\n\t\t<\/div>\n\t\t\t\t\t\t<\/div>\n\t\t\t\t<\/div>\n\t\t\t\t<div class=\"elementor-element elementor-element-cd84c7d elementor-widget elementor-widget-heading\" data-id=\"cd84c7d\" data-element_type=\"widget\" data-e-type=\"widget\" data-widget_type=\"heading.default\">\n\t\t\t\t<div class=\"elementor-widget-container\">\n\t\t\t\t\t<p class=\"elementor-heading-title elementor-size-default\">Ochrann\u00fd lak<\/p>\t\t\t\t<\/div>\n\t\t\t\t<\/div>\n\t\t\t\t<\/div>\n\t\t\t\t<\/div>\n\t\t\t\t<div class=\"elementor-element elementor-element-ef76598 elementor-widget-divider--view-line elementor-widget elementor-widget-divider\" data-id=\"ef76598\" data-element_type=\"widget\" data-e-type=\"widget\" data-widget_type=\"divider.default\">\n\t\t\t\t<div class=\"elementor-widget-container\">\n\t\t\t\t\t\t\t<div class=\"elementor-divider\">\n\t\t\t<span class=\"elementor-divider-separator\">\n\t\t\t\t\t\t<\/span>\n\t\t<\/div>\n\t\t\t\t\t\t<\/div>\n\t\t\t\t<\/div>\n\t\t\t\t\t<\/div>\n\t\t\t\t<\/div>\n\t\t\t\t<\/div>","protected":false},"excerpt":{"rendered":"<p>Ot\u00edk Jednou jsem m\u011bl mo\u017enost si popov\u00eddat s Otou \u201eOt\u00edkem\u201c Ber\u00e1nkem. P\u0159i na\u0161em rozhovoru m\u011b p\u0159ivedl k zaj\u00edmav\u00e9 my\u0161lence. Uv\u011bdomil jsem si, \u017ee kdy\u017e hodnot\u00edme \u017eivoty ostatn\u00edch lid\u00ed, \u010dasto je posuzujeme jen podle toho, jak bychom sami cht\u011bli \u017e\u00edt. Kdy\u017e toti\u017e \u0159\u00edk\u00e1me, \u017ee n\u011bkdo \u017eije \u201e\u0161patn\u011b\u201c nebo \u201ejinak\u201c, ve skute\u010dnosti t\u00edm jenom vyjad\u0159ujeme, \u017ee podle [&hellip;]<\/p>\n","protected":false},"author":1,"featured_media":67,"parent":312,"menu_order":4,"comment_status":"closed","ping_status":"closed","template":"elementor_canvas","meta":{"footnotes":""},"class_list":["post-381","page","type-page","status-publish","has-post-thumbnail","hentry"],"yoast_head":"<!-- This site is optimized with the Yoast SEO plugin v27.1.1 - https:\/\/yoast.com\/product\/yoast-seo-wordpress\/ -->\n<title>Ot\u00edk | ELEMENTER<\/title>\n<meta name=\"description\" content=\"Kdy\u017e \u0159\u00edk\u00e1me, \u017ee n\u011bkdo \u017eije \u201e\u0161patn\u011b\u201c nebo \u201ejinak\u201c, ve skute\u010dnosti t\u00edm jenom vyjad\u0159ujeme, \u017ee podle na\u0161ich m\u011b\u0159\u00edtek \u017eije jinak, ne\u017e bychom cht\u011bli my.\" \/>\n<meta name=\"robots\" content=\"index, follow, max-snippet:-1, max-image-preview:large, max-video-preview:-1\" \/>\n<link rel=\"canonical\" href=\"https:\/\/elementer.cz\/en\/galerie\/otik\/\" \/>\n<meta property=\"og:locale\" content=\"en_US\" \/>\n<meta property=\"og:type\" content=\"article\" \/>\n<meta property=\"og:title\" content=\"Ot\u00edk | ELEMENTER\" \/>\n<meta property=\"og:description\" content=\"Kdy\u017e \u0159\u00edk\u00e1me, \u017ee n\u011bkdo \u017eije \u201e\u0161patn\u011b\u201c nebo \u201ejinak\u201c, ve skute\u010dnosti t\u00edm jenom vyjad\u0159ujeme, \u017ee podle na\u0161ich m\u011b\u0159\u00edtek \u017eije jinak, ne\u017e bychom cht\u011bli my.\" \/>\n<meta property=\"og:url\" content=\"https:\/\/elementer.cz\/en\/galerie\/otik\/\" \/>\n<meta property=\"og:site_name\" content=\"ELEMENTER\" \/>\n<meta property=\"article:publisher\" content=\"https:\/\/www.facebook.com\/Elementer.cz\" \/>\n<meta property=\"article:modified_time\" content=\"2025-03-07T17:27:36+00:00\" \/>\n<meta property=\"og:image\" content=\"https:\/\/elementer.cz\/wp-content\/uploads\/otik_500.jpg\" \/>\n\t<meta property=\"og:image:width\" content=\"397\" \/>\n\t<meta property=\"og:image:height\" content=\"500\" \/>\n\t<meta property=\"og:image:type\" content=\"image\/jpeg\" \/>\n<meta name=\"twitter:card\" content=\"summary_large_image\" \/>\n<meta name=\"twitter:label1\" content=\"Est. reading time\" \/>\n\t<meta name=\"twitter:data1\" content=\"2 minutes\" \/>\n<script type=\"application\/ld+json\" class=\"yoast-schema-graph\">{\"@context\":\"https:\/\/schema.org\",\"@graph\":[{\"@type\":\"WebPage\",\"@id\":\"https:\/\/elementer.cz\/galerie\/otik\/\",\"url\":\"https:\/\/elementer.cz\/galerie\/otik\/\",\"name\":\"Ot\u00edk | ELEMENTER\",\"isPartOf\":{\"@id\":\"https:\/\/elementer.cz\/#website\"},\"primaryImageOfPage\":{\"@id\":\"https:\/\/elementer.cz\/galerie\/otik\/#primaryimage\"},\"image\":{\"@id\":\"https:\/\/elementer.cz\/galerie\/otik\/#primaryimage\"},\"thumbnailUrl\":\"https:\/\/elementer.cz\/wp-content\/uploads\/otik_500.jpg\",\"datePublished\":\"2025-01-25T20:21:31+00:00\",\"dateModified\":\"2025-03-07T17:27:36+00:00\",\"description\":\"Kdy\u017e \u0159\u00edk\u00e1me, \u017ee n\u011bkdo \u017eije \u201e\u0161patn\u011b\u201c nebo \u201ejinak\u201c, ve skute\u010dnosti t\u00edm jenom vyjad\u0159ujeme, \u017ee podle na\u0161ich m\u011b\u0159\u00edtek \u017eije jinak, ne\u017e bychom cht\u011bli my.\",\"breadcrumb\":{\"@id\":\"https:\/\/elementer.cz\/galerie\/otik\/#breadcrumb\"},\"inLanguage\":\"en-US\",\"potentialAction\":[{\"@type\":\"ReadAction\",\"target\":[\"https:\/\/elementer.cz\/galerie\/otik\/\"]}]},{\"@type\":\"ImageObject\",\"inLanguage\":\"en-US\",\"@id\":\"https:\/\/elementer.cz\/galerie\/otik\/#primaryimage\",\"url\":\"https:\/\/elementer.cz\/wp-content\/uploads\/otik_500.jpg\",\"contentUrl\":\"https:\/\/elementer.cz\/wp-content\/uploads\/otik_500.jpg\",\"width\":397,\"height\":500,\"caption\":\"Elementer - Obrazy - Ot\u00edk\"},{\"@type\":\"BreadcrumbList\",\"@id\":\"https:\/\/elementer.cz\/galerie\/otik\/#breadcrumb\",\"itemListElement\":[{\"@type\":\"ListItem\",\"position\":1,\"name\":\"Dom\u016f\",\"item\":\"https:\/\/elementer.cz\/\"},{\"@type\":\"ListItem\",\"position\":2,\"name\":\"Galerie\",\"item\":\"https:\/\/elementer.cz\/galerie\/\"},{\"@type\":\"ListItem\",\"position\":3,\"name\":\"Ot\u00edk\"}]},{\"@type\":\"WebSite\",\"@id\":\"https:\/\/elementer.cz\/#website\",\"url\":\"https:\/\/elementer.cz\/\",\"name\":\"ELEMENTER\",\"description\":\"\",\"publisher\":{\"@id\":\"https:\/\/elementer.cz\/#organization\"},\"potentialAction\":[{\"@type\":\"SearchAction\",\"target\":{\"@type\":\"EntryPoint\",\"urlTemplate\":\"https:\/\/elementer.cz\/?s={search_term_string}\"},\"query-input\":{\"@type\":\"PropertyValueSpecification\",\"valueRequired\":true,\"valueName\":\"search_term_string\"}}],\"inLanguage\":\"en-US\"},{\"@type\":\"Organization\",\"@id\":\"https:\/\/elementer.cz\/#organization\",\"name\":\"ELEMENTER\",\"url\":\"https:\/\/elementer.cz\/\",\"logo\":{\"@type\":\"ImageObject\",\"inLanguage\":\"en-US\",\"@id\":\"https:\/\/elementer.cz\/#\/schema\/logo\/image\/\",\"url\":\"https:\/\/elementer.cz\/wp-content\/uploads\/logo_512_wround.png\",\"contentUrl\":\"https:\/\/elementer.cz\/wp-content\/uploads\/logo_512_wround.png\",\"width\":512,\"height\":512,\"caption\":\"ELEMENTER\"},\"image\":{\"@id\":\"https:\/\/elementer.cz\/#\/schema\/logo\/image\/\"},\"sameAs\":[\"https:\/\/www.facebook.com\/Elementer.cz\",\"https:\/\/www.instagram.com\/elementer.cz\/\"]}]}<\/script>\n<!-- \/ Yoast SEO plugin. -->","yoast_head_json":{"title":"Ot\u00edk | ELEMENTER","description":"Kdy\u017e \u0159\u00edk\u00e1me, \u017ee n\u011bkdo \u017eije \u201e\u0161patn\u011b\u201c nebo \u201ejinak\u201c, ve skute\u010dnosti t\u00edm jenom vyjad\u0159ujeme, \u017ee podle na\u0161ich m\u011b\u0159\u00edtek \u017eije jinak, ne\u017e bychom cht\u011bli my.","robots":{"index":"index","follow":"follow","max-snippet":"max-snippet:-1","max-image-preview":"max-image-preview:large","max-video-preview":"max-video-preview:-1"},"canonical":"https:\/\/elementer.cz\/en\/galerie\/otik\/","og_locale":"en_US","og_type":"article","og_title":"Ot\u00edk | ELEMENTER","og_description":"Kdy\u017e \u0159\u00edk\u00e1me, \u017ee n\u011bkdo \u017eije \u201e\u0161patn\u011b\u201c nebo \u201ejinak\u201c, ve skute\u010dnosti t\u00edm jenom vyjad\u0159ujeme, \u017ee podle na\u0161ich m\u011b\u0159\u00edtek \u017eije jinak, ne\u017e bychom cht\u011bli my.","og_url":"https:\/\/elementer.cz\/en\/galerie\/otik\/","og_site_name":"ELEMENTER","article_publisher":"https:\/\/www.facebook.com\/Elementer.cz","article_modified_time":"2025-03-07T17:27:36+00:00","og_image":[{"width":397,"height":500,"url":"https:\/\/elementer.cz\/wp-content\/uploads\/otik_500.jpg","type":"image\/jpeg"}],"twitter_card":"summary_large_image","twitter_misc":{"Est. reading time":"2 minutes"},"schema":{"@context":"https:\/\/schema.org","@graph":[{"@type":"WebPage","@id":"https:\/\/elementer.cz\/galerie\/otik\/","url":"https:\/\/elementer.cz\/galerie\/otik\/","name":"Ot\u00edk | ELEMENTER","isPartOf":{"@id":"https:\/\/elementer.cz\/#website"},"primaryImageOfPage":{"@id":"https:\/\/elementer.cz\/galerie\/otik\/#primaryimage"},"image":{"@id":"https:\/\/elementer.cz\/galerie\/otik\/#primaryimage"},"thumbnailUrl":"https:\/\/elementer.cz\/wp-content\/uploads\/otik_500.jpg","datePublished":"2025-01-25T20:21:31+00:00","dateModified":"2025-03-07T17:27:36+00:00","description":"Kdy\u017e \u0159\u00edk\u00e1me, \u017ee n\u011bkdo \u017eije \u201e\u0161patn\u011b\u201c nebo \u201ejinak\u201c, ve skute\u010dnosti t\u00edm jenom vyjad\u0159ujeme, \u017ee podle na\u0161ich m\u011b\u0159\u00edtek \u017eije jinak, ne\u017e bychom cht\u011bli my.","breadcrumb":{"@id":"https:\/\/elementer.cz\/galerie\/otik\/#breadcrumb"},"inLanguage":"en-US","potentialAction":[{"@type":"ReadAction","target":["https:\/\/elementer.cz\/galerie\/otik\/"]}]},{"@type":"ImageObject","inLanguage":"en-US","@id":"https:\/\/elementer.cz\/galerie\/otik\/#primaryimage","url":"https:\/\/elementer.cz\/wp-content\/uploads\/otik_500.jpg","contentUrl":"https:\/\/elementer.cz\/wp-content\/uploads\/otik_500.jpg","width":397,"height":500,"caption":"Elementer - Obrazy - Ot\u00edk"},{"@type":"BreadcrumbList","@id":"https:\/\/elementer.cz\/galerie\/otik\/#breadcrumb","itemListElement":[{"@type":"ListItem","position":1,"name":"Dom\u016f","item":"https:\/\/elementer.cz\/"},{"@type":"ListItem","position":2,"name":"Galerie","item":"https:\/\/elementer.cz\/galerie\/"},{"@type":"ListItem","position":3,"name":"Ot\u00edk"}]},{"@type":"WebSite","@id":"https:\/\/elementer.cz\/#website","url":"https:\/\/elementer.cz\/","name":"ELEMENTER","description":"","publisher":{"@id":"https:\/\/elementer.cz\/#organization"},"potentialAction":[{"@type":"SearchAction","target":{"@type":"EntryPoint","urlTemplate":"https:\/\/elementer.cz\/?s={search_term_string}"},"query-input":{"@type":"PropertyValueSpecification","valueRequired":true,"valueName":"search_term_string"}}],"inLanguage":"en-US"},{"@type":"Organization","@id":"https:\/\/elementer.cz\/#organization","name":"ELEMENTER","url":"https:\/\/elementer.cz\/","logo":{"@type":"ImageObject","inLanguage":"en-US","@id":"https:\/\/elementer.cz\/#\/schema\/logo\/image\/","url":"https:\/\/elementer.cz\/wp-content\/uploads\/logo_512_wround.png","contentUrl":"https:\/\/elementer.cz\/wp-content\/uploads\/logo_512_wround.png","width":512,"height":512,"caption":"ELEMENTER"},"image":{"@id":"https:\/\/elementer.cz\/#\/schema\/logo\/image\/"},"sameAs":["https:\/\/www.facebook.com\/Elementer.cz","https:\/\/www.instagram.com\/elementer.cz\/"]}]}},"_links":{"self":[{"href":"https:\/\/elementer.cz\/en\/wp-json\/wp\/v2\/pages\/381","targetHints":{"allow":["GET"]}}],"collection":[{"href":"https:\/\/elementer.cz\/en\/wp-json\/wp\/v2\/pages"}],"about":[{"href":"https:\/\/elementer.cz\/en\/wp-json\/wp\/v2\/types\/page"}],"author":[{"embeddable":true,"href":"https:\/\/elementer.cz\/en\/wp-json\/wp\/v2\/users\/1"}],"replies":[{"embeddable":true,"href":"https:\/\/elementer.cz\/en\/wp-json\/wp\/v2\/comments?post=381"}],"version-history":[{"count":10,"href":"https:\/\/elementer.cz\/en\/wp-json\/wp\/v2\/pages\/381\/revisions"}],"predecessor-version":[{"id":1175,"href":"https:\/\/elementer.cz\/en\/wp-json\/wp\/v2\/pages\/381\/revisions\/1175"}],"up":[{"embeddable":true,"href":"https:\/\/elementer.cz\/en\/wp-json\/wp\/v2\/pages\/312"}],"wp:featuredmedia":[{"embeddable":true,"href":"https:\/\/elementer.cz\/en\/wp-json\/wp\/v2\/media\/67"}],"wp:attachment":[{"href":"https:\/\/elementer.cz\/en\/wp-json\/wp\/v2\/media?parent=381"}],"curies":[{"name":"wp","href":"https:\/\/api.w.org\/{rel}","templated":true}]}}