{"id":409,"date":"2025-01-25T21:59:10","date_gmt":"2025-01-25T20:59:10","guid":{"rendered":"https:\/\/elementer.cz\/?page_id=409"},"modified":"2025-01-28T19:04:55","modified_gmt":"2025-01-28T18:04:55","slug":"uplatneni-kodu-na-google-play-a-appstore","status":"publish","type":"page","link":"https:\/\/elementer.cz\/en\/aplikace\/uplatneni-kodu-na-google-play-a-appstore\/","title":{"rendered":"Uplatn\u011bn\u00ed k\u00f3du pro Google Play a App Store"},"content":{"rendered":"<div data-elementor-type=\"wp-page\" data-elementor-id=\"409\" class=\"elementor elementor-409\">\n\t\t\t\t<div class=\"elementor-element elementor-element-a56d276 e-flex e-con-boxed e-con e-parent\" data-id=\"a56d276\" data-element_type=\"container\" data-e-type=\"container\">\n\t\t\t\t\t<div class=\"e-con-inner\">\n\t\t<div class=\"elementor-element elementor-element-d5fb8b1 e-con-full e-flex e-con e-child\" data-id=\"d5fb8b1\" data-element_type=\"container\" data-e-type=\"container\">\n\t\t\t\t<div class=\"elementor-element elementor-element-d3a309f elementor-widget elementor-widget-heading\" data-id=\"d3a309f\" data-element_type=\"widget\" data-e-type=\"widget\" data-widget_type=\"heading.default\">\n\t\t\t\t<div class=\"elementor-widget-container\">\n\t\t\t\t\t<h1 class=\"elementor-heading-title elementor-size-default\">Aktivace<\/h1>\t\t\t\t<\/div>\n\t\t\t\t<\/div>\n\t\t\t\t<div class=\"elementor-element elementor-element-761d08e elementor-widget-divider--view-line elementor-widget elementor-widget-divider\" data-id=\"761d08e\" data-element_type=\"widget\" data-e-type=\"widget\" data-widget_type=\"divider.default\">\n\t\t\t\t<div class=\"elementor-widget-container\">\n\t\t\t\t\t\t\t<div class=\"elementor-divider\">\n\t\t\t<span class=\"elementor-divider-separator\">\n\t\t\t\t\t\t<\/span>\n\t\t<\/div>\n\t\t\t\t\t\t<\/div>\n\t\t\t\t<\/div>\n\t\t\t\t<div class=\"elementor-element elementor-element-68876e6 elementor-widget elementor-widget-heading\" data-id=\"68876e6\" data-element_type=\"widget\" data-e-type=\"widget\" data-widget_type=\"heading.default\">\n\t\t\t\t<div class=\"elementor-widget-container\">\n\t\t\t\t\t<h2 class=\"elementor-heading-title elementor-size-default\">Uplatn\u011bn\u00ed k\u00f3du pro Google\u00a0Play a App\u00a0Store<\/h2>\t\t\t\t<\/div>\n\t\t\t\t<\/div>\n\t\t\t\t<\/div>\n\t\t\t\t\t<\/div>\n\t\t\t\t<\/div>\n\t\t<div class=\"elementor-element elementor-element-397899c e-flex e-con-boxed e-con e-parent\" data-id=\"397899c\" data-element_type=\"container\" data-e-type=\"container\">\n\t\t\t\t\t<div class=\"e-con-inner\">\n\t\t<div class=\"elementor-element elementor-element-ae3a452 e-con-full e-flex e-con e-child\" data-id=\"ae3a452\" data-element_type=\"container\" data-e-type=\"container\">\n\t\t\t\t<div class=\"elementor-element elementor-element-d3fe5c4 elementor-widget elementor-widget-heading\" data-id=\"d3fe5c4\" data-element_type=\"widget\" data-e-type=\"widget\" data-widget_type=\"heading.default\">\n\t\t\t\t<div class=\"elementor-widget-container\">\n\t\t\t\t\t<h2 class=\"elementor-heading-title elementor-size-default\">Uplatn\u011bn\u00ed k\u00f3du pro Google Play (android)<\/h2>\t\t\t\t<\/div>\n\t\t\t\t<\/div>\n\t\t\t\t<div class=\"elementor-element elementor-element-3a41073 elementor-widget elementor-widget-text-editor\" data-id=\"3a41073\" data-element_type=\"widget\" data-e-type=\"widget\" data-widget_type=\"text-editor.default\">\n\t\t\t\t<div class=\"elementor-widget-container\">\n\t\t\t\t\t\t\t\t\t<div class=\"flex-shrink-0 flex flex-col relative items-end\"><div class=\"pt-0\"><div class=\"gizmo-bot-avatar flex h-8 w-8 items-center justify-center overflow-hidden rounded-full\"><div class=\"relative p-1 rounded-sm flex items-center justify-center bg-token-main-surface-primary text-token-text-primary h-8 w-8\" style=\"text-align: center;\"><p>Na mobilu nebo tabletu otev\u0159ete aplikaci Obchod Play <img decoding=\"async\" class=\"lazy loaded\" src=\"https:\/\/storage.googleapis.com\/support-kms-prod\/wRBqSf5TiC17xOG4xZ9Vq3nBzpQuBV1vlrj2\" alt=\"Google Play\" width=\"18\" height=\"18\" data-src=\"https:\/\/storage.googleapis.com\/support-kms-prod\/wRBqSf5TiC17xOG4xZ9Vq3nBzpQuBV1vlrj2\" data-mime-type=\"image\/png\" data-was-processed=\"true\" \/><\/p><p>Vpravo naho\u0159e klepn\u011bte na ikonu profilu<\/p><p>Klepn\u011bte na\u00a0<strong>Platby a\u00a0p\u0159edplatn\u00e9<\/strong>\u00a0<img decoding=\"async\" class=\"lazy loaded\" src=\"https:\/\/lh3.googleusercontent.com\/3_l97rr0GvhSP2XV5OoCkV2ZDTIisAOczrSdzNCBxhIKWrjXjHucxNwocghoUa39gw=w36-h36\" alt=\"a pak\" width=\"18\" height=\"18\" data-src=\"https:\/\/lh3.googleusercontent.com\/3_l97rr0GvhSP2XV5OoCkV2ZDTIisAOczrSdzNCBxhIKWrjXjHucxNwocghoUa39gw=w36-h36\" data-mime-type=\"image\/png\" data-alt-src=\"\/\/lh3.googleusercontent.com\/3_l97rr0GvhSP2XV5OoCkV2ZDTIisAOczrSdzNCBxhIKWrjXjHucxNwocghoUa39gw\" data-was-processed=\"true\" \/>\u00a0<strong>Uplatnit k\u00f3d<\/strong><\/p><p>Zadejte k\u00f3d<\/p><p>Po zad\u00e1n\u00ed k\u00f3du je pot\u0159eba otev\u0159\u00edt aplikaci pro jeho automatick\u00e9 potvrzen\u00ed!<\/p><\/div><\/div><\/div><\/div>\t\t\t\t\t\t\t\t<\/div>\n\t\t\t\t<\/div>\n\t\t\t\t<div class=\"elementor-element elementor-element-9170f29 elementor-align-center elementor-widget elementor-widget-button\" data-id=\"9170f29\" data-element_type=\"widget\" data-e-type=\"widget\" data-widget_type=\"button.default\">\n\t\t\t\t<div class=\"elementor-widget-container\">\n\t\t\t\t\t\t\t\t\t<div class=\"elementor-button-wrapper\">\n\t\t\t\t\t<a class=\"elementor-button elementor-button-link elementor-size-sm\" href=\"https:\/\/play.google.com\/store\/games?device=windows&#038;code\">\n\t\t\t\t\t\t<span class=\"elementor-button-content-wrapper\">\n\t\t\t\t\t\t\t\t\t<span class=\"elementor-button-text\">Zadat k\u00f3d na po\u010d\u00edta\u010di<\/span>\n\t\t\t\t\t<\/span>\n\t\t\t\t\t<\/a>\n\t\t\t\t<\/div>\n\t\t\t\t\t\t\t\t<\/div>\n\t\t\t\t<\/div>\n\t\t\t\t<\/div>\n\t\t\t\t\t<\/div>\n\t\t\t\t<\/div>\n\t\t<div class=\"elementor-element elementor-element-62d96c9 e-flex e-con-boxed e-con e-parent\" data-id=\"62d96c9\" data-element_type=\"container\" data-e-type=\"container\">\n\t\t\t\t\t<div class=\"e-con-inner\">\n\t\t<div class=\"elementor-element elementor-element-0c4de15 e-con-full e-flex e-con e-child\" data-id=\"0c4de15\" data-element_type=\"container\" data-e-type=\"container\">\n\t\t\t\t<div class=\"elementor-element elementor-element-0820fec elementor-widget elementor-widget-heading\" data-id=\"0820fec\" data-element_type=\"widget\" data-e-type=\"widget\" data-widget_type=\"heading.default\">\n\t\t\t\t<div class=\"elementor-widget-container\">\n\t\t\t\t\t<h2 class=\"elementor-heading-title elementor-size-default\">Uplatn\u011bn\u00ed k\u00f3du pro App Store (iOS)<\/h2>\t\t\t\t<\/div>\n\t\t\t\t<\/div>\n\t\t\t\t<div class=\"elementor-element elementor-element-2bdb605 elementor-widget elementor-widget-text-editor\" data-id=\"2bdb605\" data-element_type=\"widget\" data-e-type=\"widget\" data-widget_type=\"text-editor.default\">\n\t\t\t\t<div class=\"elementor-widget-container\">\n\t\t\t\t\t\t\t\t\t<div class=\"flex-shrink-0 flex flex-col relative items-end\"><div class=\"pt-0\"><div class=\"gizmo-bot-avatar flex h-8 w-8 items-center justify-center overflow-hidden rounded-full\"><div class=\"relative p-1 rounded-sm flex items-center justify-center bg-token-main-surface-primary text-token-text-primary h-8 w-8\" style=\"text-align: center;\"><p>Na iPhonu, iPadu nebo iPodu touch otev\u0159ete aplikaci App Store.<\/p><p>Naho\u0159e na obrazovce klepn\u011bte na tla\u010d\u00edtko p\u0159ihl\u00e1\u0161en\u00ed\u00a0<img decoding=\"async\" class=\"lazy loaded\" src=\"https:\/\/support.apple.com\/library\/content\/dam\/edam\/applecare\/images\/en_US\/il\/ios13-login-inline-icon.png\" alt=\"\" width=\"20\" data-src=\"https:\/\/support.apple.com\/library\/content\/dam\/edam\/applecare\/images\/en_US\/il\/ios13-login-inline-icon.png\" data-was-processed=\"true\" \/>\u00a0nebo na svoji fotku.<\/p><p>Klepn\u011bte na Uplatnit d\u00e1rkovou kartu nebo k\u00f3d. Pokud volbu Uplatnit d\u00e1rkovou kartu nebo k\u00f3d nevid\u00edte, p\u0159ihlaste se sv\u00fdm Apple ID.<\/p><p>Klepn\u011bte na Pou\u017e\u00edt fotoapar\u00e1t a postupujte podle pokyn\u016f na obrazovce.\u00a0Pokud m\u00e1te pot\u00ed\u017ee s uplatn\u011bn\u00edm karty, klepn\u011bte na Enter Code Manually (Zadat k\u00f3d ru\u010dn\u011b), a postupujte podle pokyn\u016f na obrazovce.<\/p><p>Klepn\u011bte na Hotovo.<\/p><\/div><\/div><\/div><\/div>\t\t\t\t\t\t\t\t<\/div>\n\t\t\t\t<\/div>\n\t\t\t\t<div class=\"elementor-element elementor-element-e9c3839 elementor-align-center elementor-widget elementor-widget-button\" data-id=\"e9c3839\" data-element_type=\"widget\" data-e-type=\"widget\" data-widget_type=\"button.default\">\n\t\t\t\t<div class=\"elementor-widget-container\">\n\t\t\t\t\t\t\t\t\t<div class=\"elementor-button-wrapper\">\n\t\t\t\t\t<a class=\"elementor-button elementor-button-link elementor-size-sm\" href=\"http:\/\/apple.com\/redeem\">\n\t\t\t\t\t\t<span class=\"elementor-button-content-wrapper\">\n\t\t\t\t\t\t\t\t\t<span class=\"elementor-button-text\">Zadat k\u00f3d na MacBooku<\/span>\n\t\t\t\t\t<\/span>\n\t\t\t\t\t<\/a>\n\t\t\t\t<\/div>\n\t\t\t\t\t\t\t\t<\/div>\n\t\t\t\t<\/div>\n\t\t\t\t<\/div>\n\t\t\t\t\t<\/div>\n\t\t\t\t<\/div>\n\t\t\t\t<\/div>","protected":false},"excerpt":{"rendered":"<p>Aktivace Uplatn\u011bn\u00ed k\u00f3du pro Google\u00a0Play a App\u00a0Store Uplatn\u011bn\u00ed k\u00f3du pro Google Play (android) Na mobilu nebo tabletu otev\u0159ete aplikaci Obchod Play Vpravo naho\u0159e klepn\u011bte na ikonu profilu Klepn\u011bte na\u00a0Platby a\u00a0p\u0159edplatn\u00e9\u00a0\u00a0Uplatnit k\u00f3d Zadejte k\u00f3d Po zad\u00e1n\u00ed k\u00f3du je pot\u0159eba otev\u0159\u00edt aplikaci pro jeho automatick\u00e9 potvrzen\u00ed! Zadat k\u00f3d na po\u010d\u00edta\u010di Uplatn\u011bn\u00ed k\u00f3du pro App Store (iOS) Na [&hellip;]<\/p>\n","protected":false},"author":1,"featured_media":974,"parent":118,"menu_order":100,"comment_status":"closed","ping_status":"closed","template":"elementor_canvas","meta":{"footnotes":""},"class_list":["post-409","page","type-page","status-publish","has-post-thumbnail","hentry"],"yoast_head":"<!-- This site is optimized with the Yoast SEO plugin v27.1.1 - https:\/\/yoast.com\/product\/yoast-seo-wordpress\/ -->\n<title>Uplatn\u011bn\u00ed k\u00f3du pro Google Play a App Store | ELEMENTER<\/title>\n<meta name=\"description\" content=\"Podrobn\u00fd n\u00e1vod na uplatn\u011bn\u00ed aktiva\u010dn\u00edch k\u00f3d\u016f pro mobiln\u00ed aplikace. Odemknut\u00ed aplikace na androidu a iOS.\" \/>\n<meta name=\"robots\" content=\"index, follow, max-snippet:-1, max-image-preview:large, max-video-preview:-1\" \/>\n<link rel=\"canonical\" href=\"https:\/\/elementer.cz\/en\/aplikace\/uplatneni-kodu-na-google-play-a-appstore\/\" \/>\n<meta property=\"og:locale\" content=\"en_US\" \/>\n<meta property=\"og:type\" content=\"article\" \/>\n<meta property=\"og:title\" content=\"Uplatn\u011bn\u00ed k\u00f3du pro Google Play a App Store | ELEMENTER\" \/>\n<meta property=\"og:description\" content=\"Podrobn\u00fd n\u00e1vod na uplatn\u011bn\u00ed aktiva\u010dn\u00edch k\u00f3d\u016f pro mobiln\u00ed aplikace. Odemknut\u00ed aplikace na androidu a iOS.\" \/>\n<meta property=\"og:url\" content=\"https:\/\/elementer.cz\/en\/aplikace\/uplatneni-kodu-na-google-play-a-appstore\/\" \/>\n<meta property=\"og:site_name\" content=\"ELEMENTER\" \/>\n<meta property=\"article:publisher\" content=\"https:\/\/www.facebook.com\/Elementer.cz\" \/>\n<meta property=\"article:modified_time\" content=\"2025-01-28T18:04:55+00:00\" \/>\n<meta property=\"og:image\" content=\"https:\/\/elementer.cz\/wp-content\/uploads\/google-apple-loga.jpg\" \/>\n\t<meta property=\"og:image:width\" content=\"1024\" \/>\n\t<meta property=\"og:image:height\" content=\"768\" \/>\n\t<meta property=\"og:image:type\" content=\"image\/jpeg\" \/>\n<meta name=\"twitter:card\" content=\"summary_large_image\" \/>\n<meta name=\"twitter:label1\" content=\"Est. reading time\" \/>\n\t<meta name=\"twitter:data1\" content=\"2 minutes\" \/>\n<script type=\"application\/ld+json\" class=\"yoast-schema-graph\">{\"@context\":\"https:\/\/schema.org\",\"@graph\":[{\"@type\":\"WebPage\",\"@id\":\"https:\/\/elementer.cz\/aplikace\/uplatneni-kodu-na-google-play-a-appstore\/\",\"url\":\"https:\/\/elementer.cz\/aplikace\/uplatneni-kodu-na-google-play-a-appstore\/\",\"name\":\"Uplatn\u011bn\u00ed k\u00f3du pro Google Play a App Store | ELEMENTER\",\"isPartOf\":{\"@id\":\"https:\/\/elementer.cz\/#website\"},\"primaryImageOfPage\":{\"@id\":\"https:\/\/elementer.cz\/aplikace\/uplatneni-kodu-na-google-play-a-appstore\/#primaryimage\"},\"image\":{\"@id\":\"https:\/\/elementer.cz\/aplikace\/uplatneni-kodu-na-google-play-a-appstore\/#primaryimage\"},\"thumbnailUrl\":\"https:\/\/elementer.cz\/wp-content\/uploads\/google-apple-loga.jpg\",\"datePublished\":\"2025-01-25T20:59:10+00:00\",\"dateModified\":\"2025-01-28T18:04:55+00:00\",\"description\":\"Podrobn\u00fd n\u00e1vod na uplatn\u011bn\u00ed aktiva\u010dn\u00edch k\u00f3d\u016f pro mobiln\u00ed aplikace. Odemknut\u00ed aplikace na androidu a iOS.\",\"breadcrumb\":{\"@id\":\"https:\/\/elementer.cz\/aplikace\/uplatneni-kodu-na-google-play-a-appstore\/#breadcrumb\"},\"inLanguage\":\"en-US\",\"potentialAction\":[{\"@type\":\"ReadAction\",\"target\":[\"https:\/\/elementer.cz\/aplikace\/uplatneni-kodu-na-google-play-a-appstore\/\"]}]},{\"@type\":\"ImageObject\",\"inLanguage\":\"en-US\",\"@id\":\"https:\/\/elementer.cz\/aplikace\/uplatneni-kodu-na-google-play-a-appstore\/#primaryimage\",\"url\":\"https:\/\/elementer.cz\/wp-content\/uploads\/google-apple-loga.jpg\",\"contentUrl\":\"https:\/\/elementer.cz\/wp-content\/uploads\/google-apple-loga.jpg\",\"width\":1024,\"height\":768,\"caption\":\"Aktivace mobiln\u00ed aplikace\"},{\"@type\":\"BreadcrumbList\",\"@id\":\"https:\/\/elementer.cz\/aplikace\/uplatneni-kodu-na-google-play-a-appstore\/#breadcrumb\",\"itemListElement\":[{\"@type\":\"ListItem\",\"position\":1,\"name\":\"Dom\u016f\",\"item\":\"https:\/\/elementer.cz\/\"},{\"@type\":\"ListItem\",\"position\":2,\"name\":\"Aplikace\",\"item\":\"https:\/\/elementer.cz\/aplikace\/\"},{\"@type\":\"ListItem\",\"position\":3,\"name\":\"Uplatn\u011bn\u00ed k\u00f3du pro Google Play a App Store\"}]},{\"@type\":\"WebSite\",\"@id\":\"https:\/\/elementer.cz\/#website\",\"url\":\"https:\/\/elementer.cz\/\",\"name\":\"ELEMENTER\",\"description\":\"\",\"publisher\":{\"@id\":\"https:\/\/elementer.cz\/#organization\"},\"potentialAction\":[{\"@type\":\"SearchAction\",\"target\":{\"@type\":\"EntryPoint\",\"urlTemplate\":\"https:\/\/elementer.cz\/?s={search_term_string}\"},\"query-input\":{\"@type\":\"PropertyValueSpecification\",\"valueRequired\":true,\"valueName\":\"search_term_string\"}}],\"inLanguage\":\"en-US\"},{\"@type\":\"Organization\",\"@id\":\"https:\/\/elementer.cz\/#organization\",\"name\":\"ELEMENTER\",\"url\":\"https:\/\/elementer.cz\/\",\"logo\":{\"@type\":\"ImageObject\",\"inLanguage\":\"en-US\",\"@id\":\"https:\/\/elementer.cz\/#\/schema\/logo\/image\/\",\"url\":\"https:\/\/elementer.cz\/wp-content\/uploads\/logo_512_wround.png\",\"contentUrl\":\"https:\/\/elementer.cz\/wp-content\/uploads\/logo_512_wround.png\",\"width\":512,\"height\":512,\"caption\":\"ELEMENTER\"},\"image\":{\"@id\":\"https:\/\/elementer.cz\/#\/schema\/logo\/image\/\"},\"sameAs\":[\"https:\/\/www.facebook.com\/Elementer.cz\",\"https:\/\/www.instagram.com\/elementer.cz\/\"]}]}<\/script>\n<!-- \/ Yoast SEO plugin. -->","yoast_head_json":{"title":"Uplatn\u011bn\u00ed k\u00f3du pro Google Play a App Store | ELEMENTER","description":"Podrobn\u00fd n\u00e1vod na uplatn\u011bn\u00ed aktiva\u010dn\u00edch k\u00f3d\u016f pro mobiln\u00ed aplikace. Odemknut\u00ed aplikace na androidu a iOS.","robots":{"index":"index","follow":"follow","max-snippet":"max-snippet:-1","max-image-preview":"max-image-preview:large","max-video-preview":"max-video-preview:-1"},"canonical":"https:\/\/elementer.cz\/en\/aplikace\/uplatneni-kodu-na-google-play-a-appstore\/","og_locale":"en_US","og_type":"article","og_title":"Uplatn\u011bn\u00ed k\u00f3du pro Google Play a App Store | ELEMENTER","og_description":"Podrobn\u00fd n\u00e1vod na uplatn\u011bn\u00ed aktiva\u010dn\u00edch k\u00f3d\u016f pro mobiln\u00ed aplikace. Odemknut\u00ed aplikace na androidu a iOS.","og_url":"https:\/\/elementer.cz\/en\/aplikace\/uplatneni-kodu-na-google-play-a-appstore\/","og_site_name":"ELEMENTER","article_publisher":"https:\/\/www.facebook.com\/Elementer.cz","article_modified_time":"2025-01-28T18:04:55+00:00","og_image":[{"width":1024,"height":768,"url":"https:\/\/elementer.cz\/wp-content\/uploads\/google-apple-loga.jpg","type":"image\/jpeg"}],"twitter_card":"summary_large_image","twitter_misc":{"Est. reading time":"2 minutes"},"schema":{"@context":"https:\/\/schema.org","@graph":[{"@type":"WebPage","@id":"https:\/\/elementer.cz\/aplikace\/uplatneni-kodu-na-google-play-a-appstore\/","url":"https:\/\/elementer.cz\/aplikace\/uplatneni-kodu-na-google-play-a-appstore\/","name":"Uplatn\u011bn\u00ed k\u00f3du pro Google Play a App Store | ELEMENTER","isPartOf":{"@id":"https:\/\/elementer.cz\/#website"},"primaryImageOfPage":{"@id":"https:\/\/elementer.cz\/aplikace\/uplatneni-kodu-na-google-play-a-appstore\/#primaryimage"},"image":{"@id":"https:\/\/elementer.cz\/aplikace\/uplatneni-kodu-na-google-play-a-appstore\/#primaryimage"},"thumbnailUrl":"https:\/\/elementer.cz\/wp-content\/uploads\/google-apple-loga.jpg","datePublished":"2025-01-25T20:59:10+00:00","dateModified":"2025-01-28T18:04:55+00:00","description":"Podrobn\u00fd n\u00e1vod na uplatn\u011bn\u00ed aktiva\u010dn\u00edch k\u00f3d\u016f pro mobiln\u00ed aplikace. Odemknut\u00ed aplikace na androidu a iOS.","breadcrumb":{"@id":"https:\/\/elementer.cz\/aplikace\/uplatneni-kodu-na-google-play-a-appstore\/#breadcrumb"},"inLanguage":"en-US","potentialAction":[{"@type":"ReadAction","target":["https:\/\/elementer.cz\/aplikace\/uplatneni-kodu-na-google-play-a-appstore\/"]}]},{"@type":"ImageObject","inLanguage":"en-US","@id":"https:\/\/elementer.cz\/aplikace\/uplatneni-kodu-na-google-play-a-appstore\/#primaryimage","url":"https:\/\/elementer.cz\/wp-content\/uploads\/google-apple-loga.jpg","contentUrl":"https:\/\/elementer.cz\/wp-content\/uploads\/google-apple-loga.jpg","width":1024,"height":768,"caption":"Aktivace mobiln\u00ed aplikace"},{"@type":"BreadcrumbList","@id":"https:\/\/elementer.cz\/aplikace\/uplatneni-kodu-na-google-play-a-appstore\/#breadcrumb","itemListElement":[{"@type":"ListItem","position":1,"name":"Dom\u016f","item":"https:\/\/elementer.cz\/"},{"@type":"ListItem","position":2,"name":"Aplikace","item":"https:\/\/elementer.cz\/aplikace\/"},{"@type":"ListItem","position":3,"name":"Uplatn\u011bn\u00ed k\u00f3du pro Google Play a App Store"}]},{"@type":"WebSite","@id":"https:\/\/elementer.cz\/#website","url":"https:\/\/elementer.cz\/","name":"ELEMENTER","description":"","publisher":{"@id":"https:\/\/elementer.cz\/#organization"},"potentialAction":[{"@type":"SearchAction","target":{"@type":"EntryPoint","urlTemplate":"https:\/\/elementer.cz\/?s={search_term_string}"},"query-input":{"@type":"PropertyValueSpecification","valueRequired":true,"valueName":"search_term_string"}}],"inLanguage":"en-US"},{"@type":"Organization","@id":"https:\/\/elementer.cz\/#organization","name":"ELEMENTER","url":"https:\/\/elementer.cz\/","logo":{"@type":"ImageObject","inLanguage":"en-US","@id":"https:\/\/elementer.cz\/#\/schema\/logo\/image\/","url":"https:\/\/elementer.cz\/wp-content\/uploads\/logo_512_wround.png","contentUrl":"https:\/\/elementer.cz\/wp-content\/uploads\/logo_512_wround.png","width":512,"height":512,"caption":"ELEMENTER"},"image":{"@id":"https:\/\/elementer.cz\/#\/schema\/logo\/image\/"},"sameAs":["https:\/\/www.facebook.com\/Elementer.cz","https:\/\/www.instagram.com\/elementer.cz\/"]}]}},"_links":{"self":[{"href":"https:\/\/elementer.cz\/en\/wp-json\/wp\/v2\/pages\/409","targetHints":{"allow":["GET"]}}],"collection":[{"href":"https:\/\/elementer.cz\/en\/wp-json\/wp\/v2\/pages"}],"about":[{"href":"https:\/\/elementer.cz\/en\/wp-json\/wp\/v2\/types\/page"}],"author":[{"embeddable":true,"href":"https:\/\/elementer.cz\/en\/wp-json\/wp\/v2\/users\/1"}],"replies":[{"embeddable":true,"href":"https:\/\/elementer.cz\/en\/wp-json\/wp\/v2\/comments?post=409"}],"version-history":[{"count":7,"href":"https:\/\/elementer.cz\/en\/wp-json\/wp\/v2\/pages\/409\/revisions"}],"predecessor-version":[{"id":417,"href":"https:\/\/elementer.cz\/en\/wp-json\/wp\/v2\/pages\/409\/revisions\/417"}],"up":[{"embeddable":true,"href":"https:\/\/elementer.cz\/en\/wp-json\/wp\/v2\/pages\/118"}],"wp:featuredmedia":[{"embeddable":true,"href":"https:\/\/elementer.cz\/en\/wp-json\/wp\/v2\/media\/974"}],"wp:attachment":[{"href":"https:\/\/elementer.cz\/en\/wp-json\/wp\/v2\/media?parent=409"}],"curies":[{"name":"wp","href":"https:\/\/api.w.org\/{rel}","templated":true}]}}