{"id":542,"date":"2025-01-26T14:12:54","date_gmt":"2025-01-26T13:12:54","guid":{"rendered":"https:\/\/elementer.cz\/?page_id=542"},"modified":"2025-12-07T14:54:40","modified_gmt":"2025-12-07T13:54:40","slug":"autor","status":"publish","type":"page","link":"https:\/\/elementer.cz\/en\/autor\/","title":{"rendered":"Tohle jsem j\u00e1"},"content":{"rendered":"<div data-elementor-type=\"wp-page\" data-elementor-id=\"542\" class=\"elementor elementor-542\">\n\t\t\t\t<div class=\"elementor-element elementor-element-ce9e3c2 e-flex e-con-boxed e-con e-parent\" data-id=\"ce9e3c2\" data-element_type=\"container\" data-e-type=\"container\">\n\t\t\t\t\t<div class=\"e-con-inner\">\n\t\t<div class=\"elementor-element elementor-element-684b4b5 e-con-full e-flex e-con e-child\" data-id=\"684b4b5\" data-element_type=\"container\" data-e-type=\"container\">\n\t\t\t\t<div class=\"elementor-element elementor-element-84df524 elementor-widget elementor-widget-heading\" data-id=\"84df524\" data-element_type=\"widget\" data-e-type=\"widget\" data-widget_type=\"heading.default\">\n\t\t\t\t<div class=\"elementor-widget-container\">\n\t\t\t\t\t<h2 class=\"elementor-heading-title elementor-size-default\">Jmenuji se<\/h2>\t\t\t\t<\/div>\n\t\t\t\t<\/div>\n\t\t\t\t<div class=\"elementor-element elementor-element-fe9d7e2 elementor-widget elementor-widget-heading\" data-id=\"fe9d7e2\" data-element_type=\"widget\" data-e-type=\"widget\" data-widget_type=\"heading.default\">\n\t\t\t\t<div class=\"elementor-widget-container\">\n\t\t\t\t\t<h2 class=\"elementor-heading-title elementor-size-default\">Michal Barto\u0161<\/h2>\t\t\t\t<\/div>\n\t\t\t\t<\/div>\n\t\t\t\t<div class=\"elementor-element elementor-element-81e46c6 elementor-widget elementor-widget-text-editor\" data-id=\"81e46c6\" data-element_type=\"widget\" data-e-type=\"widget\" data-widget_type=\"text-editor.default\">\n\t\t\t\t<div class=\"elementor-widget-container\">\n\t\t\t\t\t\t\t\t\t<p style=\"text-align: right;\">a toto je <span style=\"color: #ee7b68;\">ELEMENTER<\/span><\/p>\t\t\t\t\t\t\t\t<\/div>\n\t\t\t\t<\/div>\n\t\t\t\t<\/div>\n\t\t\t\t\t<\/div>\n\t\t\t\t<\/div>\n\t\t<div class=\"elementor-element elementor-element-6030708 e-flex e-con-boxed e-con e-parent\" data-id=\"6030708\" data-element_type=\"container\" data-e-type=\"container\">\n\t\t\t\t\t<div class=\"e-con-inner\">\n\t\t<div class=\"elementor-element elementor-element-22a9a7c e-con-full e-flex e-con e-child\" data-id=\"22a9a7c\" data-element_type=\"container\" data-e-type=\"container\">\n\t\t<div class=\"elementor-element elementor-element-54a22df e-con-full e-flex e-con e-child\" data-id=\"54a22df\" data-element_type=\"container\" data-e-type=\"container\">\n\t\t\t\t<div class=\"elementor-element elementor-element-503cc3e elementor-widget elementor-widget-image\" data-id=\"503cc3e\" data-element_type=\"widget\" data-e-type=\"widget\" data-widget_type=\"image.default\">\n\t\t\t\t<div class=\"elementor-widget-container\">\n\t\t\t\t\t\t\t\t\t\t\t\t\t\t\t<img decoding=\"async\" src=\"https:\/\/elementer.cz\/wp-content\/uploads\/elementor\/thumbs\/mib_v2-r0z9kx9mcmsw6lzx5dn3aax6ykjecp5qvqozbzxl34.jpg\" title=\"mib_v2\" alt=\"Michal Barto\u0161 - Elementer\" loading=\"lazy\" \/>\t\t\t\t\t\t\t\t\t\t\t\t\t\t\t<\/div>\n\t\t\t\t<\/div>\n\t\t\t\t<\/div>\n\t\t<div class=\"elementor-element elementor-element-d9b0ebb e-con-full e-flex e-con e-child\" data-id=\"d9b0ebb\" data-element_type=\"container\" data-e-type=\"container\">\n\t\t\t\t<div class=\"elementor-element elementor-element-396d94b elementor-widget elementor-widget-text-editor\" data-id=\"396d94b\" data-element_type=\"widget\" data-e-type=\"widget\" data-widget_type=\"text-editor.default\">\n\t\t\t\t<div class=\"elementor-widget-container\">\n\t\t\t\t\t\t\t\t\t<p><strong>Vytv\u00e1\u0159\u00edm aplikace, kter\u00e9 d\u011btem usnad\u0148uj\u00ed jejich prvn\u00ed kr\u016f\u010dky v objevov\u00e1n\u00ed na\u0161eho sv\u011bta.<\/strong> V\u011b\u0159\u00edm, \u017ee technologie mohou b\u00fdt jemnou, bezpe\u010dnou a smysluplnou pom\u016fckou &#8211; ne jen rychlou blikaj\u00edc\u00ed z\u00e1bavou.<\/p><p>K v\u00fdvoji jsem se dostal tak\u00e9 d\u00edky sv\u00e9mu synovi. Hledal jsem tehdy vhodn\u00e9 v\u00fdukov\u00e9 n\u00e1stroje, ale \u017e\u00e1dn\u00e9 jsem nena\u0161el. Za\u010dal jsem tedy tvo\u0159it vlastn\u00ed. <strong>Ve spolupr\u00e1ci s pedagogy<\/strong> a s inspirac\u00ed v p\u0159\u00edstupech <strong>Montessori, Hejn\u00e9ho i Waldorfsk\u00e9 pedagogiky<\/strong> vznikly aplikace, kter\u00e9 spojuj\u00ed hravost, zv\u00eddavost a p\u0159irozen\u00e9 u\u010den\u00ed bez n\u00e1tlaku. I d\u00edky tomu si na\u0161ly m\u00edsto u mnoha rodi\u010d\u016f a u\u010ditel\u016f mate\u0159sk\u00fdch i z\u00e1kladn\u00edch \u0161kol.<\/p><p>Proto\u017ee m\u00e1m bl\u00edzko k um\u011bn\u00ed, designu a experimentov\u00e1n\u00ed, m\u00e1 tvorba p\u0159esahuje i do oblast\u00ed mimo aplikace. V\u0161e ale spojuje stejn\u00e1 my\u0161lenka: hledat zp\u016fsoby, jak propojit n\u00e1\u0161 re\u00e1ln\u00fd sv\u011bt s t\u00edm virtu\u00e1ln\u00edm.<\/p><p>Ve sv\u00e9 tvorb\u011b usiluji o to, aby technologie spojovala, ne odd\u011blovala \u2013 aby otev\u00edrala nov\u00e9 cesty, fungovala jako pr\u016fvodce a m\u011bla <strong>skute\u010dn\u00fd smysl.<\/strong><\/p>\t\t\t\t\t\t\t\t<\/div>\n\t\t\t\t<\/div>\n\t\t\t\t<\/div>\n\t\t\t\t<\/div>\n\t\t\t\t\t<\/div>\n\t\t\t\t<\/div>\n\t\t\t\t<\/div>","protected":false},"excerpt":{"rendered":"<p>Jmenuji se Michal Barto\u0161 a toto je ELEMENTER Vytv\u00e1\u0159\u00edm aplikace, kter\u00e9 d\u011btem usnad\u0148uj\u00ed jejich prvn\u00ed kr\u016f\u010dky v objevov\u00e1n\u00ed na\u0161eho sv\u011bta. V\u011b\u0159\u00edm, \u017ee technologie mohou b\u00fdt jemnou, bezpe\u010dnou a smysluplnou pom\u016fckou &#8211; ne jen rychlou blikaj\u00edc\u00ed z\u00e1bavou. K v\u00fdvoji jsem se dostal tak\u00e9 d\u00edky sv\u00e9mu synovi. Hledal jsem tehdy vhodn\u00e9 v\u00fdukov\u00e9 n\u00e1stroje, ale \u017e\u00e1dn\u00e9 jsem nena\u0161el. [&hellip;]<\/p>\n","protected":false},"author":1,"featured_media":103,"parent":0,"menu_order":111,"comment_status":"closed","ping_status":"closed","template":"elementor_canvas","meta":{"footnotes":""},"class_list":["post-542","page","type-page","status-publish","has-post-thumbnail","hentry"],"yoast_head":"<!-- This site is optimized with the Yoast SEO plugin v27.1.1 - https:\/\/yoast.com\/product\/yoast-seo-wordpress\/ -->\n<title>Tohle jsem j\u00e1 | ELEMENTER<\/title>\n<meta name=\"description\" content=\"Jmenuji se Michal Barto\u0161 a jsem ELEMENTER. Toto je m\u016fj web na kter\u00e9m najdete vybran\u00e9 projekty, aplikace, galerii ...\" \/>\n<meta name=\"robots\" content=\"index, follow, max-snippet:-1, max-image-preview:large, max-video-preview:-1\" \/>\n<link rel=\"canonical\" href=\"https:\/\/elementer.cz\/en\/autor\/\" \/>\n<meta property=\"og:locale\" content=\"en_US\" \/>\n<meta property=\"og:type\" content=\"article\" \/>\n<meta property=\"og:title\" content=\"Tohle jsem j\u00e1 | ELEMENTER\" \/>\n<meta property=\"og:description\" content=\"Jmenuji se Michal Barto\u0161 a jsem ELEMENTER. Toto je m\u016fj web na kter\u00e9m najdete vybran\u00e9 projekty, aplikace, galerii ...\" \/>\n<meta property=\"og:url\" content=\"https:\/\/elementer.cz\/en\/autor\/\" \/>\n<meta property=\"og:site_name\" content=\"ELEMENTER\" \/>\n<meta property=\"article:publisher\" content=\"https:\/\/www.facebook.com\/Elementer.cz\" \/>\n<meta property=\"article:modified_time\" content=\"2025-12-07T13:54:40+00:00\" \/>\n<meta property=\"og:image\" content=\"https:\/\/elementer.cz\/wp-content\/uploads\/PROFILE_V2_800.jpg\" \/>\n\t<meta property=\"og:image:width\" content=\"800\" \/>\n\t<meta property=\"og:image:height\" content=\"800\" \/>\n\t<meta property=\"og:image:type\" content=\"image\/jpeg\" \/>\n<meta name=\"twitter:card\" content=\"summary_large_image\" \/>\n<meta name=\"twitter:label1\" content=\"Est. reading time\" \/>\n\t<meta name=\"twitter:data1\" content=\"2 minutes\" \/>\n<script type=\"application\/ld+json\" class=\"yoast-schema-graph\">{\"@context\":\"https:\/\/schema.org\",\"@graph\":[{\"@type\":\"WebPage\",\"@id\":\"https:\/\/elementer.cz\/autor\/\",\"url\":\"https:\/\/elementer.cz\/autor\/\",\"name\":\"Tohle jsem j\u00e1 | ELEMENTER\",\"isPartOf\":{\"@id\":\"https:\/\/elementer.cz\/#website\"},\"primaryImageOfPage\":{\"@id\":\"https:\/\/elementer.cz\/autor\/#primaryimage\"},\"image\":{\"@id\":\"https:\/\/elementer.cz\/autor\/#primaryimage\"},\"thumbnailUrl\":\"https:\/\/elementer.cz\/wp-content\/uploads\/PROFILE_V2_800.jpg\",\"datePublished\":\"2025-01-26T13:12:54+00:00\",\"dateModified\":\"2025-12-07T13:54:40+00:00\",\"description\":\"Jmenuji se Michal Barto\u0161 a jsem ELEMENTER. Toto je m\u016fj web na kter\u00e9m najdete vybran\u00e9 projekty, aplikace, galerii ...\",\"breadcrumb\":{\"@id\":\"https:\/\/elementer.cz\/autor\/#breadcrumb\"},\"inLanguage\":\"en-US\",\"potentialAction\":[{\"@type\":\"ReadAction\",\"target\":[\"https:\/\/elementer.cz\/autor\/\"]}]},{\"@type\":\"ImageObject\",\"inLanguage\":\"en-US\",\"@id\":\"https:\/\/elementer.cz\/autor\/#primaryimage\",\"url\":\"https:\/\/elementer.cz\/wp-content\/uploads\/PROFILE_V2_800.jpg\",\"contentUrl\":\"https:\/\/elementer.cz\/wp-content\/uploads\/PROFILE_V2_800.jpg\",\"width\":800,\"height\":800,\"caption\":\"Elementer - Barto\u0161 Michal\"},{\"@type\":\"BreadcrumbList\",\"@id\":\"https:\/\/elementer.cz\/autor\/#breadcrumb\",\"itemListElement\":[{\"@type\":\"ListItem\",\"position\":1,\"name\":\"Dom\u016f\",\"item\":\"https:\/\/elementer.cz\/\"},{\"@type\":\"ListItem\",\"position\":2,\"name\":\"Tohle jsem j\u00e1\"}]},{\"@type\":\"WebSite\",\"@id\":\"https:\/\/elementer.cz\/#website\",\"url\":\"https:\/\/elementer.cz\/\",\"name\":\"ELEMENTER\",\"description\":\"\",\"publisher\":{\"@id\":\"https:\/\/elementer.cz\/#organization\"},\"potentialAction\":[{\"@type\":\"SearchAction\",\"target\":{\"@type\":\"EntryPoint\",\"urlTemplate\":\"https:\/\/elementer.cz\/?s={search_term_string}\"},\"query-input\":{\"@type\":\"PropertyValueSpecification\",\"valueRequired\":true,\"valueName\":\"search_term_string\"}}],\"inLanguage\":\"en-US\"},{\"@type\":\"Organization\",\"@id\":\"https:\/\/elementer.cz\/#organization\",\"name\":\"ELEMENTER\",\"url\":\"https:\/\/elementer.cz\/\",\"logo\":{\"@type\":\"ImageObject\",\"inLanguage\":\"en-US\",\"@id\":\"https:\/\/elementer.cz\/#\/schema\/logo\/image\/\",\"url\":\"https:\/\/elementer.cz\/wp-content\/uploads\/logo_512_wround.png\",\"contentUrl\":\"https:\/\/elementer.cz\/wp-content\/uploads\/logo_512_wround.png\",\"width\":512,\"height\":512,\"caption\":\"ELEMENTER\"},\"image\":{\"@id\":\"https:\/\/elementer.cz\/#\/schema\/logo\/image\/\"},\"sameAs\":[\"https:\/\/www.facebook.com\/Elementer.cz\",\"https:\/\/www.instagram.com\/elementer.cz\/\"]}]}<\/script>\n<!-- \/ Yoast SEO plugin. -->","yoast_head_json":{"title":"Tohle jsem j\u00e1 | ELEMENTER","description":"Jmenuji se Michal Barto\u0161 a jsem ELEMENTER. Toto je m\u016fj web na kter\u00e9m najdete vybran\u00e9 projekty, aplikace, galerii ...","robots":{"index":"index","follow":"follow","max-snippet":"max-snippet:-1","max-image-preview":"max-image-preview:large","max-video-preview":"max-video-preview:-1"},"canonical":"https:\/\/elementer.cz\/en\/autor\/","og_locale":"en_US","og_type":"article","og_title":"Tohle jsem j\u00e1 | ELEMENTER","og_description":"Jmenuji se Michal Barto\u0161 a jsem ELEMENTER. Toto je m\u016fj web na kter\u00e9m najdete vybran\u00e9 projekty, aplikace, galerii ...","og_url":"https:\/\/elementer.cz\/en\/autor\/","og_site_name":"ELEMENTER","article_publisher":"https:\/\/www.facebook.com\/Elementer.cz","article_modified_time":"2025-12-07T13:54:40+00:00","og_image":[{"width":800,"height":800,"url":"https:\/\/elementer.cz\/wp-content\/uploads\/PROFILE_V2_800.jpg","type":"image\/jpeg"}],"twitter_card":"summary_large_image","twitter_misc":{"Est. reading time":"2 minutes"},"schema":{"@context":"https:\/\/schema.org","@graph":[{"@type":"WebPage","@id":"https:\/\/elementer.cz\/autor\/","url":"https:\/\/elementer.cz\/autor\/","name":"Tohle jsem j\u00e1 | ELEMENTER","isPartOf":{"@id":"https:\/\/elementer.cz\/#website"},"primaryImageOfPage":{"@id":"https:\/\/elementer.cz\/autor\/#primaryimage"},"image":{"@id":"https:\/\/elementer.cz\/autor\/#primaryimage"},"thumbnailUrl":"https:\/\/elementer.cz\/wp-content\/uploads\/PROFILE_V2_800.jpg","datePublished":"2025-01-26T13:12:54+00:00","dateModified":"2025-12-07T13:54:40+00:00","description":"Jmenuji se Michal Barto\u0161 a jsem ELEMENTER. Toto je m\u016fj web na kter\u00e9m najdete vybran\u00e9 projekty, aplikace, galerii ...","breadcrumb":{"@id":"https:\/\/elementer.cz\/autor\/#breadcrumb"},"inLanguage":"en-US","potentialAction":[{"@type":"ReadAction","target":["https:\/\/elementer.cz\/autor\/"]}]},{"@type":"ImageObject","inLanguage":"en-US","@id":"https:\/\/elementer.cz\/autor\/#primaryimage","url":"https:\/\/elementer.cz\/wp-content\/uploads\/PROFILE_V2_800.jpg","contentUrl":"https:\/\/elementer.cz\/wp-content\/uploads\/PROFILE_V2_800.jpg","width":800,"height":800,"caption":"Elementer - Barto\u0161 Michal"},{"@type":"BreadcrumbList","@id":"https:\/\/elementer.cz\/autor\/#breadcrumb","itemListElement":[{"@type":"ListItem","position":1,"name":"Dom\u016f","item":"https:\/\/elementer.cz\/"},{"@type":"ListItem","position":2,"name":"Tohle jsem j\u00e1"}]},{"@type":"WebSite","@id":"https:\/\/elementer.cz\/#website","url":"https:\/\/elementer.cz\/","name":"ELEMENTER","description":"","publisher":{"@id":"https:\/\/elementer.cz\/#organization"},"potentialAction":[{"@type":"SearchAction","target":{"@type":"EntryPoint","urlTemplate":"https:\/\/elementer.cz\/?s={search_term_string}"},"query-input":{"@type":"PropertyValueSpecification","valueRequired":true,"valueName":"search_term_string"}}],"inLanguage":"en-US"},{"@type":"Organization","@id":"https:\/\/elementer.cz\/#organization","name":"ELEMENTER","url":"https:\/\/elementer.cz\/","logo":{"@type":"ImageObject","inLanguage":"en-US","@id":"https:\/\/elementer.cz\/#\/schema\/logo\/image\/","url":"https:\/\/elementer.cz\/wp-content\/uploads\/logo_512_wround.png","contentUrl":"https:\/\/elementer.cz\/wp-content\/uploads\/logo_512_wround.png","width":512,"height":512,"caption":"ELEMENTER"},"image":{"@id":"https:\/\/elementer.cz\/#\/schema\/logo\/image\/"},"sameAs":["https:\/\/www.facebook.com\/Elementer.cz","https:\/\/www.instagram.com\/elementer.cz\/"]}]}},"_links":{"self":[{"href":"https:\/\/elementer.cz\/en\/wp-json\/wp\/v2\/pages\/542","targetHints":{"allow":["GET"]}}],"collection":[{"href":"https:\/\/elementer.cz\/en\/wp-json\/wp\/v2\/pages"}],"about":[{"href":"https:\/\/elementer.cz\/en\/wp-json\/wp\/v2\/types\/page"}],"author":[{"embeddable":true,"href":"https:\/\/elementer.cz\/en\/wp-json\/wp\/v2\/users\/1"}],"replies":[{"embeddable":true,"href":"https:\/\/elementer.cz\/en\/wp-json\/wp\/v2\/comments?post=542"}],"version-history":[{"count":38,"href":"https:\/\/elementer.cz\/en\/wp-json\/wp\/v2\/pages\/542\/revisions"}],"predecessor-version":[{"id":3022,"href":"https:\/\/elementer.cz\/en\/wp-json\/wp\/v2\/pages\/542\/revisions\/3022"}],"wp:featuredmedia":[{"embeddable":true,"href":"https:\/\/elementer.cz\/en\/wp-json\/wp\/v2\/media\/103"}],"wp:attachment":[{"href":"https:\/\/elementer.cz\/en\/wp-json\/wp\/v2\/media?parent=542"}],"curies":[{"name":"wp","href":"https:\/\/api.w.org\/{rel}","templated":true}]}}