{"id":555,"date":"2025-01-26T18:22:26","date_gmt":"2025-01-26T17:22:26","guid":{"rendered":"https:\/\/elementer.cz\/?page_id=555"},"modified":"2025-03-29T11:45:06","modified_gmt":"2025-03-29T10:45:06","slug":"clanky","status":"publish","type":"page","link":"https:\/\/elementer.cz\/en\/clanky\/","title":{"rendered":"Articles"},"content":{"rendered":"<div data-elementor-type=\"wp-page\" data-elementor-id=\"555\" class=\"elementor elementor-555\">\n\t\t\t\t<div class=\"elementor-element elementor-element-a56d276 e-flex e-con-boxed e-con e-parent\" data-id=\"a56d276\" data-element_type=\"container\" data-e-type=\"container\">\n\t\t\t\t\t<div class=\"e-con-inner\">\n\t\t<div class=\"elementor-element elementor-element-d5fb8b1 e-con-full e-flex e-con e-child\" data-id=\"d5fb8b1\" data-element_type=\"container\" data-e-type=\"container\">\n\t\t\t\t<div class=\"elementor-element elementor-element-d3a309f elementor-widget elementor-widget-heading\" data-id=\"d3a309f\" data-element_type=\"widget\" data-e-type=\"widget\" data-widget_type=\"heading.default\">\n\t\t\t\t<div class=\"elementor-widget-container\">\n\t\t\t\t\t<h1 class=\"elementor-heading-title elementor-size-default\">Articles<\/h1>\t\t\t\t<\/div>\n\t\t\t\t<\/div>\n\t\t\t\t<div class=\"elementor-element elementor-element-761d08e elementor-widget-divider--view-line elementor-widget elementor-widget-divider\" data-id=\"761d08e\" data-element_type=\"widget\" data-e-type=\"widget\" data-widget_type=\"divider.default\">\n\t\t\t\t<div class=\"elementor-widget-container\">\n\t\t\t\t\t\t\t<div class=\"elementor-divider\">\n\t\t\t<span class=\"elementor-divider-separator\">\n\t\t\t\t\t\t<\/span>\n\t\t<\/div>\n\t\t\t\t\t\t<\/div>\n\t\t\t\t<\/div>\n\t\t\t\t<\/div>\n\t\t\t\t\t<\/div>\n\t\t\t\t<\/div>\n\t\t<div class=\"elementor-element elementor-element-bad6cbd e-flex e-con-boxed e-con e-parent\" data-id=\"bad6cbd\" data-element_type=\"container\" data-e-type=\"container\">\n\t\t\t\t\t<div class=\"e-con-inner\">\n\t\t<div class=\"elementor-element elementor-element-cd3d4ce e-grid e-con-full e-con e-child\" data-id=\"cd3d4ce\" data-element_type=\"container\" data-e-type=\"container\">\n\t\t<div class=\"elementor-element elementor-element-699ff23 e-con-full e-flex e-con e-child\" data-id=\"699ff23\" data-element_type=\"container\" data-e-type=\"container\">\n\t\t<div class=\"elementor-element elementor-element-e077908 e-con-full e-flex e-con e-child\" data-id=\"e077908\" data-element_type=\"container\" data-e-type=\"container\">\n\t\t\t\t<div class=\"elementor-element elementor-element-f94538e elementor-widget elementor-widget-image\" data-id=\"f94538e\" data-element_type=\"widget\" data-e-type=\"widget\" data-widget_type=\"image.default\">\n\t\t\t\t<div class=\"elementor-widget-container\">\n\t\t\t\t\t\t\t\t\t\t\t\t\t\t\t<img fetchpriority=\"high\" decoding=\"async\" width=\"700\" height=\"700\" src=\"https:\/\/elementer.cz\/wp-content\/uploads\/4-1.jpg\" class=\"attachment-large size-large wp-image-1254\" alt=\"\" srcset=\"https:\/\/elementer.cz\/wp-content\/uploads\/4-1.jpg 700w, https:\/\/elementer.cz\/wp-content\/uploads\/4-1-300x300.jpg 300w, https:\/\/elementer.cz\/wp-content\/uploads\/4-1-150x150.jpg 150w\" sizes=\"(max-width: 700px) 100vw, 700px\" \/>\t\t\t\t\t\t\t\t\t\t\t\t\t\t\t<\/div>\n\t\t\t\t<\/div>\n\t\t<div class=\"elementor-element elementor-element-df774b2 e-con-full e-flex e-con e-child\" data-id=\"df774b2\" data-element_type=\"container\" data-e-type=\"container\">\n\t\t\t\t<div class=\"elementor-element elementor-element-4ed192a elementor-widget elementor-widget-heading\" data-id=\"4ed192a\" data-element_type=\"widget\" data-e-type=\"widget\" data-widget_type=\"heading.default\">\n\t\t\t\t<div class=\"elementor-widget-container\">\n\t\t\t\t\t<h2 class=\"elementor-heading-title elementor-size-default\">Je vhodn\u00e9 pro u\u010den\u00ed pou\u017e\u00edvat um\u011blou inteligenci?\n<\/h2>\t\t\t\t<\/div>\n\t\t\t\t<\/div>\n\t\t\t\t<div class=\"elementor-element elementor-element-4d3f664 elementor-widget elementor-widget-text-editor\" data-id=\"4d3f664\" data-element_type=\"widget\" data-e-type=\"widget\" data-widget_type=\"text-editor.default\">\n\t\t\t\t<div class=\"elementor-widget-container\">\n\t\t\t\t\t\t\t\t\t<p>Tradi\u010dn\u00ed v\u00fduka u\u010ditelem je metoda, kterou v\u0161ichni dob\u0159e zn\u00e1me. N\u011bkdy n\u00e1m sedne, jindy m\u00e9n\u011b, a ob\u010das, i kdy\u017e se u\u010ditel maxim\u00e1ln\u011b sna\u017e\u00ed, \u017e\u00e1k nepochop\u00ed u\u010divo.Tento probl\u00e9m \u010dasto pramen\u00ed z rozd\u00edln\u00fdch \u00farovn\u00ed a hranic, kter\u00e9 maj\u00ed u\u010ditel\u00e9 i \u017e\u00e1ci.<\/p><p>Um\u011bl\u00e1 inteligence (AI) v\u0161ak tento probl\u00e9m dok\u00e1\u017ee p\u0159ekonat.<\/p>\t\t\t\t\t\t\t\t<\/div>\n\t\t\t\t<\/div>\n\t\t\t\t<\/div>\n\t\t\t\t<\/div>\n\t\t\t\t<div class=\"elementor-element elementor-element-c0ce8ee elementor-align-justify elementor-widget elementor-widget-button\" data-id=\"c0ce8ee\" data-element_type=\"widget\" data-e-type=\"widget\" data-widget_type=\"button.default\">\n\t\t\t\t<div class=\"elementor-widget-container\">\n\t\t\t\t\t\t\t\t\t<div class=\"elementor-button-wrapper\">\n\t\t\t\t\t<a class=\"elementor-button elementor-button-link elementor-size-sm\" href=\"https:\/\/elementer.cz\/en\/clanky\/je-vhodne-pro-uceni-pouzivat-umelou-inteligenci\/\">\n\t\t\t\t\t\t<span class=\"elementor-button-content-wrapper\">\n\t\t\t\t\t\t\t\t\t<span class=\"elementor-button-text\">Zobrazit \u010dl\u00e1nek<\/span>\n\t\t\t\t\t<\/span>\n\t\t\t\t\t<\/a>\n\t\t\t\t<\/div>\n\t\t\t\t\t\t\t\t<\/div>\n\t\t\t\t<\/div>\n\t\t\t\t<\/div>\n\t\t<div class=\"elementor-element elementor-element-1fb706b e-con-full e-flex e-con e-child\" data-id=\"1fb706b\" data-element_type=\"container\" data-e-type=\"container\">\n\t\t<div class=\"elementor-element elementor-element-47dae9c e-con-full e-flex e-con e-child\" data-id=\"47dae9c\" data-element_type=\"container\" data-e-type=\"container\">\n\t\t\t\t<div class=\"elementor-element elementor-element-d2c3d11 elementor-widget elementor-widget-image\" data-id=\"d2c3d11\" data-element_type=\"widget\" data-e-type=\"widget\" data-widget_type=\"image.default\">\n\t\t\t\t<div class=\"elementor-widget-container\">\n\t\t\t\t\t\t\t\t\t\t\t\t\t\t\t<img decoding=\"async\" width=\"700\" height=\"700\" src=\"https:\/\/elementer.cz\/wp-content\/uploads\/cl1.jpg\" class=\"attachment-large size-large wp-image-559\" alt=\"Elektronika pro d\u011bti\" srcset=\"https:\/\/elementer.cz\/wp-content\/uploads\/cl1.jpg 700w, https:\/\/elementer.cz\/wp-content\/uploads\/cl1-300x300.jpg 300w, https:\/\/elementer.cz\/wp-content\/uploads\/cl1-150x150.jpg 150w\" sizes=\"(max-width: 700px) 100vw, 700px\" \/>\t\t\t\t\t\t\t\t\t\t\t\t\t\t\t<\/div>\n\t\t\t\t<\/div>\n\t\t<div class=\"elementor-element elementor-element-1ca9631 e-con-full e-flex e-con e-child\" data-id=\"1ca9631\" data-element_type=\"container\" data-e-type=\"container\">\n\t\t\t\t<div class=\"elementor-element elementor-element-7577f77 elementor-widget elementor-widget-heading\" data-id=\"7577f77\" data-element_type=\"widget\" data-e-type=\"widget\" data-widget_type=\"heading.default\">\n\t\t\t\t<div class=\"elementor-widget-container\">\n\t\t\t\t\t<h2 class=\"elementor-heading-title elementor-size-default\">Elektronika v rukou d\u00edt\u011bte z pohledu pedagoga<\/h2>\t\t\t\t<\/div>\n\t\t\t\t<\/div>\n\t\t\t\t<div class=\"elementor-element elementor-element-2458c89 elementor-widget elementor-widget-text-editor\" data-id=\"2458c89\" data-element_type=\"widget\" data-e-type=\"widget\" data-widget_type=\"text-editor.default\">\n\t\t\t\t<div class=\"elementor-widget-container\">\n\t\t\t\t\t\t\t\t\t<p>,,D\u011bcka maj\u00ed v ruce mobily a tablety u\u017e ve \u0161kolce, to je stra\u0161n\u00fd.\u201c Tohle je \u010dast\u00fd n\u00e1zor n\u011bkter\u00fdch dosp\u011bl\u00fdch.<\/p><p>Dne\u0161n\u00ed digit\u00e1ln\u00ed doba n\u00e1s v\u0161ak propojuje s technologiemi mnohem v\u00edce ne\u017e kdy p\u0159edt\u00edm. Je tedy skute\u010dn\u011b elektronika tak \u0161kodliv\u00e1, jak se mnoz\u00ed domn\u00edvaj\u00ed, anebo m\u016f\u017ee naopak zv\u00fd\u0161it kreativitu u\u010den\u00ed u d\u011bt\u00ed u\u017e v p\u0159ed\u0161koln\u00edm v\u011bku?<\/p>\t\t\t\t\t\t\t\t<\/div>\n\t\t\t\t<\/div>\n\t\t\t\t<\/div>\n\t\t\t\t<\/div>\n\t\t\t\t<div class=\"elementor-element elementor-element-332758c elementor-align-justify elementor-widget elementor-widget-button\" data-id=\"332758c\" data-element_type=\"widget\" data-e-type=\"widget\" data-widget_type=\"button.default\">\n\t\t\t\t<div class=\"elementor-widget-container\">\n\t\t\t\t\t\t\t\t\t<div class=\"elementor-button-wrapper\">\n\t\t\t\t\t<a class=\"elementor-button elementor-button-link elementor-size-sm\" href=\"https:\/\/elementer.cz\/en\/clanky\/elektronika-v-rukou-ditete-z-pohledu-pedagoga\/\">\n\t\t\t\t\t\t<span class=\"elementor-button-content-wrapper\">\n\t\t\t\t\t\t\t\t\t<span class=\"elementor-button-text\">Zobrazit \u010dl\u00e1nek<\/span>\n\t\t\t\t\t<\/span>\n\t\t\t\t\t<\/a>\n\t\t\t\t<\/div>\n\t\t\t\t\t\t\t\t<\/div>\n\t\t\t\t<\/div>\n\t\t\t\t<\/div>\n\t\t<div class=\"elementor-element elementor-element-bb8fdd4 e-con-full e-flex e-con e-child\" data-id=\"bb8fdd4\" data-element_type=\"container\" data-e-type=\"container\">\n\t\t<div class=\"elementor-element elementor-element-2babc78 e-con-full e-flex e-con e-child\" data-id=\"2babc78\" data-element_type=\"container\" data-e-type=\"container\">\n\t\t\t\t<div class=\"elementor-element elementor-element-6b4945f elementor-widget elementor-widget-image\" data-id=\"6b4945f\" data-element_type=\"widget\" data-e-type=\"widget\" data-widget_type=\"image.default\">\n\t\t\t\t<div class=\"elementor-widget-container\">\n\t\t\t\t\t\t\t\t\t\t\t\t\t\t\t<img decoding=\"async\" width=\"700\" height=\"700\" src=\"https:\/\/elementer.cz\/wp-content\/uploads\/cl3.jpg\" class=\"attachment-large size-large wp-image-568\" alt=\"Elektronika pro d\u011bti\" srcset=\"https:\/\/elementer.cz\/wp-content\/uploads\/cl3.jpg 700w, https:\/\/elementer.cz\/wp-content\/uploads\/cl3-300x300.jpg 300w, https:\/\/elementer.cz\/wp-content\/uploads\/cl3-150x150.jpg 150w\" sizes=\"(max-width: 700px) 100vw, 700px\" \/>\t\t\t\t\t\t\t\t\t\t\t\t\t\t\t<\/div>\n\t\t\t\t<\/div>\n\t\t<div class=\"elementor-element elementor-element-3d6d80f e-con-full e-flex e-con e-child\" data-id=\"3d6d80f\" data-element_type=\"container\" data-e-type=\"container\">\n\t\t\t\t<div class=\"elementor-element elementor-element-abb62ff elementor-widget elementor-widget-heading\" data-id=\"abb62ff\" data-element_type=\"widget\" data-e-type=\"widget\" data-widget_type=\"heading.default\">\n\t\t\t\t<div class=\"elementor-widget-container\">\n\t\t\t\t\t<h2 class=\"elementor-heading-title elementor-size-default\">Mobiln\u00ed technologie jako efektivn\u00ed n\u00e1stroj pro vzd\u011bl\u00e1v\u00e1n\u00ed d\u011bt\u00ed<\/h2>\t\t\t\t<\/div>\n\t\t\t\t<\/div>\n\t\t\t\t<div class=\"elementor-element elementor-element-2d5fd37 elementor-widget elementor-widget-text-editor\" data-id=\"2d5fd37\" data-element_type=\"widget\" data-e-type=\"widget\" data-widget_type=\"text-editor.default\">\n\t\t\t\t<div class=\"elementor-widget-container\">\n\t\t\t\t\t\t\t\t\t<p>V dne\u0161n\u00ed digit\u00e1ln\u00ed \u00e9\u0159e se mobiln\u00ed za\u0159\u00edzen\u00ed st\u00e1vaj\u00ed ned\u00edlnou sou\u010d\u00e1st\u00ed ka\u017edodenn\u00edho \u017eivota. S rozvojem technologi\u00ed se tak\u00e9 m\u011bn\u00ed zp\u016fsoby, jak\u00fdmi se u\u010d\u00edme a jak\u00fdm zp\u016fsobem se vzd\u011bl\u00e1v\u00e1n\u00ed p\u0159en\u00e1\u0161\u00ed do prost\u0159ed\u00ed, kter\u00e9 je pro dne\u0161n\u00ed generace d\u011bt\u00ed p\u0159irozen\u00e9. Zat\u00edmco n\u011bkte\u0159\u00ed mohou m\u00edt obavy ohledn\u011b toho, jak\u00fd vliv mohou m\u00edt tyto technologie na rozvoj d\u011bt\u00ed, existuje mnoho zp\u016fsob\u016f, jak mohou b\u00fdt mobiln\u00ed telefony a tablety efektivn\u011b vyu\u017eity ke vzd\u011bl\u00e1v\u00e1n\u00ed.<\/p>\t\t\t\t\t\t\t\t<\/div>\n\t\t\t\t<\/div>\n\t\t\t\t<\/div>\n\t\t\t\t<\/div>\n\t\t\t\t<div class=\"elementor-element elementor-element-51070fa elementor-align-justify elementor-widget elementor-widget-button\" data-id=\"51070fa\" data-element_type=\"widget\" data-e-type=\"widget\" data-widget_type=\"button.default\">\n\t\t\t\t<div class=\"elementor-widget-container\">\n\t\t\t\t\t\t\t\t\t<div class=\"elementor-button-wrapper\">\n\t\t\t\t\t<a class=\"elementor-button elementor-button-link elementor-size-sm\" href=\"https:\/\/elementer.cz\/en\/clanky\/mobilni-technologie-jako-efektivni-nastroj-pro-vzdelavani-deti\/\">\n\t\t\t\t\t\t<span class=\"elementor-button-content-wrapper\">\n\t\t\t\t\t\t\t\t\t<span class=\"elementor-button-text\">Zobrazit \u010dl\u00e1nek<\/span>\n\t\t\t\t\t<\/span>\n\t\t\t\t\t<\/a>\n\t\t\t\t<\/div>\n\t\t\t\t\t\t\t\t<\/div>\n\t\t\t\t<\/div>\n\t\t\t\t<\/div>\n\t\t<div class=\"elementor-element elementor-element-2a73823 e-con-full e-flex e-con e-child\" data-id=\"2a73823\" data-element_type=\"container\" data-e-type=\"container\">\n\t\t<div class=\"elementor-element elementor-element-12add89 e-con-full e-flex e-con e-child\" data-id=\"12add89\" data-element_type=\"container\" data-e-type=\"container\">\n\t\t\t\t<div class=\"elementor-element elementor-element-1009225 elementor-widget elementor-widget-image\" data-id=\"1009225\" data-element_type=\"widget\" data-e-type=\"widget\" data-widget_type=\"image.default\">\n\t\t\t\t<div class=\"elementor-widget-container\">\n\t\t\t\t\t\t\t\t\t\t\t\t\t\t\t<img loading=\"lazy\" decoding=\"async\" width=\"700\" height=\"700\" src=\"https:\/\/elementer.cz\/wp-content\/uploads\/cl2.jpg\" class=\"attachment-large size-large wp-image-566\" alt=\"Elektronika pro d\u011bti\" srcset=\"https:\/\/elementer.cz\/wp-content\/uploads\/cl2.jpg 700w, https:\/\/elementer.cz\/wp-content\/uploads\/cl2-300x300.jpg 300w, https:\/\/elementer.cz\/wp-content\/uploads\/cl2-150x150.jpg 150w\" sizes=\"(max-width: 700px) 100vw, 700px\" \/>\t\t\t\t\t\t\t\t\t\t\t\t\t\t\t<\/div>\n\t\t\t\t<\/div>\n\t\t<div class=\"elementor-element elementor-element-518d68a e-con-full e-flex e-con e-child\" data-id=\"518d68a\" data-element_type=\"container\" data-e-type=\"container\">\n\t\t\t\t<div class=\"elementor-element elementor-element-3b1178f elementor-widget elementor-widget-heading\" data-id=\"3b1178f\" data-element_type=\"widget\" data-e-type=\"widget\" data-widget_type=\"heading.default\">\n\t\t\t\t<div class=\"elementor-widget-container\">\n\t\t\t\t\t<h2 class=\"elementor-heading-title elementor-size-default\">Vyu\u017eit\u00ed tablet\u016f a jejich integrace do v\u00fduky ve \u0161kolk\u00e1ch<\/h2>\t\t\t\t<\/div>\n\t\t\t\t<\/div>\n\t\t\t\t<div class=\"elementor-element elementor-element-ea8ecf0 elementor-widget elementor-widget-text-editor\" data-id=\"ea8ecf0\" data-element_type=\"widget\" data-e-type=\"widget\" data-widget_type=\"text-editor.default\">\n\t\t\t\t<div class=\"elementor-widget-container\">\n\t\t\t\t\t\t\t\t\t<p>Vzd\u011bl\u00e1v\u00e1n\u00ed se neust\u00e1le vyv\u00edj\u00ed a p\u0159izp\u016fsobuje nov\u00fdm technologi\u00edm. Jedn\u00edm z t\u011bchto nov\u00fdch n\u00e1stroj\u016f jsou tablety, kter\u00e9 mohou b\u00fdt efektivn\u00edm prost\u0159edkem ke zlep\u0161en\u00ed vzd\u011bl\u00e1vac\u00edch proces\u016f ve \u0161kolk\u00e1ch. Pokud vhodn\u011b integrujeme tablety do v\u00fduky ve \u0161kolk\u00e1ch, mohou se st\u00e1t hodnotn\u00fdm pomocn\u00edkem v rozvoji t\u011bchto mal\u00fdch student\u016f.<\/p>\t\t\t\t\t\t\t\t<\/div>\n\t\t\t\t<\/div>\n\t\t\t\t<\/div>\n\t\t\t\t<\/div>\n\t\t\t\t<div class=\"elementor-element elementor-element-ca41fe3 elementor-align-justify elementor-widget elementor-widget-button\" data-id=\"ca41fe3\" data-element_type=\"widget\" data-e-type=\"widget\" data-widget_type=\"button.default\">\n\t\t\t\t<div class=\"elementor-widget-container\">\n\t\t\t\t\t\t\t\t\t<div class=\"elementor-button-wrapper\">\n\t\t\t\t\t<a class=\"elementor-button elementor-button-link elementor-size-sm\" href=\"https:\/\/elementer.cz\/en\/clanky\/vyuziti-tabletu-a-jejich-integrace-do-vyuky-ve-skolkach\/\">\n\t\t\t\t\t\t<span class=\"elementor-button-content-wrapper\">\n\t\t\t\t\t\t\t\t\t<span class=\"elementor-button-text\">Zobrazit \u010dl\u00e1nek<\/span>\n\t\t\t\t\t<\/span>\n\t\t\t\t\t<\/a>\n\t\t\t\t<\/div>\n\t\t\t\t\t\t\t\t<\/div>\n\t\t\t\t<\/div>\n\t\t\t\t<\/div>\n\t\t\t\t<\/div>\n\t\t\t\t\t<\/div>\n\t\t\t\t<\/div>\n\t\t\t\t<\/div>","protected":false},"excerpt":{"rendered":"<p>\u010cl\u00e1nky Je vhodn\u00e9 pro u\u010den\u00ed pou\u017e\u00edvat um\u011blou inteligenci? Tradi\u010dn\u00ed v\u00fduka u\u010ditelem je metoda, kterou v\u0161ichni dob\u0159e zn\u00e1me. N\u011bkdy n\u00e1m sedne, jindy m\u00e9n\u011b, a ob\u010das, i kdy\u017e se u\u010ditel maxim\u00e1ln\u011b sna\u017e\u00ed, \u017e\u00e1k nepochop\u00ed u\u010divo.Tento probl\u00e9m \u010dasto pramen\u00ed z rozd\u00edln\u00fdch \u00farovn\u00ed a hranic, kter\u00e9 maj\u00ed u\u010ditel\u00e9 i \u017e\u00e1ci. Um\u011bl\u00e1 inteligence (AI) v\u0161ak tento probl\u00e9m dok\u00e1\u017ee p\u0159ekonat. Zobrazit [&hellip;]<\/p>\n","protected":false},"author":1,"featured_media":15,"parent":0,"menu_order":200,"comment_status":"closed","ping_status":"closed","template":"elementor_canvas","meta":{"footnotes":""},"class_list":["post-555","page","type-page","status-publish","has-post-thumbnail","hentry"],"yoast_head":"<!-- This site is optimized with the Yoast SEO plugin v27.1.1 - https:\/\/yoast.com\/product\/yoast-seo-wordpress\/ -->\n<title>\u010cl\u00e1nky | ELEMENTER<\/title>\n<meta name=\"description\" content=\"Vzd\u011bl\u00e1vac\u00ed, z\u00e1bavn\u00e9 i pedagogy schv\u00e1len\u00e9 v\u00fdukov\u00e9 aplikace pro d\u011bti, kter\u00e9 z\u00e1bavnou formou podporuj\u00ed jejich prvn\u00ed kr\u016f\u010dky k objevov\u00e1n\u00ed sv\u011bta.\" \/>\n<meta name=\"robots\" content=\"index, follow, max-snippet:-1, max-image-preview:large, max-video-preview:-1\" \/>\n<link rel=\"canonical\" href=\"https:\/\/elementer.cz\/en\/clanky\/\" \/>\n<meta property=\"og:locale\" content=\"en_US\" \/>\n<meta property=\"og:type\" content=\"article\" \/>\n<meta property=\"og:title\" content=\"\u010cl\u00e1nky | ELEMENTER\" \/>\n<meta property=\"og:description\" content=\"Vzd\u011bl\u00e1vac\u00ed, z\u00e1bavn\u00e9 i pedagogy schv\u00e1len\u00e9 v\u00fdukov\u00e9 aplikace pro d\u011bti, kter\u00e9 z\u00e1bavnou formou podporuj\u00ed jejich prvn\u00ed kr\u016f\u010dky k objevov\u00e1n\u00ed sv\u011bta.\" \/>\n<meta property=\"og:url\" content=\"https:\/\/elementer.cz\/en\/clanky\/\" \/>\n<meta property=\"og:site_name\" content=\"ELEMENTER\" \/>\n<meta property=\"article:publisher\" content=\"https:\/\/www.facebook.com\/Elementer.cz\" \/>\n<meta property=\"article:modified_time\" content=\"2025-03-29T10:45:06+00:00\" \/>\n<meta property=\"og:image\" content=\"https:\/\/elementer.cz\/wp-content\/uploads\/preview_elementer_main_min.jpg\" \/>\n\t<meta property=\"og:image:width\" content=\"1000\" \/>\n\t<meta property=\"og:image:height\" content=\"600\" \/>\n\t<meta property=\"og:image:type\" content=\"image\/jpeg\" \/>\n<meta name=\"twitter:card\" content=\"summary_large_image\" \/>\n<meta name=\"twitter:label1\" content=\"Est. reading time\" \/>\n\t<meta name=\"twitter:data1\" content=\"3 minutes\" \/>\n<script type=\"application\/ld+json\" class=\"yoast-schema-graph\">{\"@context\":\"https:\/\/schema.org\",\"@graph\":[{\"@type\":\"WebPage\",\"@id\":\"https:\/\/elementer.cz\/clanky\/\",\"url\":\"https:\/\/elementer.cz\/clanky\/\",\"name\":\"\u010cl\u00e1nky | ELEMENTER\",\"isPartOf\":{\"@id\":\"https:\/\/elementer.cz\/#website\"},\"primaryImageOfPage\":{\"@id\":\"https:\/\/elementer.cz\/clanky\/#primaryimage\"},\"image\":{\"@id\":\"https:\/\/elementer.cz\/clanky\/#primaryimage\"},\"thumbnailUrl\":\"https:\/\/elementer.cz\/wp-content\/uploads\/preview_elementer_main_min.jpg\",\"datePublished\":\"2025-01-26T17:22:26+00:00\",\"dateModified\":\"2025-03-29T10:45:06+00:00\",\"description\":\"Vzd\u011bl\u00e1vac\u00ed, z\u00e1bavn\u00e9 i pedagogy schv\u00e1len\u00e9 v\u00fdukov\u00e9 aplikace pro d\u011bti, kter\u00e9 z\u00e1bavnou formou podporuj\u00ed jejich prvn\u00ed kr\u016f\u010dky k objevov\u00e1n\u00ed sv\u011bta.\",\"breadcrumb\":{\"@id\":\"https:\/\/elementer.cz\/clanky\/#breadcrumb\"},\"inLanguage\":\"en-US\",\"potentialAction\":[{\"@type\":\"ReadAction\",\"target\":[\"https:\/\/elementer.cz\/clanky\/\"]}]},{\"@type\":\"ImageObject\",\"inLanguage\":\"en-US\",\"@id\":\"https:\/\/elementer.cz\/clanky\/#primaryimage\",\"url\":\"https:\/\/elementer.cz\/wp-content\/uploads\/preview_elementer_main_min.jpg\",\"contentUrl\":\"https:\/\/elementer.cz\/wp-content\/uploads\/preview_elementer_main_min.jpg\",\"width\":1000,\"height\":600,\"caption\":\"ELEMENTER LOGO\"},{\"@type\":\"BreadcrumbList\",\"@id\":\"https:\/\/elementer.cz\/clanky\/#breadcrumb\",\"itemListElement\":[{\"@type\":\"ListItem\",\"position\":1,\"name\":\"Dom\u016f\",\"item\":\"https:\/\/elementer.cz\/\"},{\"@type\":\"ListItem\",\"position\":2,\"name\":\"\u010cl\u00e1nky\"}]},{\"@type\":\"WebSite\",\"@id\":\"https:\/\/elementer.cz\/#website\",\"url\":\"https:\/\/elementer.cz\/\",\"name\":\"ELEMENTER\",\"description\":\"\",\"publisher\":{\"@id\":\"https:\/\/elementer.cz\/#organization\"},\"potentialAction\":[{\"@type\":\"SearchAction\",\"target\":{\"@type\":\"EntryPoint\",\"urlTemplate\":\"https:\/\/elementer.cz\/?s={search_term_string}\"},\"query-input\":{\"@type\":\"PropertyValueSpecification\",\"valueRequired\":true,\"valueName\":\"search_term_string\"}}],\"inLanguage\":\"en-US\"},{\"@type\":\"Organization\",\"@id\":\"https:\/\/elementer.cz\/#organization\",\"name\":\"ELEMENTER\",\"url\":\"https:\/\/elementer.cz\/\",\"logo\":{\"@type\":\"ImageObject\",\"inLanguage\":\"en-US\",\"@id\":\"https:\/\/elementer.cz\/#\/schema\/logo\/image\/\",\"url\":\"https:\/\/elementer.cz\/wp-content\/uploads\/logo_512_wround.png\",\"contentUrl\":\"https:\/\/elementer.cz\/wp-content\/uploads\/logo_512_wround.png\",\"width\":512,\"height\":512,\"caption\":\"ELEMENTER\"},\"image\":{\"@id\":\"https:\/\/elementer.cz\/#\/schema\/logo\/image\/\"},\"sameAs\":[\"https:\/\/www.facebook.com\/Elementer.cz\",\"https:\/\/www.instagram.com\/elementer.cz\/\"]}]}<\/script>\n<!-- \/ Yoast SEO plugin. -->","yoast_head_json":{"title":"\u010cl\u00e1nky | ELEMENTER","description":"Vzd\u011bl\u00e1vac\u00ed, z\u00e1bavn\u00e9 i pedagogy schv\u00e1len\u00e9 v\u00fdukov\u00e9 aplikace pro d\u011bti, kter\u00e9 z\u00e1bavnou formou podporuj\u00ed jejich prvn\u00ed kr\u016f\u010dky k objevov\u00e1n\u00ed sv\u011bta.","robots":{"index":"index","follow":"follow","max-snippet":"max-snippet:-1","max-image-preview":"max-image-preview:large","max-video-preview":"max-video-preview:-1"},"canonical":"https:\/\/elementer.cz\/en\/clanky\/","og_locale":"en_US","og_type":"article","og_title":"\u010cl\u00e1nky | ELEMENTER","og_description":"Vzd\u011bl\u00e1vac\u00ed, z\u00e1bavn\u00e9 i pedagogy schv\u00e1len\u00e9 v\u00fdukov\u00e9 aplikace pro d\u011bti, kter\u00e9 z\u00e1bavnou formou podporuj\u00ed jejich prvn\u00ed kr\u016f\u010dky k objevov\u00e1n\u00ed sv\u011bta.","og_url":"https:\/\/elementer.cz\/en\/clanky\/","og_site_name":"ELEMENTER","article_publisher":"https:\/\/www.facebook.com\/Elementer.cz","article_modified_time":"2025-03-29T10:45:06+00:00","og_image":[{"width":1000,"height":600,"url":"https:\/\/elementer.cz\/wp-content\/uploads\/preview_elementer_main_min.jpg","type":"image\/jpeg"}],"twitter_card":"summary_large_image","twitter_misc":{"Est. reading time":"3 minutes"},"schema":{"@context":"https:\/\/schema.org","@graph":[{"@type":"WebPage","@id":"https:\/\/elementer.cz\/clanky\/","url":"https:\/\/elementer.cz\/clanky\/","name":"\u010cl\u00e1nky | ELEMENTER","isPartOf":{"@id":"https:\/\/elementer.cz\/#website"},"primaryImageOfPage":{"@id":"https:\/\/elementer.cz\/clanky\/#primaryimage"},"image":{"@id":"https:\/\/elementer.cz\/clanky\/#primaryimage"},"thumbnailUrl":"https:\/\/elementer.cz\/wp-content\/uploads\/preview_elementer_main_min.jpg","datePublished":"2025-01-26T17:22:26+00:00","dateModified":"2025-03-29T10:45:06+00:00","description":"Vzd\u011bl\u00e1vac\u00ed, z\u00e1bavn\u00e9 i pedagogy schv\u00e1len\u00e9 v\u00fdukov\u00e9 aplikace pro d\u011bti, kter\u00e9 z\u00e1bavnou formou podporuj\u00ed jejich prvn\u00ed kr\u016f\u010dky k objevov\u00e1n\u00ed sv\u011bta.","breadcrumb":{"@id":"https:\/\/elementer.cz\/clanky\/#breadcrumb"},"inLanguage":"en-US","potentialAction":[{"@type":"ReadAction","target":["https:\/\/elementer.cz\/clanky\/"]}]},{"@type":"ImageObject","inLanguage":"en-US","@id":"https:\/\/elementer.cz\/clanky\/#primaryimage","url":"https:\/\/elementer.cz\/wp-content\/uploads\/preview_elementer_main_min.jpg","contentUrl":"https:\/\/elementer.cz\/wp-content\/uploads\/preview_elementer_main_min.jpg","width":1000,"height":600,"caption":"ELEMENTER LOGO"},{"@type":"BreadcrumbList","@id":"https:\/\/elementer.cz\/clanky\/#breadcrumb","itemListElement":[{"@type":"ListItem","position":1,"name":"Dom\u016f","item":"https:\/\/elementer.cz\/"},{"@type":"ListItem","position":2,"name":"\u010cl\u00e1nky"}]},{"@type":"WebSite","@id":"https:\/\/elementer.cz\/#website","url":"https:\/\/elementer.cz\/","name":"ELEMENTER","description":"","publisher":{"@id":"https:\/\/elementer.cz\/#organization"},"potentialAction":[{"@type":"SearchAction","target":{"@type":"EntryPoint","urlTemplate":"https:\/\/elementer.cz\/?s={search_term_string}"},"query-input":{"@type":"PropertyValueSpecification","valueRequired":true,"valueName":"search_term_string"}}],"inLanguage":"en-US"},{"@type":"Organization","@id":"https:\/\/elementer.cz\/#organization","name":"ELEMENTER","url":"https:\/\/elementer.cz\/","logo":{"@type":"ImageObject","inLanguage":"en-US","@id":"https:\/\/elementer.cz\/#\/schema\/logo\/image\/","url":"https:\/\/elementer.cz\/wp-content\/uploads\/logo_512_wround.png","contentUrl":"https:\/\/elementer.cz\/wp-content\/uploads\/logo_512_wround.png","width":512,"height":512,"caption":"ELEMENTER"},"image":{"@id":"https:\/\/elementer.cz\/#\/schema\/logo\/image\/"},"sameAs":["https:\/\/www.facebook.com\/Elementer.cz","https:\/\/www.instagram.com\/elementer.cz\/"]}]}},"_links":{"self":[{"href":"https:\/\/elementer.cz\/en\/wp-json\/wp\/v2\/pages\/555","targetHints":{"allow":["GET"]}}],"collection":[{"href":"https:\/\/elementer.cz\/en\/wp-json\/wp\/v2\/pages"}],"about":[{"href":"https:\/\/elementer.cz\/en\/wp-json\/wp\/v2\/types\/page"}],"author":[{"embeddable":true,"href":"https:\/\/elementer.cz\/en\/wp-json\/wp\/v2\/users\/1"}],"replies":[{"embeddable":true,"href":"https:\/\/elementer.cz\/en\/wp-json\/wp\/v2\/comments?post=555"}],"version-history":[{"count":22,"href":"https:\/\/elementer.cz\/en\/wp-json\/wp\/v2\/pages\/555\/revisions"}],"predecessor-version":[{"id":1264,"href":"https:\/\/elementer.cz\/en\/wp-json\/wp\/v2\/pages\/555\/revisions\/1264"}],"wp:featuredmedia":[{"embeddable":true,"href":"https:\/\/elementer.cz\/en\/wp-json\/wp\/v2\/media\/15"}],"wp:attachment":[{"href":"https:\/\/elementer.cz\/en\/wp-json\/wp\/v2\/media?parent=555"}],"curies":[{"name":"wp","href":"https:\/\/api.w.org\/{rel}","templated":true}]}}