{"id":586,"date":"2025-01-26T19:08:56","date_gmt":"2025-01-26T18:08:56","guid":{"rendered":"https:\/\/elementer.cz\/?page_id=586"},"modified":"2025-01-26T19:13:21","modified_gmt":"2025-01-26T18:13:21","slug":"vyuziti-tabletu-a-jejich-integrace-do-vyuky-ve-skolkach","status":"publish","type":"page","link":"https:\/\/elementer.cz\/en\/clanky\/vyuziti-tabletu-a-jejich-integrace-do-vyuky-ve-skolkach\/","title":{"rendered":"Vyu\u017eit\u00ed tablet\u016f a jejich integrace do v\u00fduky ve \u0161kolk\u00e1ch"},"content":{"rendered":"<div data-elementor-type=\"wp-page\" data-elementor-id=\"586\" class=\"elementor elementor-586\">\n\t\t\t\t<div class=\"elementor-element elementor-element-a56d276 e-flex e-con-boxed e-con e-parent\" data-id=\"a56d276\" data-element_type=\"container\" data-e-type=\"container\">\n\t\t\t\t\t<div class=\"e-con-inner\">\n\t\t<div class=\"elementor-element elementor-element-d5fb8b1 e-con-full e-flex e-con e-child\" data-id=\"d5fb8b1\" data-element_type=\"container\" data-e-type=\"container\">\n\t\t\t\t<div class=\"elementor-element elementor-element-d3a309f elementor-widget elementor-widget-heading\" data-id=\"d3a309f\" data-element_type=\"widget\" data-e-type=\"widget\" data-widget_type=\"heading.default\">\n\t\t\t\t<div class=\"elementor-widget-container\">\n\t\t\t\t\t<h1 class=\"elementor-heading-title elementor-size-default\">Vyu\u017eit\u00ed tablet\u016f a jejich integrace do\u00a0v\u00fduky ve\u00a0\u0161kolk\u00e1ch<\/h1>\t\t\t\t<\/div>\n\t\t\t\t<\/div>\n\t\t\t\t<div class=\"elementor-element elementor-element-761d08e elementor-widget-divider--view-line elementor-widget elementor-widget-divider\" data-id=\"761d08e\" data-element_type=\"widget\" data-e-type=\"widget\" data-widget_type=\"divider.default\">\n\t\t\t\t<div class=\"elementor-widget-container\">\n\t\t\t\t\t\t\t<div class=\"elementor-divider\">\n\t\t\t<span class=\"elementor-divider-separator\">\n\t\t\t\t\t\t<\/span>\n\t\t<\/div>\n\t\t\t\t\t\t<\/div>\n\t\t\t\t<\/div>\n\t\t\t\t<\/div>\n\t\t\t\t\t<\/div>\n\t\t\t\t<\/div>\n\t\t<div class=\"elementor-element elementor-element-499a889 e-flex e-con-boxed e-con e-parent\" data-id=\"499a889\" data-element_type=\"container\" data-e-type=\"container\">\n\t\t\t\t\t<div class=\"e-con-inner\">\n\t\t<div class=\"elementor-element elementor-element-24857eb e-con-full e-flex e-con e-child\" data-id=\"24857eb\" data-element_type=\"container\" data-e-type=\"container\">\n\t\t<div class=\"elementor-element elementor-element-122b6e5 e-con-full e-flex e-con e-child\" data-id=\"122b6e5\" data-element_type=\"container\" data-e-type=\"container\">\n\t\t<div class=\"elementor-element elementor-element-a7315a3 e-con-full e-flex e-con e-child\" data-id=\"a7315a3\" data-element_type=\"container\" data-e-type=\"container\">\n\t\t<div class=\"elementor-element elementor-element-4ad1e23 e-con-full e-flex e-con e-child\" data-id=\"4ad1e23\" data-element_type=\"container\" data-e-type=\"container\">\n\t\t\t\t<div class=\"elementor-element elementor-element-392ccf6 elementor-widget elementor-widget-image\" data-id=\"392ccf6\" data-element_type=\"widget\" data-e-type=\"widget\" data-widget_type=\"image.default\">\n\t\t\t\t<div class=\"elementor-widget-container\">\n\t\t\t\t\t\t\t\t\t\t\t\t\t\t\t<img fetchpriority=\"high\" decoding=\"async\" width=\"700\" height=\"700\" src=\"https:\/\/elementer.cz\/wp-content\/uploads\/cl2.jpg\" class=\"attachment-large size-large wp-image-566\" alt=\"Elektronika pro d\u011bti\" srcset=\"https:\/\/elementer.cz\/wp-content\/uploads\/cl2.jpg 700w, https:\/\/elementer.cz\/wp-content\/uploads\/cl2-300x300.jpg 300w, https:\/\/elementer.cz\/wp-content\/uploads\/cl2-150x150.jpg 150w\" sizes=\"(max-width: 700px) 100vw, 700px\" \/>\t\t\t\t\t\t\t\t\t\t\t\t\t\t\t<\/div>\n\t\t\t\t<\/div>\n\t\t\t\t<\/div>\n\t\t<div class=\"elementor-element elementor-element-e9770c1 e-con-full e-flex e-con e-child\" data-id=\"e9770c1\" data-element_type=\"container\" data-e-type=\"container\">\n\t\t\t\t<div class=\"elementor-element elementor-element-10f76ee elementor-widget elementor-widget-text-editor\" data-id=\"10f76ee\" data-element_type=\"widget\" data-e-type=\"widget\" data-widget_type=\"text-editor.default\">\n\t\t\t\t<div class=\"elementor-widget-container\">\n\t\t\t\t\t\t\t\t\t<p>Vzd\u011bl\u00e1v\u00e1n\u00ed se neust\u00e1le vyv\u00edj\u00ed a p\u0159izp\u016fsobuje nov\u00fdm technologi\u00edm. Jedn\u00edm z t\u011bchto nov\u00fdch n\u00e1stroj\u016f jsou tablety, kter\u00e9 mohou b\u00fdt efektivn\u00edm prost\u0159edkem ke zlep\u0161en\u00ed vzd\u011bl\u00e1vac\u00edch proces\u016f ve \u0161kolk\u00e1ch. Pokud vhodn\u011b integrujeme tablety do v\u00fduky ve \u0161kolk\u00e1ch, mohou se st\u00e1t hodnotn\u00fdm pomocn\u00edkem v rozvoji t\u011bchto mal\u00fdch student\u016f.<\/p>\t\t\t\t\t\t\t\t<\/div>\n\t\t\t\t<\/div>\n\t\t\t\t<\/div>\n\t\t\t\t<\/div>\n\t\t\t\t<div class=\"elementor-element elementor-element-44448bb elementor-widget elementor-widget-text-editor\" data-id=\"44448bb\" data-element_type=\"widget\" data-e-type=\"widget\" data-widget_type=\"text-editor.default\">\n\t\t\t\t<div class=\"elementor-widget-container\">\n\t\t\t\t\t\t\t\t\t<p><strong>1. Individualizace V\u00fduky:<\/strong><\/p><p>Jednou z hlavn\u00edch v\u00fdhod pou\u017eit\u00ed tablet\u016f ve \u0161kolk\u00e1ch je mo\u017enost individualizace v\u00fduky. Aplikace a programy navr\u017een\u00e9 speci\u00e1ln\u011b pro tuto v\u011bkovou skupinu umo\u017e\u0148uj\u00ed personalizovan\u00fd p\u0159\u00edstup k u\u010den\u00ed. D\u011bti mohou pracovat vlastn\u00edm tempem a zam\u011b\u0159it se na oblasti, kter\u00e9 pot\u0159ebuj\u00ed nejv\u00edce.<\/p><p>\u00a0<\/p><p><strong>2. V\u00fdukov\u00e9 Hry:<\/strong><\/p><p>Tablety mohou b\u00fdt skv\u011bl\u00fdm prost\u0159edkem pro z\u00e1bavnou v\u00fduku. V\u00fdukov\u00e9 hry a interaktivn\u00ed aplikace nejen\u017ee udr\u017euj\u00ed pozornost d\u011bt\u00ed, ale tak\u00e9 podporuj\u00ed rozvoj kognitivn\u00edch a motorick\u00fdch dovednost\u00ed. P\u0159es hry mohou d\u011bti sn\u00e1ze pochopit matematiku, jazykov\u00e9 dovednosti a dal\u0161\u00ed vzd\u011bl\u00e1vac\u00ed oblasti.<\/p><p>\u00a0<\/p><p><strong>3. Kreativn\u00ed Procesy:<\/strong><\/p><p>Tablety tak\u00e9 podporuj\u00ed rozvoj kreativity. Aplikace pro kreslen\u00ed, skl\u00e1d\u00e1n\u00ed, nebo hudebn\u00ed tvorbu mohou b\u00fdt skv\u011bl\u00fdm prost\u0159edkem pro podn\u011bcov\u00e1n\u00ed d\u011btsk\u00e9 fantazie a um\u011bleck\u00e9ho vyj\u00e1d\u0159en\u00ed.<\/p><p>\u00a0<\/p><p><strong>4. P\u0159\u00edprava na Digit\u00e1ln\u00ed Sv\u011bt:<\/strong><\/p><p>Dne\u0161n\u00ed sv\u011bt je digit\u00e1ln\u00ed a schopnost pracovat s modern\u00edmi technologiemi je kl\u00ed\u010dov\u00e1 dovednost. Zaveden\u00ed tablet\u016f do v\u00fduky ve \u0161kolk\u00e1ch p\u0159ipravuje d\u011bti na budoucnost, kde bude digit\u00e1ln\u00ed gramotnost nezbytn\u00e1 pro \u00fasp\u011b\u0161n\u00fd osobn\u00ed a profesion\u00e1ln\u00ed \u017eivot.<\/p><p>\u00a0<\/p><p><strong>5. Omezen\u00ed \u010casu a Dozoru:<\/strong><\/p><p>Je v\u0161ak d\u016fle\u017eit\u00e9 stanovit jasn\u00e9 limity pro pou\u017e\u00edv\u00e1n\u00ed tablet\u016f. Vzd\u011bl\u00e1v\u00e1n\u00ed by m\u011blo b\u00fdt vyv\u00e1\u017een\u00e9, a proto je kl\u00ed\u010dov\u00e9 stanovit omezen\u00ed \u010dasu, kter\u00fd d\u011bti tr\u00e1v\u00ed s tablety. Nav\u00edc je nezbytn\u00fd dozor dosp\u011bl\u00fdch, aby se zajistilo, \u017ee d\u011bti vyu\u017e\u00edvaj\u00ed tablety vhodn\u00fdm zp\u016fsobem.<\/p><p>\u00a0<\/p><p><strong>6. Spolupr\u00e1ce s Rodi\u010di:<\/strong><\/p><p>Komunikace s rodi\u010di je kl\u00ed\u010dov\u00e1. \u0160koly by m\u011bly rodi\u010d\u016fm vysv\u011btlit v\u00fdhody a omezen\u00ed pou\u017e\u00edv\u00e1n\u00ed tablet\u016f ve vzd\u011bl\u00e1v\u00e1n\u00ed nejmlad\u0161\u00edch d\u011bt\u00ed. T\u00edm lze zajistit, \u017ee se v\u00fduka s tablety st\u00e1v\u00e1 harmonickou sou\u010d\u00e1st\u00ed celkov\u00e9ho vzd\u011bl\u00e1vac\u00edho procesu.<\/p><p>\u00a0<\/p><p>Celkov\u011b lze \u0159\u00edci, \u017ee pou\u017eit\u00ed tablet\u016f ve \u0161kolk\u00e1ch pro mal\u00e9 d\u011bti m\u016f\u017ee p\u0159in\u00e9st mnoho v\u00fdhod, pokud je integrov\u00e1no s jasn\u00fdm pl\u00e1nem a pe\u010dliv\u00fdm dohledem. S t\u00edmto modern\u00edm p\u0159\u00edstupem k vzd\u011bl\u00e1v\u00e1n\u00ed mohou mal\u00ed studenti l\u00e9pe rozv\u00edjet sv\u00e9 dovednosti a p\u0159ipravovat se na budoucnost.<\/p>\t\t\t\t\t\t\t\t<\/div>\n\t\t\t\t<\/div>\n\t\t<div class=\"elementor-element elementor-element-bc0497d e-con-full e-flex e-con e-child\" data-id=\"bc0497d\" data-element_type=\"container\" data-e-type=\"container\">\n\t\t<div class=\"elementor-element elementor-element-5aacc97 e-con-full e-flex e-con e-child\" data-id=\"5aacc97\" data-element_type=\"container\" data-e-type=\"container\">\n\t\t\t\t<div class=\"elementor-element elementor-element-90f7fe1 elementor-align-justify elementor-widget elementor-widget-button\" data-id=\"90f7fe1\" data-element_type=\"widget\" data-e-type=\"widget\" data-widget_type=\"button.default\">\n\t\t\t\t<div class=\"elementor-widget-container\">\n\t\t\t\t\t\t\t\t\t<div class=\"elementor-button-wrapper\">\n\t\t\t\t\t<a class=\"elementor-button elementor-button-link elementor-size-sm\" href=\"https:\/\/elementer.cz\/en\/clanky\/\">\n\t\t\t\t\t\t<span class=\"elementor-button-content-wrapper\">\n\t\t\t\t\t\t\t\t\t<span class=\"elementor-button-text\">Zobrazit v\u0161echny \u010dl\u00e1nky<\/span>\n\t\t\t\t\t<\/span>\n\t\t\t\t\t<\/a>\n\t\t\t\t<\/div>\n\t\t\t\t\t\t\t\t<\/div>\n\t\t\t\t<\/div>\n\t\t\t\t<\/div>\n\t\t<div class=\"elementor-element elementor-element-9c01065 e-con-full e-flex e-con e-child\" data-id=\"9c01065\" data-element_type=\"container\" data-e-type=\"container\">\n\t\t\t\t<div class=\"elementor-element elementor-element-0115d8d elementor-align-justify elementor-widget elementor-widget-button\" data-id=\"0115d8d\" data-element_type=\"widget\" data-e-type=\"widget\" data-widget_type=\"button.default\">\n\t\t\t\t<div class=\"elementor-widget-container\">\n\t\t\t\t\t\t\t\t\t<div class=\"elementor-button-wrapper\">\n\t\t\t\t\t<a class=\"elementor-button elementor-button-link elementor-size-sm\" href=\"https:\/\/elementer.cz\/en\/aplikace\/\">\n\t\t\t\t\t\t<span class=\"elementor-button-content-wrapper\">\n\t\t\t\t\t\t\t\t\t<span class=\"elementor-button-text\">Vhodn\u00e9 aplikace pro d\u011bti<\/span>\n\t\t\t\t\t<\/span>\n\t\t\t\t\t<\/a>\n\t\t\t\t<\/div>\n\t\t\t\t\t\t\t\t<\/div>\n\t\t\t\t<\/div>\n\t\t\t\t<\/div>\n\t\t\t\t<\/div>\n\t\t\t\t<\/div>\n\t\t\t\t<\/div>\n\t\t\t\t\t<\/div>\n\t\t\t\t<\/div>\n\t\t\t\t<\/div>","protected":false},"excerpt":{"rendered":"<p>Vyu\u017eit\u00ed tablet\u016f a jejich integrace do\u00a0v\u00fduky ve\u00a0\u0161kolk\u00e1ch Vzd\u011bl\u00e1v\u00e1n\u00ed se neust\u00e1le vyv\u00edj\u00ed a p\u0159izp\u016fsobuje nov\u00fdm technologi\u00edm. Jedn\u00edm z t\u011bchto nov\u00fdch n\u00e1stroj\u016f jsou tablety, kter\u00e9 mohou b\u00fdt efektivn\u00edm prost\u0159edkem ke zlep\u0161en\u00ed vzd\u011bl\u00e1vac\u00edch proces\u016f ve \u0161kolk\u00e1ch. Pokud vhodn\u011b integrujeme tablety do v\u00fduky ve \u0161kolk\u00e1ch, mohou se st\u00e1t hodnotn\u00fdm pomocn\u00edkem v rozvoji t\u011bchto mal\u00fdch student\u016f. 1. Individualizace V\u00fduky: Jednou [&hellip;]<\/p>\n","protected":false},"author":1,"featured_media":566,"parent":555,"menu_order":3,"comment_status":"closed","ping_status":"closed","template":"elementor_canvas","meta":{"footnotes":""},"class_list":["post-586","page","type-page","status-publish","has-post-thumbnail","hentry"],"yoast_head":"<!-- This site is optimized with the Yoast SEO plugin v27.1.1 - https:\/\/yoast.com\/product\/yoast-seo-wordpress\/ -->\n<title>Vyu\u017eit\u00ed tablet\u016f a jejich integrace do v\u00fduky ve \u0161kolk\u00e1ch | ELEMENTER<\/title>\n<meta name=\"description\" content=\"Vzd\u011bl\u00e1v\u00e1n\u00ed se neust\u00e1le vyv\u00edj\u00ed a p\u0159izp\u016fsobuje nov\u00fdm technologi\u00edm. Jedn\u00edm z t\u011bchto nov\u00fdch n\u00e1stroj\u016f jsou tablety, kter\u00e9 mohou b\u00fdt efektivn\u00edm..\" \/>\n<meta name=\"robots\" content=\"index, follow, max-snippet:-1, max-image-preview:large, max-video-preview:-1\" \/>\n<link rel=\"canonical\" href=\"https:\/\/elementer.cz\/en\/clanky\/vyuziti-tabletu-a-jejich-integrace-do-vyuky-ve-skolkach\/\" \/>\n<meta property=\"og:locale\" content=\"en_US\" \/>\n<meta property=\"og:type\" content=\"article\" \/>\n<meta property=\"og:title\" content=\"Vyu\u017eit\u00ed tablet\u016f a jejich integrace do v\u00fduky ve \u0161kolk\u00e1ch | ELEMENTER\" \/>\n<meta property=\"og:description\" content=\"Vzd\u011bl\u00e1v\u00e1n\u00ed se neust\u00e1le vyv\u00edj\u00ed a p\u0159izp\u016fsobuje nov\u00fdm technologi\u00edm. Jedn\u00edm z t\u011bchto nov\u00fdch n\u00e1stroj\u016f jsou tablety, kter\u00e9 mohou b\u00fdt efektivn\u00edm..\" \/>\n<meta property=\"og:url\" content=\"https:\/\/elementer.cz\/en\/clanky\/vyuziti-tabletu-a-jejich-integrace-do-vyuky-ve-skolkach\/\" \/>\n<meta property=\"og:site_name\" content=\"ELEMENTER\" \/>\n<meta property=\"article:publisher\" content=\"https:\/\/www.facebook.com\/Elementer.cz\" \/>\n<meta property=\"article:modified_time\" content=\"2025-01-26T18:13:21+00:00\" \/>\n<meta property=\"og:image\" content=\"https:\/\/elementer.cz\/wp-content\/uploads\/cl2.jpg\" \/>\n\t<meta property=\"og:image:width\" content=\"700\" \/>\n\t<meta property=\"og:image:height\" content=\"700\" \/>\n\t<meta property=\"og:image:type\" content=\"image\/jpeg\" \/>\n<meta name=\"twitter:card\" content=\"summary_large_image\" \/>\n<meta name=\"twitter:label1\" content=\"Est. reading time\" \/>\n\t<meta name=\"twitter:data1\" content=\"2 minutes\" \/>\n<script type=\"application\/ld+json\" class=\"yoast-schema-graph\">{\"@context\":\"https:\/\/schema.org\",\"@graph\":[{\"@type\":\"WebPage\",\"@id\":\"https:\/\/elementer.cz\/clanky\/vyuziti-tabletu-a-jejich-integrace-do-vyuky-ve-skolkach\/\",\"url\":\"https:\/\/elementer.cz\/clanky\/vyuziti-tabletu-a-jejich-integrace-do-vyuky-ve-skolkach\/\",\"name\":\"Vyu\u017eit\u00ed tablet\u016f a jejich integrace do v\u00fduky ve \u0161kolk\u00e1ch | ELEMENTER\",\"isPartOf\":{\"@id\":\"https:\/\/elementer.cz\/#website\"},\"primaryImageOfPage\":{\"@id\":\"https:\/\/elementer.cz\/clanky\/vyuziti-tabletu-a-jejich-integrace-do-vyuky-ve-skolkach\/#primaryimage\"},\"image\":{\"@id\":\"https:\/\/elementer.cz\/clanky\/vyuziti-tabletu-a-jejich-integrace-do-vyuky-ve-skolkach\/#primaryimage\"},\"thumbnailUrl\":\"https:\/\/elementer.cz\/wp-content\/uploads\/cl2.jpg\",\"datePublished\":\"2025-01-26T18:08:56+00:00\",\"dateModified\":\"2025-01-26T18:13:21+00:00\",\"description\":\"Vzd\u011bl\u00e1v\u00e1n\u00ed se neust\u00e1le vyv\u00edj\u00ed a p\u0159izp\u016fsobuje nov\u00fdm technologi\u00edm. Jedn\u00edm z t\u011bchto nov\u00fdch n\u00e1stroj\u016f jsou tablety, kter\u00e9 mohou b\u00fdt efektivn\u00edm..\",\"breadcrumb\":{\"@id\":\"https:\/\/elementer.cz\/clanky\/vyuziti-tabletu-a-jejich-integrace-do-vyuky-ve-skolkach\/#breadcrumb\"},\"inLanguage\":\"en-US\",\"potentialAction\":[{\"@type\":\"ReadAction\",\"target\":[\"https:\/\/elementer.cz\/clanky\/vyuziti-tabletu-a-jejich-integrace-do-vyuky-ve-skolkach\/\"]}]},{\"@type\":\"ImageObject\",\"inLanguage\":\"en-US\",\"@id\":\"https:\/\/elementer.cz\/clanky\/vyuziti-tabletu-a-jejich-integrace-do-vyuky-ve-skolkach\/#primaryimage\",\"url\":\"https:\/\/elementer.cz\/wp-content\/uploads\/cl2.jpg\",\"contentUrl\":\"https:\/\/elementer.cz\/wp-content\/uploads\/cl2.jpg\",\"width\":700,\"height\":700,\"caption\":\"Elektronika pro d\u011bti\"},{\"@type\":\"BreadcrumbList\",\"@id\":\"https:\/\/elementer.cz\/clanky\/vyuziti-tabletu-a-jejich-integrace-do-vyuky-ve-skolkach\/#breadcrumb\",\"itemListElement\":[{\"@type\":\"ListItem\",\"position\":1,\"name\":\"Dom\u016f\",\"item\":\"https:\/\/elementer.cz\/\"},{\"@type\":\"ListItem\",\"position\":2,\"name\":\"\u010cl\u00e1nky\",\"item\":\"https:\/\/elementer.cz\/clanky\/\"},{\"@type\":\"ListItem\",\"position\":3,\"name\":\"Vyu\u017eit\u00ed tablet\u016f a jejich integrace do v\u00fduky ve \u0161kolk\u00e1ch\"}]},{\"@type\":\"WebSite\",\"@id\":\"https:\/\/elementer.cz\/#website\",\"url\":\"https:\/\/elementer.cz\/\",\"name\":\"ELEMENTER\",\"description\":\"\",\"publisher\":{\"@id\":\"https:\/\/elementer.cz\/#organization\"},\"potentialAction\":[{\"@type\":\"SearchAction\",\"target\":{\"@type\":\"EntryPoint\",\"urlTemplate\":\"https:\/\/elementer.cz\/?s={search_term_string}\"},\"query-input\":{\"@type\":\"PropertyValueSpecification\",\"valueRequired\":true,\"valueName\":\"search_term_string\"}}],\"inLanguage\":\"en-US\"},{\"@type\":\"Organization\",\"@id\":\"https:\/\/elementer.cz\/#organization\",\"name\":\"ELEMENTER\",\"url\":\"https:\/\/elementer.cz\/\",\"logo\":{\"@type\":\"ImageObject\",\"inLanguage\":\"en-US\",\"@id\":\"https:\/\/elementer.cz\/#\/schema\/logo\/image\/\",\"url\":\"https:\/\/elementer.cz\/wp-content\/uploads\/logo_512_wround.png\",\"contentUrl\":\"https:\/\/elementer.cz\/wp-content\/uploads\/logo_512_wround.png\",\"width\":512,\"height\":512,\"caption\":\"ELEMENTER\"},\"image\":{\"@id\":\"https:\/\/elementer.cz\/#\/schema\/logo\/image\/\"},\"sameAs\":[\"https:\/\/www.facebook.com\/Elementer.cz\",\"https:\/\/www.instagram.com\/elementer.cz\/\"]}]}<\/script>\n<!-- \/ Yoast SEO plugin. -->","yoast_head_json":{"title":"Vyu\u017eit\u00ed tablet\u016f a jejich integrace do v\u00fduky ve \u0161kolk\u00e1ch | ELEMENTER","description":"Vzd\u011bl\u00e1v\u00e1n\u00ed se neust\u00e1le vyv\u00edj\u00ed a p\u0159izp\u016fsobuje nov\u00fdm technologi\u00edm. Jedn\u00edm z t\u011bchto nov\u00fdch n\u00e1stroj\u016f jsou tablety, kter\u00e9 mohou b\u00fdt efektivn\u00edm..","robots":{"index":"index","follow":"follow","max-snippet":"max-snippet:-1","max-image-preview":"max-image-preview:large","max-video-preview":"max-video-preview:-1"},"canonical":"https:\/\/elementer.cz\/en\/clanky\/vyuziti-tabletu-a-jejich-integrace-do-vyuky-ve-skolkach\/","og_locale":"en_US","og_type":"article","og_title":"Vyu\u017eit\u00ed tablet\u016f a jejich integrace do v\u00fduky ve \u0161kolk\u00e1ch | ELEMENTER","og_description":"Vzd\u011bl\u00e1v\u00e1n\u00ed se neust\u00e1le vyv\u00edj\u00ed a p\u0159izp\u016fsobuje nov\u00fdm technologi\u00edm. Jedn\u00edm z t\u011bchto nov\u00fdch n\u00e1stroj\u016f jsou tablety, kter\u00e9 mohou b\u00fdt efektivn\u00edm..","og_url":"https:\/\/elementer.cz\/en\/clanky\/vyuziti-tabletu-a-jejich-integrace-do-vyuky-ve-skolkach\/","og_site_name":"ELEMENTER","article_publisher":"https:\/\/www.facebook.com\/Elementer.cz","article_modified_time":"2025-01-26T18:13:21+00:00","og_image":[{"width":700,"height":700,"url":"https:\/\/elementer.cz\/wp-content\/uploads\/cl2.jpg","type":"image\/jpeg"}],"twitter_card":"summary_large_image","twitter_misc":{"Est. reading time":"2 minutes"},"schema":{"@context":"https:\/\/schema.org","@graph":[{"@type":"WebPage","@id":"https:\/\/elementer.cz\/clanky\/vyuziti-tabletu-a-jejich-integrace-do-vyuky-ve-skolkach\/","url":"https:\/\/elementer.cz\/clanky\/vyuziti-tabletu-a-jejich-integrace-do-vyuky-ve-skolkach\/","name":"Vyu\u017eit\u00ed tablet\u016f a jejich integrace do v\u00fduky ve \u0161kolk\u00e1ch | ELEMENTER","isPartOf":{"@id":"https:\/\/elementer.cz\/#website"},"primaryImageOfPage":{"@id":"https:\/\/elementer.cz\/clanky\/vyuziti-tabletu-a-jejich-integrace-do-vyuky-ve-skolkach\/#primaryimage"},"image":{"@id":"https:\/\/elementer.cz\/clanky\/vyuziti-tabletu-a-jejich-integrace-do-vyuky-ve-skolkach\/#primaryimage"},"thumbnailUrl":"https:\/\/elementer.cz\/wp-content\/uploads\/cl2.jpg","datePublished":"2025-01-26T18:08:56+00:00","dateModified":"2025-01-26T18:13:21+00:00","description":"Vzd\u011bl\u00e1v\u00e1n\u00ed se neust\u00e1le vyv\u00edj\u00ed a p\u0159izp\u016fsobuje nov\u00fdm technologi\u00edm. Jedn\u00edm z t\u011bchto nov\u00fdch n\u00e1stroj\u016f jsou tablety, kter\u00e9 mohou b\u00fdt efektivn\u00edm..","breadcrumb":{"@id":"https:\/\/elementer.cz\/clanky\/vyuziti-tabletu-a-jejich-integrace-do-vyuky-ve-skolkach\/#breadcrumb"},"inLanguage":"en-US","potentialAction":[{"@type":"ReadAction","target":["https:\/\/elementer.cz\/clanky\/vyuziti-tabletu-a-jejich-integrace-do-vyuky-ve-skolkach\/"]}]},{"@type":"ImageObject","inLanguage":"en-US","@id":"https:\/\/elementer.cz\/clanky\/vyuziti-tabletu-a-jejich-integrace-do-vyuky-ve-skolkach\/#primaryimage","url":"https:\/\/elementer.cz\/wp-content\/uploads\/cl2.jpg","contentUrl":"https:\/\/elementer.cz\/wp-content\/uploads\/cl2.jpg","width":700,"height":700,"caption":"Elektronika pro d\u011bti"},{"@type":"BreadcrumbList","@id":"https:\/\/elementer.cz\/clanky\/vyuziti-tabletu-a-jejich-integrace-do-vyuky-ve-skolkach\/#breadcrumb","itemListElement":[{"@type":"ListItem","position":1,"name":"Dom\u016f","item":"https:\/\/elementer.cz\/"},{"@type":"ListItem","position":2,"name":"\u010cl\u00e1nky","item":"https:\/\/elementer.cz\/clanky\/"},{"@type":"ListItem","position":3,"name":"Vyu\u017eit\u00ed tablet\u016f a jejich integrace do v\u00fduky ve \u0161kolk\u00e1ch"}]},{"@type":"WebSite","@id":"https:\/\/elementer.cz\/#website","url":"https:\/\/elementer.cz\/","name":"ELEMENTER","description":"","publisher":{"@id":"https:\/\/elementer.cz\/#organization"},"potentialAction":[{"@type":"SearchAction","target":{"@type":"EntryPoint","urlTemplate":"https:\/\/elementer.cz\/?s={search_term_string}"},"query-input":{"@type":"PropertyValueSpecification","valueRequired":true,"valueName":"search_term_string"}}],"inLanguage":"en-US"},{"@type":"Organization","@id":"https:\/\/elementer.cz\/#organization","name":"ELEMENTER","url":"https:\/\/elementer.cz\/","logo":{"@type":"ImageObject","inLanguage":"en-US","@id":"https:\/\/elementer.cz\/#\/schema\/logo\/image\/","url":"https:\/\/elementer.cz\/wp-content\/uploads\/logo_512_wround.png","contentUrl":"https:\/\/elementer.cz\/wp-content\/uploads\/logo_512_wround.png","width":512,"height":512,"caption":"ELEMENTER"},"image":{"@id":"https:\/\/elementer.cz\/#\/schema\/logo\/image\/"},"sameAs":["https:\/\/www.facebook.com\/Elementer.cz","https:\/\/www.instagram.com\/elementer.cz\/"]}]}},"_links":{"self":[{"href":"https:\/\/elementer.cz\/en\/wp-json\/wp\/v2\/pages\/586","targetHints":{"allow":["GET"]}}],"collection":[{"href":"https:\/\/elementer.cz\/en\/wp-json\/wp\/v2\/pages"}],"about":[{"href":"https:\/\/elementer.cz\/en\/wp-json\/wp\/v2\/types\/page"}],"author":[{"embeddable":true,"href":"https:\/\/elementer.cz\/en\/wp-json\/wp\/v2\/users\/1"}],"replies":[{"embeddable":true,"href":"https:\/\/elementer.cz\/en\/wp-json\/wp\/v2\/comments?post=586"}],"version-history":[{"count":9,"href":"https:\/\/elementer.cz\/en\/wp-json\/wp\/v2\/pages\/586\/revisions"}],"predecessor-version":[{"id":604,"href":"https:\/\/elementer.cz\/en\/wp-json\/wp\/v2\/pages\/586\/revisions\/604"}],"up":[{"embeddable":true,"href":"https:\/\/elementer.cz\/en\/wp-json\/wp\/v2\/pages\/555"}],"wp:featuredmedia":[{"embeddable":true,"href":"https:\/\/elementer.cz\/en\/wp-json\/wp\/v2\/media\/566"}],"wp:attachment":[{"href":"https:\/\/elementer.cz\/en\/wp-json\/wp\/v2\/media?parent=586"}],"curies":[{"name":"wp","href":"https:\/\/api.w.org\/{rel}","templated":true}]}}