{"id":594,"date":"2025-01-26T19:11:30","date_gmt":"2025-01-26T18:11:30","guid":{"rendered":"https:\/\/elementer.cz\/?page_id=594"},"modified":"2025-01-26T19:12:52","modified_gmt":"2025-01-26T18:12:52","slug":"elektronika-v-rukou-ditete-z-pohledu-pedagoga","status":"publish","type":"page","link":"https:\/\/elementer.cz\/en\/clanky\/elektronika-v-rukou-ditete-z-pohledu-pedagoga\/","title":{"rendered":"Elektronika v rukou d\u00edt\u011bte z pohledu pedagoga"},"content":{"rendered":"<div data-elementor-type=\"wp-page\" data-elementor-id=\"594\" class=\"elementor elementor-594\">\n\t\t\t\t<div class=\"elementor-element elementor-element-a56d276 e-flex e-con-boxed e-con e-parent\" data-id=\"a56d276\" data-element_type=\"container\" data-e-type=\"container\">\n\t\t\t\t\t<div class=\"e-con-inner\">\n\t\t<div class=\"elementor-element elementor-element-d5fb8b1 e-con-full e-flex e-con e-child\" data-id=\"d5fb8b1\" data-element_type=\"container\" data-e-type=\"container\">\n\t\t\t\t<div class=\"elementor-element elementor-element-d3a309f elementor-widget elementor-widget-heading\" data-id=\"d3a309f\" data-element_type=\"widget\" data-e-type=\"widget\" data-widget_type=\"heading.default\">\n\t\t\t\t<div class=\"elementor-widget-container\">\n\t\t\t\t\t<h1 class=\"elementor-heading-title elementor-size-default\">Elektronika v rukou d\u00edt\u011bte z pohledu pedagoga<\/h1>\t\t\t\t<\/div>\n\t\t\t\t<\/div>\n\t\t\t\t<div class=\"elementor-element elementor-element-761d08e elementor-widget-divider--view-line elementor-widget elementor-widget-divider\" data-id=\"761d08e\" data-element_type=\"widget\" data-e-type=\"widget\" data-widget_type=\"divider.default\">\n\t\t\t\t<div class=\"elementor-widget-container\">\n\t\t\t\t\t\t\t<div class=\"elementor-divider\">\n\t\t\t<span class=\"elementor-divider-separator\">\n\t\t\t\t\t\t<\/span>\n\t\t<\/div>\n\t\t\t\t\t\t<\/div>\n\t\t\t\t<\/div>\n\t\t\t\t<\/div>\n\t\t\t\t\t<\/div>\n\t\t\t\t<\/div>\n\t\t<div class=\"elementor-element elementor-element-499a889 e-flex e-con-boxed e-con e-parent\" data-id=\"499a889\" data-element_type=\"container\" data-e-type=\"container\">\n\t\t\t\t\t<div class=\"e-con-inner\">\n\t\t<div class=\"elementor-element elementor-element-24857eb e-con-full e-flex e-con e-child\" data-id=\"24857eb\" data-element_type=\"container\" data-e-type=\"container\">\n\t\t<div class=\"elementor-element elementor-element-122b6e5 e-con-full e-flex e-con e-child\" data-id=\"122b6e5\" data-element_type=\"container\" data-e-type=\"container\">\n\t\t<div class=\"elementor-element elementor-element-a7315a3 e-con-full e-flex e-con e-child\" data-id=\"a7315a3\" data-element_type=\"container\" data-e-type=\"container\">\n\t\t<div class=\"elementor-element elementor-element-4ad1e23 e-con-full e-flex e-con e-child\" data-id=\"4ad1e23\" data-element_type=\"container\" data-e-type=\"container\">\n\t\t\t\t<div class=\"elementor-element elementor-element-392ccf6 elementor-widget elementor-widget-image\" data-id=\"392ccf6\" data-element_type=\"widget\" data-e-type=\"widget\" data-widget_type=\"image.default\">\n\t\t\t\t<div class=\"elementor-widget-container\">\n\t\t\t\t\t\t\t\t\t\t\t\t\t\t\t<img fetchpriority=\"high\" decoding=\"async\" width=\"700\" height=\"700\" src=\"https:\/\/elementer.cz\/wp-content\/uploads\/cl2.jpg\" class=\"attachment-large size-large wp-image-566\" alt=\"Elektronika pro d\u011bti\" srcset=\"https:\/\/elementer.cz\/wp-content\/uploads\/cl2.jpg 700w, https:\/\/elementer.cz\/wp-content\/uploads\/cl2-300x300.jpg 300w, https:\/\/elementer.cz\/wp-content\/uploads\/cl2-150x150.jpg 150w\" sizes=\"(max-width: 700px) 100vw, 700px\" \/>\t\t\t\t\t\t\t\t\t\t\t\t\t\t\t<\/div>\n\t\t\t\t<\/div>\n\t\t\t\t<\/div>\n\t\t<div class=\"elementor-element elementor-element-e9770c1 e-con-full e-flex e-con e-child\" data-id=\"e9770c1\" data-element_type=\"container\" data-e-type=\"container\">\n\t\t\t\t<div class=\"elementor-element elementor-element-10f76ee elementor-widget elementor-widget-text-editor\" data-id=\"10f76ee\" data-element_type=\"widget\" data-e-type=\"widget\" data-widget_type=\"text-editor.default\">\n\t\t\t\t<div class=\"elementor-widget-container\">\n\t\t\t\t\t\t\t\t\t<p>,,D\u011bcka maj\u00ed v ruce mobily a tablety u\u017e ve \u0161kolce, to je stra\u0161n\u00fd.\u201c Tohle je \u010dast\u00fd n\u00e1zor n\u011bkter\u00fdch dosp\u011bl\u00fdch.<\/p>\n<p>Dne\u0161n\u00ed digit\u00e1ln\u00ed doba n\u00e1s v\u0161ak propojuje s technologiemi mnohem v\u00edce ne\u017e kdy p\u0159edt\u00edm. Je tedy skute\u010dn\u011b elektronika tak \u0161kodliv\u00e1, jak se mnoz\u00ed domn\u00edvaj\u00ed, anebo m\u016f\u017ee naopak zv\u00fd\u0161it kreativitu u\u010den\u00ed u d\u011bt\u00ed u\u017e v p\u0159ed\u0161koln\u00edm v\u011bku?<\/p>\t\t\t\t\t\t\t\t<\/div>\n\t\t\t\t<\/div>\n\t\t\t\t<\/div>\n\t\t\t\t<\/div>\n\t\t\t\t<div class=\"elementor-element elementor-element-44448bb elementor-widget elementor-widget-text-editor\" data-id=\"44448bb\" data-element_type=\"widget\" data-e-type=\"widget\" data-widget_type=\"text-editor.default\">\n\t\t\t\t<div class=\"elementor-widget-container\">\n\t\t\t\t\t\t\t\t\t<p>Existuj\u00ed toti\u017e vzd\u011bl\u00e1vac\u00ed aplikace, kter\u00e9 hravou formou zaujmou i d\u011bti, kter\u00e9 maj\u00ed probl\u00e9m nap\u0159\u00edklad s pozornost\u00ed a \u010dasto od zadan\u00e9ho \u00fakolu odb\u00edhaj\u00ed. V tomto p\u0159\u00edpad\u011b je elektronika vhodn\u00fd pomocn\u00edk. Kdy\u017e jsem za\u010dala u\u010dit v\u00a0mate\u0159sk\u00e9 \u0161kole, \u017e\u00e1dn\u00e9 digit\u00e1ln\u00ed vymo\u017eenosti pro zpest\u0159en\u00ed v\u00fduky k dispozici nebyly. Pouze v n\u011bkter\u00fdch \u0161kolk\u00e1ch mohli pedagogov\u00e9 k pr\u00e1ci vyu\u017e\u00edvat interaktivn\u00ed tabuli, na kter\u00e9 d\u011bti zhl\u00e9dly poh\u00e1dku nebo na tabuli kreslily.<\/p>\n<p>Doba se v\u0161ak m\u011bn\u00ed a ve \u0161koln\u00ed v\u00fduce se za\u010daly vyu\u017e\u00edvat tablety. Trochu tomu ,,napomohl\u201c covid, kter\u00fd na ur\u010ditou dobu vy\u0159adil \u017e\u00e1ky ze \u0161kol do dom\u00e1c\u00edho vzd\u011bl\u00e1v\u00e1n\u00ed a rodi\u010de i d\u011bti byly odk\u00e1z\u00e1ni na elektronickou komunikaci s pedagogy.<\/p>\n<p>Kdy\u017e tedy na za\u010d\u00e1tku \u0161koln\u00edho roku bylo umo\u017en\u011bno i na\u0161\u00ed mate\u0159sk\u00e9 \u0161kole vyu\u017e\u00edvat tablet p\u0159i \u0159\u00edzen\u00fdch \u010dinnostech, rozhodla jsem se ho co nejl\u00e9pe vyu\u017e\u00edt. Nainstalovala jsem aplikaci \u0160koli\u010dka a tak\u00e9 audioknihu s \u00fakoly Hlava pln\u00e1 poh\u00e1dek. V aplikaci \u0160koli\u010dka najdou d\u011bti mnoho z\u00e1bavn\u00fdch chytr\u00fdch \u00fakol\u016f, p\u0159i nich\u017e procvi\u010duj\u00ed tvary, barvy, \u010d\u00edslice, p\u00edsmena, ovoce, zeleninu, grafomotoriku, prostorovou orientaci, pam\u011b\u0165, rozezn\u00e1v\u00e1n\u00ed zvuk\u016f hudebn\u00edch n\u00e1stroj\u016f, zv\u00ed\u0159at a mnoho dal\u0161\u00edho. Zad\u00e1n\u00ed rozum\u00ed jak nejmlad\u0161\u00ed \u017e\u00e1ci, tak p\u0159ed\u0161kol\u00e1ci. Star\u0161\u00ed d\u011bti jsou schopny plnit \u00fakoly zcela samy, s mlad\u0161\u00edmi si sednu ke stole\u010dku a pracujeme spole\u010dn\u011b. Oproti tomu Hlavu plnou poh\u00e1dek vyu\u017e\u00edv\u00e1m p\u0159edev\u0161\u00edm j\u00e1 jako pedagog v odpo\u010dinkov\u00e9 \u010d\u00e1sti dne, kdy jsou d\u011bti na leh\u00e1tku nebo relaxuj\u00ed. Poh\u00e1dky jim bu\u010f \u010dtu, anebo ji pust\u00edm k poslechu. Ke ka\u017ed\u00e9 poh\u00e1dce se v\u00e1\u017eou \u00fakoly, kter\u00e9 se p\u0159edev\u0161\u00edm zam\u011b\u0159uj\u00ed na pozornost, m\u016f\u017eu si tedy ov\u011b\u0159it, s\u00a0jak\u00fdm porozum\u011bn\u00edm d\u011bti poh\u00e1dku poslouchaj\u00ed.<u><br \/><\/u><br \/>Digit\u00e1ln\u00ed technologie ve v\u00fduce p\u0159in\u00e1\u0161\u00ed mnoho nov\u00e9ho a \u010dasto d\u011btem utkv\u00ed v pam\u011bti znalosti nabyt\u00e9 z chytr\u00fdch aplikac\u00ed v\u00edce ne\u017e z b\u011b\u017en\u00e9 v\u00fduky.<\/p>\n<p>A\u0165 jsme p\u0159\u00edznivci \u010di odp\u016frci elektroniky, nevyhneme se j\u00ed. Je v\u0161ak d\u016fle\u017eit\u00e9, aby o ve\u0161ker\u00fdch mo\u017enostech spr\u00e1vn\u00e9ho vyu\u017eit\u00ed modern\u00edch technologi\u00ed byli pedagogov\u00e9 dob\u0159e pro\u0161kolen\u00ed, aby s nimi um\u011bli zach\u00e1zet a p\u0159edev\u0161\u00edm v\u011bd\u011bli, jak\u00e9 chytr\u00e9 aplikace jsou pro jejich \u017e\u00e1ky nejlep\u0161\u00ed.<\/p>\t\t\t\t\t\t\t\t<\/div>\n\t\t\t\t<\/div>\n\t\t\t\t<div class=\"elementor-element elementor-element-3c7399b elementor-widget elementor-widget-text-editor\" data-id=\"3c7399b\" data-element_type=\"widget\" data-e-type=\"widget\" data-widget_type=\"text-editor.default\">\n\t\t\t\t<div class=\"elementor-widget-container\">\n\t\t\t\t\t\t\t\t\t<p style=\"text-align: right;\">BcA. Tereza Holubov\u00e1<\/p>\t\t\t\t\t\t\t\t<\/div>\n\t\t\t\t<\/div>\n\t\t<div class=\"elementor-element elementor-element-bc0497d e-con-full e-flex e-con e-child\" data-id=\"bc0497d\" data-element_type=\"container\" data-e-type=\"container\">\n\t\t<div class=\"elementor-element elementor-element-5aacc97 e-con-full e-flex e-con e-child\" data-id=\"5aacc97\" data-element_type=\"container\" data-e-type=\"container\">\n\t\t\t\t<div class=\"elementor-element elementor-element-90f7fe1 elementor-align-justify elementor-widget elementor-widget-button\" data-id=\"90f7fe1\" data-element_type=\"widget\" data-e-type=\"widget\" data-widget_type=\"button.default\">\n\t\t\t\t<div class=\"elementor-widget-container\">\n\t\t\t\t\t\t\t\t\t<div class=\"elementor-button-wrapper\">\n\t\t\t\t\t<a class=\"elementor-button elementor-button-link elementor-size-sm\" href=\"https:\/\/elementer.cz\/en\/clanky\/\">\n\t\t\t\t\t\t<span class=\"elementor-button-content-wrapper\">\n\t\t\t\t\t\t\t\t\t<span class=\"elementor-button-text\">Zobrazit v\u0161echny \u010dl\u00e1nky<\/span>\n\t\t\t\t\t<\/span>\n\t\t\t\t\t<\/a>\n\t\t\t\t<\/div>\n\t\t\t\t\t\t\t\t<\/div>\n\t\t\t\t<\/div>\n\t\t\t\t<\/div>\n\t\t<div class=\"elementor-element elementor-element-9c01065 e-con-full e-flex e-con e-child\" data-id=\"9c01065\" data-element_type=\"container\" data-e-type=\"container\">\n\t\t\t\t<div class=\"elementor-element elementor-element-0115d8d elementor-align-justify elementor-widget elementor-widget-button\" data-id=\"0115d8d\" data-element_type=\"widget\" data-e-type=\"widget\" data-widget_type=\"button.default\">\n\t\t\t\t<div class=\"elementor-widget-container\">\n\t\t\t\t\t\t\t\t\t<div class=\"elementor-button-wrapper\">\n\t\t\t\t\t<a class=\"elementor-button elementor-button-link elementor-size-sm\" href=\"https:\/\/elementer.cz\/en\/aplikace\/\">\n\t\t\t\t\t\t<span class=\"elementor-button-content-wrapper\">\n\t\t\t\t\t\t\t\t\t<span class=\"elementor-button-text\">Vhodn\u00e9 aplikace pro d\u011bti<\/span>\n\t\t\t\t\t<\/span>\n\t\t\t\t\t<\/a>\n\t\t\t\t<\/div>\n\t\t\t\t\t\t\t\t<\/div>\n\t\t\t\t<\/div>\n\t\t\t\t<\/div>\n\t\t\t\t<\/div>\n\t\t\t\t<\/div>\n\t\t\t\t<\/div>\n\t\t\t\t\t<\/div>\n\t\t\t\t<\/div>\n\t\t\t\t<\/div>","protected":false},"excerpt":{"rendered":"<p>Elektronika v rukou d\u00edt\u011bte z pohledu pedagoga ,,D\u011bcka maj\u00ed v ruce mobily a tablety u\u017e ve \u0161kolce, to je stra\u0161n\u00fd.\u201c Tohle je \u010dast\u00fd n\u00e1zor n\u011bkter\u00fdch dosp\u011bl\u00fdch. Dne\u0161n\u00ed digit\u00e1ln\u00ed doba n\u00e1s v\u0161ak propojuje s technologiemi mnohem v\u00edce ne\u017e kdy p\u0159edt\u00edm. Je tedy skute\u010dn\u011b elektronika tak \u0161kodliv\u00e1, jak se mnoz\u00ed domn\u00edvaj\u00ed, anebo m\u016f\u017ee naopak zv\u00fd\u0161it kreativitu u\u010den\u00ed [&hellip;]<\/p>\n","protected":false},"author":1,"featured_media":559,"parent":555,"menu_order":1,"comment_status":"closed","ping_status":"closed","template":"elementor_canvas","meta":{"footnotes":""},"class_list":["post-594","page","type-page","status-publish","has-post-thumbnail","hentry"],"yoast_head":"<!-- This site is optimized with the Yoast SEO plugin v27.1.1 - https:\/\/yoast.com\/product\/yoast-seo-wordpress\/ -->\n<title>Elektronika v rukou d\u00edt\u011bte z pohledu pedagoga | ELEMENTER<\/title>\n<meta name=\"description\" content=\",,D\u011bcka maj\u00ed v ruce mobily a tablety u\u017e ve \u0161kolce, to je stra\u0161n\u00fd.\u201c Tohle je \u010dast\u00fd n\u00e1zor n\u011bkter\u00fdch dosp\u011bl\u00fdch...\" \/>\n<meta name=\"robots\" content=\"index, follow, max-snippet:-1, max-image-preview:large, max-video-preview:-1\" \/>\n<link rel=\"canonical\" href=\"https:\/\/elementer.cz\/en\/clanky\/elektronika-v-rukou-ditete-z-pohledu-pedagoga\/\" \/>\n<meta property=\"og:locale\" content=\"en_US\" \/>\n<meta property=\"og:type\" content=\"article\" \/>\n<meta property=\"og:title\" content=\"Elektronika v rukou d\u00edt\u011bte z pohledu pedagoga | ELEMENTER\" \/>\n<meta property=\"og:description\" content=\",,D\u011bcka maj\u00ed v ruce mobily a tablety u\u017e ve \u0161kolce, to je stra\u0161n\u00fd.\u201c Tohle je \u010dast\u00fd n\u00e1zor n\u011bkter\u00fdch dosp\u011bl\u00fdch...\" \/>\n<meta property=\"og:url\" content=\"https:\/\/elementer.cz\/en\/clanky\/elektronika-v-rukou-ditete-z-pohledu-pedagoga\/\" \/>\n<meta property=\"og:site_name\" content=\"ELEMENTER\" \/>\n<meta property=\"article:publisher\" content=\"https:\/\/www.facebook.com\/Elementer.cz\" \/>\n<meta property=\"article:modified_time\" content=\"2025-01-26T18:12:52+00:00\" \/>\n<meta property=\"og:image\" content=\"https:\/\/elementer.cz\/wp-content\/uploads\/cl1.jpg\" \/>\n\t<meta property=\"og:image:width\" content=\"700\" \/>\n\t<meta property=\"og:image:height\" content=\"700\" \/>\n\t<meta property=\"og:image:type\" content=\"image\/jpeg\" \/>\n<meta name=\"twitter:card\" content=\"summary_large_image\" \/>\n<meta name=\"twitter:label1\" content=\"Est. reading time\" \/>\n\t<meta name=\"twitter:data1\" content=\"3 minutes\" \/>\n<script type=\"application\/ld+json\" class=\"yoast-schema-graph\">{\"@context\":\"https:\/\/schema.org\",\"@graph\":[{\"@type\":\"WebPage\",\"@id\":\"https:\/\/elementer.cz\/clanky\/elektronika-v-rukou-ditete-z-pohledu-pedagoga\/\",\"url\":\"https:\/\/elementer.cz\/clanky\/elektronika-v-rukou-ditete-z-pohledu-pedagoga\/\",\"name\":\"Elektronika v rukou d\u00edt\u011bte z pohledu pedagoga | ELEMENTER\",\"isPartOf\":{\"@id\":\"https:\/\/elementer.cz\/#website\"},\"primaryImageOfPage\":{\"@id\":\"https:\/\/elementer.cz\/clanky\/elektronika-v-rukou-ditete-z-pohledu-pedagoga\/#primaryimage\"},\"image\":{\"@id\":\"https:\/\/elementer.cz\/clanky\/elektronika-v-rukou-ditete-z-pohledu-pedagoga\/#primaryimage\"},\"thumbnailUrl\":\"https:\/\/elementer.cz\/wp-content\/uploads\/cl1.jpg\",\"datePublished\":\"2025-01-26T18:11:30+00:00\",\"dateModified\":\"2025-01-26T18:12:52+00:00\",\"description\":\",,D\u011bcka maj\u00ed v ruce mobily a tablety u\u017e ve \u0161kolce, to je stra\u0161n\u00fd.\u201c Tohle je \u010dast\u00fd n\u00e1zor n\u011bkter\u00fdch dosp\u011bl\u00fdch...\",\"breadcrumb\":{\"@id\":\"https:\/\/elementer.cz\/clanky\/elektronika-v-rukou-ditete-z-pohledu-pedagoga\/#breadcrumb\"},\"inLanguage\":\"en-US\",\"potentialAction\":[{\"@type\":\"ReadAction\",\"target\":[\"https:\/\/elementer.cz\/clanky\/elektronika-v-rukou-ditete-z-pohledu-pedagoga\/\"]}]},{\"@type\":\"ImageObject\",\"inLanguage\":\"en-US\",\"@id\":\"https:\/\/elementer.cz\/clanky\/elektronika-v-rukou-ditete-z-pohledu-pedagoga\/#primaryimage\",\"url\":\"https:\/\/elementer.cz\/wp-content\/uploads\/cl1.jpg\",\"contentUrl\":\"https:\/\/elementer.cz\/wp-content\/uploads\/cl1.jpg\",\"width\":700,\"height\":700,\"caption\":\"Elektronika pro d\u011bti\"},{\"@type\":\"BreadcrumbList\",\"@id\":\"https:\/\/elementer.cz\/clanky\/elektronika-v-rukou-ditete-z-pohledu-pedagoga\/#breadcrumb\",\"itemListElement\":[{\"@type\":\"ListItem\",\"position\":1,\"name\":\"Dom\u016f\",\"item\":\"https:\/\/elementer.cz\/\"},{\"@type\":\"ListItem\",\"position\":2,\"name\":\"\u010cl\u00e1nky\",\"item\":\"https:\/\/elementer.cz\/clanky\/\"},{\"@type\":\"ListItem\",\"position\":3,\"name\":\"Elektronika v rukou d\u00edt\u011bte z pohledu pedagoga\"}]},{\"@type\":\"WebSite\",\"@id\":\"https:\/\/elementer.cz\/#website\",\"url\":\"https:\/\/elementer.cz\/\",\"name\":\"ELEMENTER\",\"description\":\"\",\"publisher\":{\"@id\":\"https:\/\/elementer.cz\/#organization\"},\"potentialAction\":[{\"@type\":\"SearchAction\",\"target\":{\"@type\":\"EntryPoint\",\"urlTemplate\":\"https:\/\/elementer.cz\/?s={search_term_string}\"},\"query-input\":{\"@type\":\"PropertyValueSpecification\",\"valueRequired\":true,\"valueName\":\"search_term_string\"}}],\"inLanguage\":\"en-US\"},{\"@type\":\"Organization\",\"@id\":\"https:\/\/elementer.cz\/#organization\",\"name\":\"ELEMENTER\",\"url\":\"https:\/\/elementer.cz\/\",\"logo\":{\"@type\":\"ImageObject\",\"inLanguage\":\"en-US\",\"@id\":\"https:\/\/elementer.cz\/#\/schema\/logo\/image\/\",\"url\":\"https:\/\/elementer.cz\/wp-content\/uploads\/logo_512_wround.png\",\"contentUrl\":\"https:\/\/elementer.cz\/wp-content\/uploads\/logo_512_wround.png\",\"width\":512,\"height\":512,\"caption\":\"ELEMENTER\"},\"image\":{\"@id\":\"https:\/\/elementer.cz\/#\/schema\/logo\/image\/\"},\"sameAs\":[\"https:\/\/www.facebook.com\/Elementer.cz\",\"https:\/\/www.instagram.com\/elementer.cz\/\"]}]}<\/script>\n<!-- \/ Yoast SEO plugin. -->","yoast_head_json":{"title":"Elektronika v rukou d\u00edt\u011bte z pohledu pedagoga | ELEMENTER","description":",,D\u011bcka maj\u00ed v ruce mobily a tablety u\u017e ve \u0161kolce, to je stra\u0161n\u00fd.\u201c Tohle je \u010dast\u00fd n\u00e1zor n\u011bkter\u00fdch dosp\u011bl\u00fdch...","robots":{"index":"index","follow":"follow","max-snippet":"max-snippet:-1","max-image-preview":"max-image-preview:large","max-video-preview":"max-video-preview:-1"},"canonical":"https:\/\/elementer.cz\/en\/clanky\/elektronika-v-rukou-ditete-z-pohledu-pedagoga\/","og_locale":"en_US","og_type":"article","og_title":"Elektronika v rukou d\u00edt\u011bte z pohledu pedagoga | ELEMENTER","og_description":",,D\u011bcka maj\u00ed v ruce mobily a tablety u\u017e ve \u0161kolce, to je stra\u0161n\u00fd.\u201c Tohle je \u010dast\u00fd n\u00e1zor n\u011bkter\u00fdch dosp\u011bl\u00fdch...","og_url":"https:\/\/elementer.cz\/en\/clanky\/elektronika-v-rukou-ditete-z-pohledu-pedagoga\/","og_site_name":"ELEMENTER","article_publisher":"https:\/\/www.facebook.com\/Elementer.cz","article_modified_time":"2025-01-26T18:12:52+00:00","og_image":[{"width":700,"height":700,"url":"https:\/\/elementer.cz\/wp-content\/uploads\/cl1.jpg","type":"image\/jpeg"}],"twitter_card":"summary_large_image","twitter_misc":{"Est. reading time":"3 minutes"},"schema":{"@context":"https:\/\/schema.org","@graph":[{"@type":"WebPage","@id":"https:\/\/elementer.cz\/clanky\/elektronika-v-rukou-ditete-z-pohledu-pedagoga\/","url":"https:\/\/elementer.cz\/clanky\/elektronika-v-rukou-ditete-z-pohledu-pedagoga\/","name":"Elektronika v rukou d\u00edt\u011bte z pohledu pedagoga | ELEMENTER","isPartOf":{"@id":"https:\/\/elementer.cz\/#website"},"primaryImageOfPage":{"@id":"https:\/\/elementer.cz\/clanky\/elektronika-v-rukou-ditete-z-pohledu-pedagoga\/#primaryimage"},"image":{"@id":"https:\/\/elementer.cz\/clanky\/elektronika-v-rukou-ditete-z-pohledu-pedagoga\/#primaryimage"},"thumbnailUrl":"https:\/\/elementer.cz\/wp-content\/uploads\/cl1.jpg","datePublished":"2025-01-26T18:11:30+00:00","dateModified":"2025-01-26T18:12:52+00:00","description":",,D\u011bcka maj\u00ed v ruce mobily a tablety u\u017e ve \u0161kolce, to je stra\u0161n\u00fd.\u201c Tohle je \u010dast\u00fd n\u00e1zor n\u011bkter\u00fdch dosp\u011bl\u00fdch...","breadcrumb":{"@id":"https:\/\/elementer.cz\/clanky\/elektronika-v-rukou-ditete-z-pohledu-pedagoga\/#breadcrumb"},"inLanguage":"en-US","potentialAction":[{"@type":"ReadAction","target":["https:\/\/elementer.cz\/clanky\/elektronika-v-rukou-ditete-z-pohledu-pedagoga\/"]}]},{"@type":"ImageObject","inLanguage":"en-US","@id":"https:\/\/elementer.cz\/clanky\/elektronika-v-rukou-ditete-z-pohledu-pedagoga\/#primaryimage","url":"https:\/\/elementer.cz\/wp-content\/uploads\/cl1.jpg","contentUrl":"https:\/\/elementer.cz\/wp-content\/uploads\/cl1.jpg","width":700,"height":700,"caption":"Elektronika pro d\u011bti"},{"@type":"BreadcrumbList","@id":"https:\/\/elementer.cz\/clanky\/elektronika-v-rukou-ditete-z-pohledu-pedagoga\/#breadcrumb","itemListElement":[{"@type":"ListItem","position":1,"name":"Dom\u016f","item":"https:\/\/elementer.cz\/"},{"@type":"ListItem","position":2,"name":"\u010cl\u00e1nky","item":"https:\/\/elementer.cz\/clanky\/"},{"@type":"ListItem","position":3,"name":"Elektronika v rukou d\u00edt\u011bte z pohledu pedagoga"}]},{"@type":"WebSite","@id":"https:\/\/elementer.cz\/#website","url":"https:\/\/elementer.cz\/","name":"ELEMENTER","description":"","publisher":{"@id":"https:\/\/elementer.cz\/#organization"},"potentialAction":[{"@type":"SearchAction","target":{"@type":"EntryPoint","urlTemplate":"https:\/\/elementer.cz\/?s={search_term_string}"},"query-input":{"@type":"PropertyValueSpecification","valueRequired":true,"valueName":"search_term_string"}}],"inLanguage":"en-US"},{"@type":"Organization","@id":"https:\/\/elementer.cz\/#organization","name":"ELEMENTER","url":"https:\/\/elementer.cz\/","logo":{"@type":"ImageObject","inLanguage":"en-US","@id":"https:\/\/elementer.cz\/#\/schema\/logo\/image\/","url":"https:\/\/elementer.cz\/wp-content\/uploads\/logo_512_wround.png","contentUrl":"https:\/\/elementer.cz\/wp-content\/uploads\/logo_512_wround.png","width":512,"height":512,"caption":"ELEMENTER"},"image":{"@id":"https:\/\/elementer.cz\/#\/schema\/logo\/image\/"},"sameAs":["https:\/\/www.facebook.com\/Elementer.cz","https:\/\/www.instagram.com\/elementer.cz\/"]}]}},"_links":{"self":[{"href":"https:\/\/elementer.cz\/en\/wp-json\/wp\/v2\/pages\/594","targetHints":{"allow":["GET"]}}],"collection":[{"href":"https:\/\/elementer.cz\/en\/wp-json\/wp\/v2\/pages"}],"about":[{"href":"https:\/\/elementer.cz\/en\/wp-json\/wp\/v2\/types\/page"}],"author":[{"embeddable":true,"href":"https:\/\/elementer.cz\/en\/wp-json\/wp\/v2\/users\/1"}],"replies":[{"embeddable":true,"href":"https:\/\/elementer.cz\/en\/wp-json\/wp\/v2\/comments?post=594"}],"version-history":[{"count":4,"href":"https:\/\/elementer.cz\/en\/wp-json\/wp\/v2\/pages\/594\/revisions"}],"predecessor-version":[{"id":598,"href":"https:\/\/elementer.cz\/en\/wp-json\/wp\/v2\/pages\/594\/revisions\/598"}],"up":[{"embeddable":true,"href":"https:\/\/elementer.cz\/en\/wp-json\/wp\/v2\/pages\/555"}],"wp:featuredmedia":[{"embeddable":true,"href":"https:\/\/elementer.cz\/en\/wp-json\/wp\/v2\/media\/559"}],"wp:attachment":[{"href":"https:\/\/elementer.cz\/en\/wp-json\/wp\/v2\/media?parent=594"}],"curies":[{"name":"wp","href":"https:\/\/api.w.org\/{rel}","templated":true}]}}