{"id":738,"date":"2025-01-28T17:14:18","date_gmt":"2025-01-28T16:14:18","guid":{"rendered":"https:\/\/elementer.cz\/?page_id=738"},"modified":"2025-01-29T09:08:15","modified_gmt":"2025-01-29T08:08:15","slug":"projekty","status":"publish","type":"page","link":"https:\/\/elementer.cz\/en\/projekty\/","title":{"rendered":"Projekty"},"content":{"rendered":"<div data-elementor-type=\"wp-page\" data-elementor-id=\"738\" class=\"elementor elementor-738\">\n\t\t\t\t<div class=\"elementor-element elementor-element-a56d276 e-flex e-con-boxed e-con e-parent\" data-id=\"a56d276\" data-element_type=\"container\" data-e-type=\"container\">\n\t\t\t\t\t<div class=\"e-con-inner\">\n\t\t<div class=\"elementor-element elementor-element-d5fb8b1 e-con-full e-flex e-con e-child\" data-id=\"d5fb8b1\" data-element_type=\"container\" data-e-type=\"container\">\n\t\t\t\t<div class=\"elementor-element elementor-element-d3a309f elementor-widget elementor-widget-heading\" data-id=\"d3a309f\" data-element_type=\"widget\" data-e-type=\"widget\" data-widget_type=\"heading.default\">\n\t\t\t\t<div class=\"elementor-widget-container\">\n\t\t\t\t\t<h1 class=\"elementor-heading-title elementor-size-default\">Projekty<\/h1>\t\t\t\t<\/div>\n\t\t\t\t<\/div>\n\t\t\t\t<div class=\"elementor-element elementor-element-761d08e elementor-widget-divider--view-line elementor-widget elementor-widget-divider\" data-id=\"761d08e\" data-element_type=\"widget\" data-e-type=\"widget\" data-widget_type=\"divider.default\">\n\t\t\t\t<div class=\"elementor-widget-container\">\n\t\t\t\t\t\t\t<div class=\"elementor-divider\">\n\t\t\t<span class=\"elementor-divider-separator\">\n\t\t\t\t\t\t<\/span>\n\t\t<\/div>\n\t\t\t\t\t\t<\/div>\n\t\t\t\t<\/div>\n\t\t\t\t<\/div>\n\t\t\t\t\t<\/div>\n\t\t\t\t<\/div>\n\t\t<div class=\"elementor-element elementor-element-397899c e-flex e-con-boxed e-con e-parent\" data-id=\"397899c\" data-element_type=\"container\" data-e-type=\"container\">\n\t\t\t\t\t<div class=\"e-con-inner\">\n\t\t<div class=\"elementor-element elementor-element-ae3a452 e-con-full e-flex e-con e-child\" data-id=\"ae3a452\" data-element_type=\"container\" data-e-type=\"container\">\n\t\t\t\t<div class=\"elementor-element elementor-element-37a69b4 elementor-widget elementor-widget-heading\" data-id=\"37a69b4\" data-element_type=\"widget\" data-e-type=\"widget\" data-widget_type=\"heading.default\">\n\t\t\t\t<div class=\"elementor-widget-container\">\n\t\t\t\t\t<p class=\"elementor-heading-title elementor-size-default\">Tuto str\u00e1nku pro v\u00e1s p\u0159ipravuji<\/p>\t\t\t\t<\/div>\n\t\t\t\t<\/div>\n\t\t\t\t<\/div>\n\t\t\t\t\t<\/div>\n\t\t\t\t<\/div>\n\t\t\t\t<\/div>","protected":false},"excerpt":{"rendered":"<p>Projekty Tuto str\u00e1nku pro v\u00e1s p\u0159ipravuji<\/p>","protected":false},"author":1,"featured_media":15,"parent":0,"menu_order":30,"comment_status":"closed","ping_status":"closed","template":"elementor_canvas","meta":{"footnotes":""},"class_list":["post-738","page","type-page","status-publish","has-post-thumbnail","hentry"],"yoast_head":"<!-- This site is optimized with the Yoast SEO plugin v27.1.1 - https:\/\/yoast.com\/product\/yoast-seo-wordpress\/ -->\n<title>Projekty | ELEMENTER<\/title>\n<meta name=\"description\" content=\"Najdete zde zaj\u00edmav\u00e9 projekty z m\u00e9ho okol\u00ed \u2013 od technick\u00fdch vychyt\u00e1vek p\u0159es um\u011bleckou tvorbu a\u017e po origin\u00e1ln\u00ed n\u00e1pady, kter\u00e9 stoj\u00ed za sd\u00edlen\u00ed.\" \/>\n<meta name=\"robots\" content=\"index, follow, max-snippet:-1, max-image-preview:large, max-video-preview:-1\" \/>\n<link rel=\"canonical\" href=\"https:\/\/elementer.cz\/en\/projekty\/\" \/>\n<meta property=\"og:locale\" content=\"en_US\" \/>\n<meta property=\"og:type\" content=\"article\" \/>\n<meta property=\"og:title\" content=\"Projekty | ELEMENTER\" \/>\n<meta property=\"og:description\" content=\"Najdete zde zaj\u00edmav\u00e9 projekty z m\u00e9ho okol\u00ed \u2013 od technick\u00fdch vychyt\u00e1vek p\u0159es um\u011bleckou tvorbu a\u017e po origin\u00e1ln\u00ed n\u00e1pady, kter\u00e9 stoj\u00ed za sd\u00edlen\u00ed.\" \/>\n<meta property=\"og:url\" content=\"https:\/\/elementer.cz\/en\/projekty\/\" \/>\n<meta property=\"og:site_name\" content=\"ELEMENTER\" \/>\n<meta property=\"article:publisher\" content=\"https:\/\/www.facebook.com\/Elementer.cz\" \/>\n<meta property=\"article:modified_time\" content=\"2025-01-29T08:08:15+00:00\" \/>\n<meta property=\"og:image\" content=\"https:\/\/elementer.cz\/wp-content\/uploads\/preview_elementer_main_min.jpg\" \/>\n\t<meta property=\"og:image:width\" content=\"1000\" \/>\n\t<meta property=\"og:image:height\" content=\"600\" \/>\n\t<meta property=\"og:image:type\" content=\"image\/jpeg\" \/>\n<meta name=\"twitter:card\" content=\"summary_large_image\" \/>\n<meta name=\"twitter:label1\" content=\"Est. reading time\" \/>\n\t<meta name=\"twitter:data1\" content=\"1 minute\" \/>\n<script type=\"application\/ld+json\" class=\"yoast-schema-graph\">{\"@context\":\"https:\/\/schema.org\",\"@graph\":[{\"@type\":\"WebPage\",\"@id\":\"https:\/\/elementer.cz\/projekty\/\",\"url\":\"https:\/\/elementer.cz\/projekty\/\",\"name\":\"Projekty | ELEMENTER\",\"isPartOf\":{\"@id\":\"https:\/\/elementer.cz\/#website\"},\"primaryImageOfPage\":{\"@id\":\"https:\/\/elementer.cz\/projekty\/#primaryimage\"},\"image\":{\"@id\":\"https:\/\/elementer.cz\/projekty\/#primaryimage\"},\"thumbnailUrl\":\"https:\/\/elementer.cz\/wp-content\/uploads\/preview_elementer_main_min.jpg\",\"datePublished\":\"2025-01-28T16:14:18+00:00\",\"dateModified\":\"2025-01-29T08:08:15+00:00\",\"description\":\"Najdete zde zaj\u00edmav\u00e9 projekty z m\u00e9ho okol\u00ed \u2013 od technick\u00fdch vychyt\u00e1vek p\u0159es um\u011bleckou tvorbu a\u017e po origin\u00e1ln\u00ed n\u00e1pady, kter\u00e9 stoj\u00ed za sd\u00edlen\u00ed.\",\"breadcrumb\":{\"@id\":\"https:\/\/elementer.cz\/projekty\/#breadcrumb\"},\"inLanguage\":\"en-US\",\"potentialAction\":[{\"@type\":\"ReadAction\",\"target\":[\"https:\/\/elementer.cz\/projekty\/\"]}]},{\"@type\":\"ImageObject\",\"inLanguage\":\"en-US\",\"@id\":\"https:\/\/elementer.cz\/projekty\/#primaryimage\",\"url\":\"https:\/\/elementer.cz\/wp-content\/uploads\/preview_elementer_main_min.jpg\",\"contentUrl\":\"https:\/\/elementer.cz\/wp-content\/uploads\/preview_elementer_main_min.jpg\",\"width\":1000,\"height\":600,\"caption\":\"ELEMENTER LOGO\"},{\"@type\":\"BreadcrumbList\",\"@id\":\"https:\/\/elementer.cz\/projekty\/#breadcrumb\",\"itemListElement\":[{\"@type\":\"ListItem\",\"position\":1,\"name\":\"Dom\u016f\",\"item\":\"https:\/\/elementer.cz\/\"},{\"@type\":\"ListItem\",\"position\":2,\"name\":\"Projekty\"}]},{\"@type\":\"WebSite\",\"@id\":\"https:\/\/elementer.cz\/#website\",\"url\":\"https:\/\/elementer.cz\/\",\"name\":\"ELEMENTER\",\"description\":\"\",\"publisher\":{\"@id\":\"https:\/\/elementer.cz\/#organization\"},\"potentialAction\":[{\"@type\":\"SearchAction\",\"target\":{\"@type\":\"EntryPoint\",\"urlTemplate\":\"https:\/\/elementer.cz\/?s={search_term_string}\"},\"query-input\":{\"@type\":\"PropertyValueSpecification\",\"valueRequired\":true,\"valueName\":\"search_term_string\"}}],\"inLanguage\":\"en-US\"},{\"@type\":\"Organization\",\"@id\":\"https:\/\/elementer.cz\/#organization\",\"name\":\"ELEMENTER\",\"url\":\"https:\/\/elementer.cz\/\",\"logo\":{\"@type\":\"ImageObject\",\"inLanguage\":\"en-US\",\"@id\":\"https:\/\/elementer.cz\/#\/schema\/logo\/image\/\",\"url\":\"https:\/\/elementer.cz\/wp-content\/uploads\/logo_512_wround.png\",\"contentUrl\":\"https:\/\/elementer.cz\/wp-content\/uploads\/logo_512_wround.png\",\"width\":512,\"height\":512,\"caption\":\"ELEMENTER\"},\"image\":{\"@id\":\"https:\/\/elementer.cz\/#\/schema\/logo\/image\/\"},\"sameAs\":[\"https:\/\/www.facebook.com\/Elementer.cz\",\"https:\/\/www.instagram.com\/elementer.cz\/\"]}]}<\/script>\n<!-- \/ Yoast SEO plugin. -->","yoast_head_json":{"title":"Projekty | ELEMENTER","description":"Najdete zde zaj\u00edmav\u00e9 projekty z m\u00e9ho okol\u00ed \u2013 od technick\u00fdch vychyt\u00e1vek p\u0159es um\u011bleckou tvorbu a\u017e po origin\u00e1ln\u00ed n\u00e1pady, kter\u00e9 stoj\u00ed za sd\u00edlen\u00ed.","robots":{"index":"index","follow":"follow","max-snippet":"max-snippet:-1","max-image-preview":"max-image-preview:large","max-video-preview":"max-video-preview:-1"},"canonical":"https:\/\/elementer.cz\/en\/projekty\/","og_locale":"en_US","og_type":"article","og_title":"Projekty | ELEMENTER","og_description":"Najdete zde zaj\u00edmav\u00e9 projekty z m\u00e9ho okol\u00ed \u2013 od technick\u00fdch vychyt\u00e1vek p\u0159es um\u011bleckou tvorbu a\u017e po origin\u00e1ln\u00ed n\u00e1pady, kter\u00e9 stoj\u00ed za sd\u00edlen\u00ed.","og_url":"https:\/\/elementer.cz\/en\/projekty\/","og_site_name":"ELEMENTER","article_publisher":"https:\/\/www.facebook.com\/Elementer.cz","article_modified_time":"2025-01-29T08:08:15+00:00","og_image":[{"width":1000,"height":600,"url":"https:\/\/elementer.cz\/wp-content\/uploads\/preview_elementer_main_min.jpg","type":"image\/jpeg"}],"twitter_card":"summary_large_image","twitter_misc":{"Est. reading time":"1 minute"},"schema":{"@context":"https:\/\/schema.org","@graph":[{"@type":"WebPage","@id":"https:\/\/elementer.cz\/projekty\/","url":"https:\/\/elementer.cz\/projekty\/","name":"Projekty | ELEMENTER","isPartOf":{"@id":"https:\/\/elementer.cz\/#website"},"primaryImageOfPage":{"@id":"https:\/\/elementer.cz\/projekty\/#primaryimage"},"image":{"@id":"https:\/\/elementer.cz\/projekty\/#primaryimage"},"thumbnailUrl":"https:\/\/elementer.cz\/wp-content\/uploads\/preview_elementer_main_min.jpg","datePublished":"2025-01-28T16:14:18+00:00","dateModified":"2025-01-29T08:08:15+00:00","description":"Najdete zde zaj\u00edmav\u00e9 projekty z m\u00e9ho okol\u00ed \u2013 od technick\u00fdch vychyt\u00e1vek p\u0159es um\u011bleckou tvorbu a\u017e po origin\u00e1ln\u00ed n\u00e1pady, kter\u00e9 stoj\u00ed za sd\u00edlen\u00ed.","breadcrumb":{"@id":"https:\/\/elementer.cz\/projekty\/#breadcrumb"},"inLanguage":"en-US","potentialAction":[{"@type":"ReadAction","target":["https:\/\/elementer.cz\/projekty\/"]}]},{"@type":"ImageObject","inLanguage":"en-US","@id":"https:\/\/elementer.cz\/projekty\/#primaryimage","url":"https:\/\/elementer.cz\/wp-content\/uploads\/preview_elementer_main_min.jpg","contentUrl":"https:\/\/elementer.cz\/wp-content\/uploads\/preview_elementer_main_min.jpg","width":1000,"height":600,"caption":"ELEMENTER LOGO"},{"@type":"BreadcrumbList","@id":"https:\/\/elementer.cz\/projekty\/#breadcrumb","itemListElement":[{"@type":"ListItem","position":1,"name":"Dom\u016f","item":"https:\/\/elementer.cz\/"},{"@type":"ListItem","position":2,"name":"Projekty"}]},{"@type":"WebSite","@id":"https:\/\/elementer.cz\/#website","url":"https:\/\/elementer.cz\/","name":"ELEMENTER","description":"","publisher":{"@id":"https:\/\/elementer.cz\/#organization"},"potentialAction":[{"@type":"SearchAction","target":{"@type":"EntryPoint","urlTemplate":"https:\/\/elementer.cz\/?s={search_term_string}"},"query-input":{"@type":"PropertyValueSpecification","valueRequired":true,"valueName":"search_term_string"}}],"inLanguage":"en-US"},{"@type":"Organization","@id":"https:\/\/elementer.cz\/#organization","name":"ELEMENTER","url":"https:\/\/elementer.cz\/","logo":{"@type":"ImageObject","inLanguage":"en-US","@id":"https:\/\/elementer.cz\/#\/schema\/logo\/image\/","url":"https:\/\/elementer.cz\/wp-content\/uploads\/logo_512_wround.png","contentUrl":"https:\/\/elementer.cz\/wp-content\/uploads\/logo_512_wround.png","width":512,"height":512,"caption":"ELEMENTER"},"image":{"@id":"https:\/\/elementer.cz\/#\/schema\/logo\/image\/"},"sameAs":["https:\/\/www.facebook.com\/Elementer.cz","https:\/\/www.instagram.com\/elementer.cz\/"]}]}},"_links":{"self":[{"href":"https:\/\/elementer.cz\/en\/wp-json\/wp\/v2\/pages\/738","targetHints":{"allow":["GET"]}}],"collection":[{"href":"https:\/\/elementer.cz\/en\/wp-json\/wp\/v2\/pages"}],"about":[{"href":"https:\/\/elementer.cz\/en\/wp-json\/wp\/v2\/types\/page"}],"author":[{"embeddable":true,"href":"https:\/\/elementer.cz\/en\/wp-json\/wp\/v2\/users\/1"}],"replies":[{"embeddable":true,"href":"https:\/\/elementer.cz\/en\/wp-json\/wp\/v2\/comments?post=738"}],"version-history":[{"count":7,"href":"https:\/\/elementer.cz\/en\/wp-json\/wp\/v2\/pages\/738\/revisions"}],"predecessor-version":[{"id":1045,"href":"https:\/\/elementer.cz\/en\/wp-json\/wp\/v2\/pages\/738\/revisions\/1045"}],"wp:featuredmedia":[{"embeddable":true,"href":"https:\/\/elementer.cz\/en\/wp-json\/wp\/v2\/media\/15"}],"wp:attachment":[{"href":"https:\/\/elementer.cz\/en\/wp-json\/wp\/v2\/media?parent=738"}],"curies":[{"name":"wp","href":"https:\/\/api.w.org\/{rel}","templated":true}]}}